{"id":1173,"date":"2021-12-13T15:33:39","date_gmt":"2021-12-13T14:33:39","guid":{"rendered":"https:\/\/www.konvergencie.sk\/shop\/?post_type=product&#038;p=1173"},"modified":"2025-12-07T14:05:56","modified_gmt":"2025-12-07T13:05:56","slug":"soli-deo-gloria","status":"publish","type":"product","link":"https:\/\/www.konvergencie.sk\/shop\/produkt\/soli-deo-gloria\/","title":{"rendered":"Soli Deo Gloria (Michalko-Barto\u0161-Lupt\u00e1k-Lenko)"},"content":{"rendered":"<p><strong>Viac o titule<\/strong><\/p>\n<p>\u201eSoli Deo Gloria\u201c (Sl\u00e1va jedin\u00e9mu Bohu), t\u00fdmito slovami kon\u010dieval Johann Sebastian Bach svoje partit\u00fary. Koncert z\u00a0festivalu Konvergencie s\u00a0takmer mystickou atmosf\u00e9rou zostaven\u00fd z diel Bacha, Oliviera Messiaena, Johanna Christiana Heinricha Rincka a improviz\u00e1ci\u00ed je poctou kr\u00e1\u013eovsk\u00e9mu n\u00e1stroju, jeho majstrom i umeniu jubiluj\u00faceho slovensk\u00e9ho organistu, pedag\u00f3ga a\u00a0dlhoro\u010dn\u00e9ho kantora vo Ve\u013ekom evanjelickom kostole J\u00e1na Vladim\u00edra Michalka, pre ktor\u00e9ho bol z\u00e1rove\u0148 posledn\u00fdm vyst\u00fapen\u00edm jeho koncertnej kari\u00e9ry. Spolu s\u00a0priate\u013emi hudobn\u00edkmi Jurajom Barto\u0161om, Borisom Lenkom a\u00a0Jozefom Lupt\u00e1kom priniesli nezabudnute\u013en\u00fd z\u00e1\u017eitok n\u00e1v\u0161tevn\u00edkom a\u00a0na tomto albume ho prin\u00e1\u0161ame aj v\u00e1m.<\/p>\n<p><strong>Album obsahuje:<\/strong>\u00a0hudobn\u00e9 <u>CD<\/u>, booklet, k\u00f3d na stiahnutie audios\u00faborov<\/p>\n<p><strong>Autori:<\/strong> Bach \/ Rinck \/ Messiaen \/ improviz\u00e1cie<\/p>\n<p><strong>Vydavate\u013e:<\/strong> Konvergencie, 2021<\/p>\n<p><strong>Ed\u00edcia:<\/strong> Konvergencie LIVE<\/p>\n<p><strong>SOZA &#8211; BIEM:<\/strong> 1749-008-2<\/p>\n<p><strong>EAN: <\/strong>8 588006 338072<\/p>\n<p><strong>dramaturgia koncertu \/ dramatrugy: <\/strong>J\u00e1n Vladim\u00edr Michalko<\/p>\n<p><strong>nahr\u00e1vka \/ recording engineer: <\/strong>Martin \u010cema, Cobra Sound<\/p>\n<p><strong>mix &amp; mastering: <\/strong>Martin \u010cema, Jozef Lupt\u00e1k, Boris Lenko, Andrej \u0160uba<\/p>\n<p><strong>Zoznam skladieb<\/strong><\/p>\n<ol>\n<li><strong>Johann Christian Heinrich RINCK <\/strong>(1770 \u2013 1846)<br \/>\n<em>Prel\u00fadium a f\u00faga na B-A-C-H<\/em> \/ <em>Prelude and Fugue on B-A-C-H<br \/>\n<\/em>(from <em>Praktische Orgelschule, Op. 55, Vol. 6, No. 195<\/em>)<br \/>\nV. Michalko<\/li>\n<li><em>Improviz\u00e1cia na B-A-C-H \u00a0I<\/em> <em>\/ Improvisation on B-A-C-H I<br \/>\nJ. <\/em>Barto\u0161<\/li>\n<li><em>Improviz\u00e1cia na B-A-C-H \u00a0II<\/em> <em>\/ Improvisation on B-A-C-H II<br \/>\n<\/em>B. Lenko<\/li>\n<li><em>Improviz\u00e1cia na B-A-C-H \u00a0III<\/em> <em>\/ Improvisation on B-A-C-H III<br \/>\n<\/em>J. Lupt\u00e1k<\/li>\n<li><em>Improviz\u00e1cia na B-A-C-H \u00a0IV<\/em> <em>\/ Improvisation on B-A-C-H IV<br \/>\nJ. <\/em>Barto\u0161, J. Lupt\u00e1k<\/li>\n<li><em>Improviz\u00e1cia na B-A-C-H \u00a0V<\/em> <em>\/ Improvisation on B-A-C-H V<br \/>\n<\/em>J. V. Michalko<\/li>\n<li><strong>Johann Sebastian BACH <\/strong>(1685 \u20131750)<br \/>\n<em>Chor\u00e1lov\u00e1 predohra \u201eIch ruf zu dir, Herr Jesu Christ\u201c BWV 639 \/ Chorale Prelude &#8222;Ich ruf zu dir Herr Jesu Christ&#8220; BWV 639 <\/em>(from <em>Orgelb\u00fcchlein BWV 599 \u2013 644<\/em>)<br \/>\nJ. V. Michalko<\/li>\n<li><strong>Olivier MESSIAEN <\/strong>(1908 \u2013 1992)<br \/>\nI.<em> Adoro Te \/ I\u00a0Adore Thee<\/em>: \u201eJe vous adore, \u00f4 Divinit\u00e9 cach\u00e9e!\u201c (\u201eVz\u00fdvam \u0164a v pokore, skryt\u00e1 Bo\u017eskos\u0165!\u201c) (from <em>Livre du Saint-Sacrement<\/em>)<br \/>\nJ. V. Michalko<\/li>\n<li><strong>Olivier MESSIAEN <\/strong>(1908 \u2013 1992)<br \/>\n<em>Le Banquet C\u00e9leste<\/em>: \u201eCelui qu mange ma chair et boit mong sang demeure en moi et moi en lui.\u201c (\u201eKto je moje telo a pije moju krv zost\u00e1va vo mne a ja v\u00a0\u0148om.\u201c J\u00e1n 6, 56)<br \/>\nJ. V. Michalko<\/li>\n<li>Improviz\u00e1cia na mod\u00e1lnu t\u00e9mu (Modus 1 O. Messiaena) \/ Improvisation on Messiaen\u2019s Modus 1<br \/>\nJ. Lupt\u00e1k, B. Lenko, J. Barto\u0161, J. V. Michalko<\/li>\n<li>Soli Deo Gloria \/ pr\u00edhovor \/ J\u00e1n Vladim\u00edr Michalko<\/li>\n<\/ol>\n","protected":false},"excerpt":{"rendered":"<p>Nahr\u00e1vka z koncertu vo Ve\u013ekom evanjelickom kostole v Bratislave 18. 9. 2021 po\u010das 22. ro\u010dn\u00edka medzin\u00e1rodn\u00e9ho festivalu komornej hudby Konvergencie<\/p>\n<p><a class=\"gombik\" href=\"https:\/\/konvergencie.bandcamp.com\/album\/soli-deo-gloria\">K\u00fapi\u0165 digit\u00e1lny album<\/a><\/p>\n","protected":false},"featured_media":1984,"template":"","meta":[],"product_brand":[],"product_cat":[16],"product_tag":[],"class_list":{"0":"post-1173","1":"product","2":"type-product","3":"status-publish","4":"has-post-thumbnail","6":"product_cat-cd","8":"first","9":"instock","10":"shipping-taxable","11":"purchasable","12":"product-type-simple"},"supplier_id":null,"supplier_sku":"","barcode":null,"atum_controlled":true,"out_stock_date":null,"out_stock_threshold":null,"inheritable":false,"inbound_stock":0,"stock_on_hold":0,"sold_today":0,"sales_last_days":0,"reserved_stock":0,"customer_returns":0,"warehouse_damage":0,"lost_in_post":0,"other_logs":0,"out_stock_days":0,"lost_sales":0,"has_location":false,"update_date":"2026-04-28T23:23:51","atum_locations":[],"atum_stock_status":"instock","restock_status":false,"low_stock_amount":0,"sales_update_date":"2026-04-28T23:23:51","calc_backorders":0,"_links":{"self":[{"href":"https:\/\/www.konvergencie.sk\/shop\/wp-json\/wp\/v2\/product\/1173","targetHints":{"allow":["GET"]}}],"collection":[{"href":"https:\/\/www.konvergencie.sk\/shop\/wp-json\/wp\/v2\/product"}],"about":[{"href":"https:\/\/www.konvergencie.sk\/shop\/wp-json\/wp\/v2\/types\/product"}],"wp:featuredmedia":[{"embeddable":true,"href":"https:\/\/www.konvergencie.sk\/shop\/wp-json\/wp\/v2\/media\/1984"}],"wp:attachment":[{"href":"https:\/\/www.konvergencie.sk\/shop\/wp-json\/wp\/v2\/media?parent=1173"}],"wp:term":[{"taxonomy":"product_brand","embeddable":true,"href":"https:\/\/www.konvergencie.sk\/shop\/wp-json\/wp\/v2\/product_brand?post=1173"},{"taxonomy":"product_cat","embeddable":true,"href":"https:\/\/www.konvergencie.sk\/shop\/wp-json\/wp\/v2\/product_cat?post=1173"},{"taxonomy":"product_tag","embeddable":true,"href":"https:\/\/www.konvergencie.sk\/shop\/wp-json\/wp\/v2\/product_tag?post=1173"}],"curies":[{"name":"wp","href":"https:\/\/api.w.org\/{rel}","templated":true}]}}