{"id":1177,"date":"2021-12-13T15:33:39","date_gmt":"2021-12-13T14:33:39","guid":{"rendered":"https:\/\/www.konvergencie.sk\/shop\/?post_type=product&#038;p=1177"},"modified":"2025-12-02T21:17:25","modified_gmt":"2025-12-02T20:17:25","slug":"soli-deo-gloria-2","status":"publish","type":"product","link":"https:\/\/www.konvergencie.sk\/shop\/en\/produkt\/soli-deo-gloria-2\/","title":{"rendered":"Soli Deo Gloria (Michalko-Barto\u0161-Lupt\u00e1k-Lenko)"},"content":{"rendered":"<p><strong>More about the title<\/strong><\/p>\n<p>&#8222;Soli Deo Gloria&#8220; (Glory to God alone), these are the words with which Johann Sebastian Bach ended his scores. The concert from the Konvergencie Festival with an almost mystical atmosphere, composed of works by Bach, Olivier Messiaen, Johann Christian Heinrich Rinck and improvisations, is a tribute to the royal instrument, its masters and the art of the jubilant Slovak organist, teacher and long-time cantor at the Great Evangelical Church J\u00e1n Vladim\u00edr Michalko, for whom it was also the last performance of his concert career. Together with his musician friends Juraj Barto\u0161, Boris Lenko and Jozef Lupt\u00e1k, they brought an unforgettable experience to the visitors and we bring it to you on this album.<\/p>\n<p><strong>The album contains:<\/strong> music CD, booklet, code for downloading audio files<\/p>\n<p><strong>Authors:<\/strong> Bach \/ Rinck \/ Messiaen \/ improvisations<\/p>\n<p><strong>Publisher:<\/strong> Konvergencie, 2021<\/p>\n<p><strong>Edition:<\/strong> Konvergencie LIVE<\/p>\n<p><strong>SOZA &#8211; BIEM:<\/strong> 1749-008-2<\/p>\n<p><strong>EAN:<\/strong> 8 588006 338072<\/p>\n<p><strong>concert dramaturgy \/ dramaturgy:<\/strong> J\u00e1n Vladim\u00edr Michalko<\/p>\n<p><strong>record \/ recording engineer:<\/strong> Martin \u010cema, Cobra Sound<\/p>\n<p><strong>mix &amp; mastering:<\/strong> Martin \u010cema, Jozef Lupt\u00e1k, Boris Lenko, Andrej \u0160uba<\/p>\n<p><strong>Track list<\/strong><\/p>\n<ol>\n<li><strong>Johann Christian Heinrich RINCK<\/strong> (1770 &#8211; 1846)<br \/>\n<em>Prelude and Fugue on B-A-C-H<\/em><br \/>\n<em>(from Praktische Orgelschule, Op. 55, Vol. 6, No. 195)<\/em><br \/>\nJ. V. Michalko<\/li>\n<li><em>Improvisation on B-A-C-H I \/ Improvisation on B-A-C-H I<\/em><br \/>\nJ. Barto\u0161<\/li>\n<li><em>Improviz\u00e1cia na B-A-C-H II \/ Improvisation on B-A-C-H II<\/em><br \/>\nB. Lenko<\/li>\n<li><em>Improvisation on B-A-C-H III \/ Improvisation on B-A-C-H III<\/em><br \/>\nJ. Lupt\u00e1k<\/li>\n<li><em>Improvisation on B-A-C-H IV \/ Improvisation on B-A-C-H IV<\/em><br \/>\nJ. Barto\u0161, J. Lupt\u00e1k<\/li>\n<li><em>Improvisation on B-A-C-H V \/ Improvisation on B-A-C-H V<\/em><br \/>\nJ. V. Michalko<\/li>\n<li><strong>Johann Sebastian BACH<\/strong> (1685 -1750)<br \/>\n<em>Chorale Prelude &#8222;Ich ruf zu dir, Herr Jesu Christ&#8220; BWV 639 \/ Chorale Prelude &#8222;Ich ruf zu dir Herr Jesu Christ&#8220; BWV 639 (from Orgelb\u00fcchlein BWV 599 &#8211; 644)<\/em><br \/>\nJ. V. Michalko<\/li>\n<li><strong>Olivier MESSIAEN<\/strong> (1908 &#8211; 1992)<br \/>\n<em>I. Adoro Te \/ I Adore Thee: &#8222;Je vous adore, \u00f4 Divinit\u00e9 cach\u00e9e!&#8220; (&#8222;I invoke you in humility, hidden Divinity!&#8220;) (from Livre du Saint-Sacrement)<\/em><br \/>\nJ. V. Michalko<\/li>\n<li><strong>Olivier MESSIAEN<\/strong> (1908 &#8211; 1992)<br \/>\n<em>Le Banquet C\u00e9leste: &#8222;Celui qu mange ma chair et boit mong sang demeure en moi et moi en lui.&#8220; (&#8222;Whoever eats my flesh and drinks my blood abides in me and I in him.&#8220; John 6:56)<\/em><br \/>\nJ. V. Michalko<\/li>\n<li><em>Improvisation on Messiaen&#8217;s Modus 1 \/ Improvisation on Messiaen&#8217;s Modus 1<\/em><br \/>\nJ. Lupt\u00e1k, B. Lenko, J. Barto\u0161, J. V. Michalko<\/li>\n<li>Soli Deo Gloria \/ speech \/ J\u00e1n Vladim\u00edr Michalko<\/li>\n<\/ol>\n","protected":false},"excerpt":{"rendered":"<p>recording from the concert at the Great Evangelical Church in Bratislava on 18 September 2021 during the 22nd International Chamber Music Festival Konvergencie<\/p>\n<p><a class=\"gombik\" href=\"https:\/\/konvergencie.bandcamp.com\/album\/soli-deo-gloria\">Buy digital album<\/a><\/p>\n","protected":false},"featured_media":1950,"template":"","meta":[],"product_brand":[],"product_cat":[54],"product_tag":[],"class_list":{"0":"post-1177","1":"product","2":"type-product","3":"status-publish","4":"has-post-thumbnail","6":"product_cat-cd-en","8":"first","9":"instock","10":"shipping-taxable","11":"purchasable","12":"product-type-simple"},"supplier_id":null,"supplier_sku":"","barcode":null,"atum_controlled":true,"out_stock_date":null,"out_stock_threshold":null,"inheritable":false,"inbound_stock":0,"stock_on_hold":0,"sold_today":0,"sales_last_days":0,"reserved_stock":0,"customer_returns":0,"warehouse_damage":0,"lost_in_post":0,"other_logs":0,"out_stock_days":0,"lost_sales":0,"has_location":false,"update_date":"2026-04-28T23:23:49","atum_locations":[],"atum_stock_status":"instock","restock_status":false,"low_stock_amount":0,"sales_update_date":"2026-04-28T23:23:49","calc_backorders":0,"_links":{"self":[{"href":"https:\/\/www.konvergencie.sk\/shop\/wp-json\/wp\/v2\/product\/1177","targetHints":{"allow":["GET"]}}],"collection":[{"href":"https:\/\/www.konvergencie.sk\/shop\/wp-json\/wp\/v2\/product"}],"about":[{"href":"https:\/\/www.konvergencie.sk\/shop\/wp-json\/wp\/v2\/types\/product"}],"wp:featuredmedia":[{"embeddable":true,"href":"https:\/\/www.konvergencie.sk\/shop\/wp-json\/wp\/v2\/media\/1950"}],"wp:attachment":[{"href":"https:\/\/www.konvergencie.sk\/shop\/wp-json\/wp\/v2\/media?parent=1177"}],"wp:term":[{"taxonomy":"product_brand","embeddable":true,"href":"https:\/\/www.konvergencie.sk\/shop\/wp-json\/wp\/v2\/product_brand?post=1177"},{"taxonomy":"product_cat","embeddable":true,"href":"https:\/\/www.konvergencie.sk\/shop\/wp-json\/wp\/v2\/product_cat?post=1177"},{"taxonomy":"product_tag","embeddable":true,"href":"https:\/\/www.konvergencie.sk\/shop\/wp-json\/wp\/v2\/product_tag?post=1177"}],"curies":[{"name":"wp","href":"https:\/\/api.w.org\/{rel}","templated":true}]}}