{"id":1188,"date":"2021-12-13T15:33:39","date_gmt":"2021-12-13T14:33:39","guid":{"rendered":"https:\/\/www.konvergencie.sk\/shop\/?post_type=product&#038;p=1188"},"modified":"2025-05-22T15:57:28","modified_gmt":"2025-05-22T13:57:28","slug":"soli-deo-gloria-3","status":"publish","type":"product","link":"https:\/\/www.konvergencie.sk\/shop\/de\/produkt\/soli-deo-gloria-3\/","title":{"rendered":"Soli Deo Gloria (Michalko-Barto\u0161-Lupt\u00e1k-Lenko)"},"content":{"rendered":"<p><strong>Mehr \u00fcber den Titel<\/strong><\/p>\n<p>&#8222;Soli Deo Gloria&#8220; (Ehre sei Gott allein), mit diesen Worten beendete Johann Sebastian Bach seine Partituren. Das Konzert des Konvergencie-Festivals mit einer fast mystischen Atmosph\u00e4re aus Werken von Bach, Olivier Messiaen, Johann Christian Heinrich Rinck und Improvisationen ist eine Hommage an das k\u00f6nigliche Instrument, seine Meister und die Kunst des jubilierenden slowakischen Organisten, Lehrers und langj\u00e4hrigen Kantors an der Gro\u00dfen Evangelischen Kirche J\u00e1n Vladim\u00edr Michalko, f\u00fcr den es auch der letzte Auftritt seiner Konzertkarriere war. Zusammen mit seinen Musikerfreunden Juraj Barto\u0161, Boris Lenko und Jozef Lupt\u00e1k haben sie den Besuchern ein unvergessliches Erlebnis beschert, das wir Ihnen auf diesem Album pr\u00e4sentieren.<\/p>\n<p><strong>Das Album enth\u00e4lt:<\/strong> Musik-CD, Booklet, Code zum Herunterladen von Audiodateien<\/p>\n<p><strong>Die Autoren:<\/strong> Bach \/ Rinck \/ Messiaen \/ Improvisationen<\/p>\n<p><strong>Herausgeber:<\/strong> Konvergencie, 2021<\/p>\n<p><strong>Auflage:<\/strong> Konvergencie LIVE<\/p>\n<p><strong>SOZA &#8211; BIEM:<\/strong> 1749-008-2<\/p>\n<p><strong>EAN:<\/strong> 8 588006 338072<\/p>\n<p><strong>Konzertdramaturgie \/ Dramaturgie:<\/strong> J\u00e1n Vladim\u00edr Michalko<\/p>\n<p><strong>Aufnahme \/ recording engineer:<\/strong> Martin \u010cema, Cobra Sound<\/p>\n<p><strong>Mix &amp; mastering: <\/strong>Martin \u010cema, Jozef Lupt\u00e1k, Boris Lenko, Andrej \u0160uba<\/p>\n<p><strong>Titelliste<\/strong><\/p>\n<ol>\n<li><strong>Johann Christian Heinrich RINCK<\/strong> (1770 &#8211; 1846)<br \/>\n<em>Pr\u00e4ludium und Fuge \u00fcber B-A-C-H<\/em><br \/>\n<em>(aus Praktische Orgelschule, Op. 55, Bd. 6, Nr. 195)<\/em><br \/>\nJ .V. Michalko<\/li>\n<li><em>Improvisation \u00fcber B-A-C-H I \/ Improvisation \u00fcber B-A-C-H I<\/em><br \/>\nJ. Barto\u0161<\/li>\n<li><em>Improviz\u00e1cia na B-A-C-H II \/ Improvisation \u00fcber B-A-C-H II<\/em><br \/>\nB. Lenko<\/li>\n<li><em>Improvisation \u00fcber B-A-C-H III \/ Improvisation \u00fcber B-A-C-H III<\/em><br \/>\nJ. Lupt\u00e1k<\/li>\n<li><em>Improvisation \u00fcber B-A-C-H IV \/ Improvisation \u00fcber B-A-C-H IV<\/em><br \/>\nJ. Barto\u0161, J. Lupt\u00e1k<\/li>\n<li><em>Improvisation \u00fcber B-A-C-H V \/ Improvisation \u00fcber B-A-C-H V<\/em><br \/>\nJ. V. Michalko<\/li>\n<li><strong>Johann Sebastian BACH<\/strong> (1685 -1750)<br \/>\n<em>Choralvorspiel &#8222;Ich ruf zu dir, Herr Jesu Christ&#8220; BWV 639 \/ Choralvorspiel &#8222;Ich ruf zu dir Herr Jesu Christ&#8220; BWV 639 (aus Orgelb\u00fcchlein BWV 599 &#8211; 644)<\/em><br \/>\nJ. V. Michalko<\/li>\n<li><strong>Olivier MESSIAEN<\/strong> (1908 &#8211; 1992)<br \/>\n<em>I. Adoro Te \/ Ich bete dich an: &#8222;Je vous adore, \u00f4 Divinit\u00e9 cach\u00e9e!&#8220; (&#8222;Ich rufe dich in Demut an, verborgene Gottheit!&#8220;) (aus Livre du Saint-Sacrement)<\/em><br \/>\nJ. V. Michalko<\/li>\n<li><strong>Olivier MESSIAEN<\/strong> (1908 &#8211; 1992)<br \/>\n<em>Le Banquet C\u00e9leste: &#8222;Celui qu mange ma chair et boit mong sang demeure en moi et moi en lui.&#8220; (&#8222;Wer mein Fleisch isst und mein Blut trinkt, der bleibt in mir und ich in ihm&#8220;, Johannes 6:56)<\/em><br \/>\nJ. V. Michalko<\/li>\n<li><em>Improvisation \u00fcber Messiaen&#8217;s Modus 1 \/ Improvisation \u00fcber Messiaen&#8217;s Modus 1<\/em><br \/>\nJ. Lupt\u00e1k, B. Lenko, J. Barto\u0161, J. V. Michalko<\/li>\n<li>Soli Deo Gloria \/ Rede \/ J\u00e1n Vladim\u00edr Michalko<\/li>\n<\/ol>\n","protected":false},"excerpt":{"rendered":"<p>Mitschnitt des Konzerts in der Gro\u00dfen Evangelischen Kirche in Bratislava am 18. September 2021 im Rahmen des 22. Internationalen Kammermusikfestivals Konvergencie<\/p>\n<p><a class=\"gombik\" href=\"https:\/\/konvergencie.bandcamp.com\/album\/soli-deo-gloria\">Digitales Album kaufen<\/a><\/p>\n","protected":false},"featured_media":1985,"template":"","meta":[],"product_brand":[],"product_cat":[56],"product_tag":[],"class_list":{"0":"post-1188","1":"product","2":"type-product","3":"status-publish","4":"has-post-thumbnail","6":"product_cat-cd-de","8":"first","9":"instock","10":"shipping-taxable","11":"purchasable","12":"product-type-simple"},"supplier_id":null,"supplier_sku":"","barcode":null,"atum_controlled":true,"out_stock_date":null,"out_stock_threshold":null,"inheritable":false,"inbound_stock":0,"stock_on_hold":0,"sold_today":0,"sales_last_days":0,"reserved_stock":0,"customer_returns":0,"warehouse_damage":0,"lost_in_post":0,"other_logs":0,"out_stock_days":0,"lost_sales":0,"has_location":false,"update_date":"2026-04-28T23:23:48","atum_locations":[],"atum_stock_status":"instock","restock_status":false,"low_stock_amount":0,"sales_update_date":"2026-04-28T23:23:48","calc_backorders":0,"_links":{"self":[{"href":"https:\/\/www.konvergencie.sk\/shop\/wp-json\/wp\/v2\/product\/1188","targetHints":{"allow":["GET"]}}],"collection":[{"href":"https:\/\/www.konvergencie.sk\/shop\/wp-json\/wp\/v2\/product"}],"about":[{"href":"https:\/\/www.konvergencie.sk\/shop\/wp-json\/wp\/v2\/types\/product"}],"wp:featuredmedia":[{"embeddable":true,"href":"https:\/\/www.konvergencie.sk\/shop\/wp-json\/wp\/v2\/media\/1985"}],"wp:attachment":[{"href":"https:\/\/www.konvergencie.sk\/shop\/wp-json\/wp\/v2\/media?parent=1188"}],"wp:term":[{"taxonomy":"product_brand","embeddable":true,"href":"https:\/\/www.konvergencie.sk\/shop\/wp-json\/wp\/v2\/product_brand?post=1188"},{"taxonomy":"product_cat","embeddable":true,"href":"https:\/\/www.konvergencie.sk\/shop\/wp-json\/wp\/v2\/product_cat?post=1188"},{"taxonomy":"product_tag","embeddable":true,"href":"https:\/\/www.konvergencie.sk\/shop\/wp-json\/wp\/v2\/product_tag?post=1188"}],"curies":[{"name":"wp","href":"https:\/\/api.w.org\/{rel}","templated":true}]}}