{"id":1219,"date":"2022-05-11T00:07:18","date_gmt":"2022-05-10T22:07:18","guid":{"rendered":"https:\/\/www.konvergencie.sk\/shop\/?post_type=product&#038;p=1219"},"modified":"2025-12-07T14:23:22","modified_gmt":"2025-12-07T13:23:22","slug":"alessandro-baricco-hegels-seele-und-die-kuehe-von-wisconsin","status":"publish","type":"product","link":"https:\/\/www.konvergencie.sk\/shop\/de\/produkt\/alessandro-baricco-hegels-seele-und-die-kuehe-von-wisconsin\/","title":{"rendered":"Alessandro Baricco: Hegelova du\u0161a a kravy z Wisconsinu (SK)"},"content":{"rendered":"<p><strong>Mehr \u00fcber den Titel<\/strong><\/p>\n<p>Alessandro Baricco begann als Musikkritiker bei La Stampa und La Repubblica. Seine Reflexionen \u00fcber Musik und Musiker sind in seinen B\u00fcchern Genius on the Run (\u00fcber Rossini, 1988) und Hegels Seele und die K\u00fche von Wisconsin (1992) erschienen. In einem Quartett philosophisch-\u00e4sthetischer Essays erforscht er die Beziehungen zwischen Musik und Moderne, Interpretation, Rezeption und Wahrnehmung und reflektiert \u00fcber den Wert der Musik f\u00fcr die Gesellschaft. In diesem Zusammenhang f\u00fchrt er den Begriff musica colta (&#8222;edle Musik&#8220;) ein. Er versteht sie als Musik, die kein Museumsst\u00fcck, kein Zeitvertreib oder Konsumgut ist, sondern in einen Dialog mit der Gegenwart tritt. Dies geschieht durch Interpretation, die gleichzeitig Trauma, Schock und Erleuchtung sein muss. Bariccos Polemik gegen die konservativen ideologischen Annahmen der so genannten Neuen Musik war auch in den fr\u00fchen 1990er Jahren aktuell.<\/p>\n<p><strong>\u00dcber den Autor<\/strong><\/p>\n<p>Der italienische Schriftsteller, Essayist, Dramatiker und Drehbuchautor Alessandro Baricco (geb. 1958, Turin) studierte Philosophie, Musikwissenschaft und Klavier. Sein Deb\u00fct, Castles of Rage (1991), gewann Preise im In- und Ausland. Sein n\u00e4chstes Werk, The Ocean of the Sea (1993), wurde sein erster Bestseller. Der internationale Erfolg von Silk (1996) hat Baricco, dessen Poesie und Erz\u00e4hlkunst von Lesern und Kritikern in aller Welt gelobt werden, zu einem der meistgelesenen und meist\u00fcbersetzten Autoren der Gegenwart gemacht. Einige seiner Werke wurden verfilmt. Zum Beispiel Silk (2007, Regie: F. Girard) oder der Theatermonolog One Thousand Nine Hundred, die literarische Vorlage f\u00fcr Tornatores The Legend of the Pianist (1998). In Bariccos Texten finden sich sowohl \u00dcberschneidungen zwischen Musik und Sprache als auch musikalische Motive, die Teil der Handlung sind. Bereits im ersten Roman, Die Schl\u00f6sser des Zorns, begegnet der Leser einem seltsamen Instrument, das aus menschlichen Stimmen besteht, dem Humaphon. Marina Spunta schreibt in Voicing the Word, dass der Versuch, die &#8222;Musik der Stimme&#8220; wiederzugeben, ein wichtiger Bestandteil von Bariccos Schreibstil ist. Viele seiner Werke sind in slowakischer \u00dcbersetzung erh\u00e4ltlich.<\/p>\n<p><strong>\u00dcbersetzung:<\/strong> Stanislaw Vallo<\/p>\n<p><strong>Anzahl der Seiten:<\/strong> 80 Seiten<\/p>\n<p><strong>Einband:<\/strong> Taschenbuch<\/p>\n<p><strong>Herausgeber:<\/strong> Artforum und Konvergencie, 2022<\/p>\n<p><strong>EAN:<\/strong> 9788081503726<\/p>\n","protected":false},"excerpt":{"rendered":"<p><strong>(Buch, Aufs\u00e4tze)<\/strong><\/p>\n<p><strong>Konvergencie, Artforum<\/strong><\/p>\n<p>Eine Sammlung philosophischer und \u00e4sthetischer Essays von Alessandro Baricco, italienischer Schriftsteller, Essayist, Dramatiker und Drehbuchautor, in denen er die Beziehungen zwischen Musik und Modernit\u00e4t, Interpretation, Rezeption und Wahrnehmung untersucht und \u00fcber den Wert der Musik f\u00fcr die Gesellschaft nachdenkt. Der Titel wird von Konvergencie in Zusammenarbeit mit dem Verlag Artforum ver\u00f6ffentlicht und von Stanislav Vallo \u00fcbersetzt.<\/p>\n","protected":false},"featured_media":2002,"template":"","meta":[],"product_brand":[],"product_cat":[80],"product_tag":[],"class_list":{"0":"post-1219","1":"product","2":"type-product","3":"status-publish","4":"has-post-thumbnail","6":"product_cat-andere","8":"first","9":"instock","10":"shipping-taxable","11":"purchasable","12":"product-type-simple"},"supplier_id":null,"supplier_sku":"","barcode":null,"atum_controlled":true,"out_stock_date":null,"out_stock_threshold":null,"inheritable":false,"inbound_stock":0,"stock_on_hold":0,"sold_today":0,"sales_last_days":0,"reserved_stock":0,"customer_returns":0,"warehouse_damage":0,"lost_in_post":0,"other_logs":0,"out_stock_days":0,"lost_sales":0,"has_location":false,"update_date":"2026-04-28T23:23:51","atum_locations":[],"atum_stock_status":"instock","restock_status":false,"low_stock_amount":"","sales_update_date":"2026-04-28T23:23:51","calc_backorders":null,"_links":{"self":[{"href":"https:\/\/www.konvergencie.sk\/shop\/wp-json\/wp\/v2\/product\/1219","targetHints":{"allow":["GET"]}}],"collection":[{"href":"https:\/\/www.konvergencie.sk\/shop\/wp-json\/wp\/v2\/product"}],"about":[{"href":"https:\/\/www.konvergencie.sk\/shop\/wp-json\/wp\/v2\/types\/product"}],"wp:featuredmedia":[{"embeddable":true,"href":"https:\/\/www.konvergencie.sk\/shop\/wp-json\/wp\/v2\/media\/2002"}],"wp:attachment":[{"href":"https:\/\/www.konvergencie.sk\/shop\/wp-json\/wp\/v2\/media?parent=1219"}],"wp:term":[{"taxonomy":"product_brand","embeddable":true,"href":"https:\/\/www.konvergencie.sk\/shop\/wp-json\/wp\/v2\/product_brand?post=1219"},{"taxonomy":"product_cat","embeddable":true,"href":"https:\/\/www.konvergencie.sk\/shop\/wp-json\/wp\/v2\/product_cat?post=1219"},{"taxonomy":"product_tag","embeddable":true,"href":"https:\/\/www.konvergencie.sk\/shop\/wp-json\/wp\/v2\/product_tag?post=1219"}],"curies":[{"name":"wp","href":"https:\/\/api.w.org\/{rel}","templated":true}]}}