{"id":1240,"date":"2022-05-30T12:26:34","date_gmt":"2022-05-30T10:26:34","guid":{"rendered":"https:\/\/www.konvergencie.sk\/shop\/?post_type=product&#038;p=1240"},"modified":"2025-12-02T21:17:16","modified_gmt":"2025-12-02T20:17:16","slug":"olivier-messiaen-quatuor-pour-la-fin-du-temps-quartet-for-the-end-of-time","status":"publish","type":"product","link":"https:\/\/www.konvergencie.sk\/shop\/en\/produkt\/olivier-messiaen-quatuor-pour-la-fin-du-temps-quartet-for-the-end-of-time\/","title":{"rendered":"Olivier MESSIAEN: Quatuor pour la fin du Temps \/ Quartet for the end of time"},"content":{"rendered":"<p><strong>More about the title<\/strong><\/p>\n<p>Composed by Olivier Messiaen (1908-1992) during World War II in the G\u00f6rlitz prison camp, Quatour pour la fin du temps (Quartet for the End of Time) is inspired by the apocalyptic texts of the 10th chapter of the Revelation of St. John. It was premiered on 14 January 1941, attended by 500 prisoners of war and camp staff. The quartet&#8217;s unconventional line-up was born out of the capabilities of the musicians in the camp. We have performed this powerful and timeless work three times at Konvergencie. After an extremely successful production in 2019 in the Klarisky concert hall, which was also praised by professional critics, we decided to rework and publish the work. At the time we began planning the release of this work on CD, our activities and lives were proceeding without any major disruptions. Paradoxically, it is in the current situation of isolation and restrictions caused by the pandemic and, currently, the war in neighbouring Ukraine and the impact of these events on culture, art and society as a whole, that this work seems particularly timely. The piece was orchestrated by long-time Konvergencie &#8211; collaborators and leading performers: violin Peter Biely, clarinet Ronald \u0160ebesta, piano Nora Skuta and cello Jozef Lupt\u00e1k.<\/p>\n<p>&#8222;I think there is no more appropriate time to play, listen to, or release a CD title featuring the music of Olivier Messiaen&#8217;s Quartet for the End of Time than right now, when an aggressive assault on the freedom of autonomous Ukraine by Russian troops and the Putin regime is taking place in Europe. We find ourselves in a time of war that is once again dramatically changing the world. Messiaen wrote this apocalyptic composition during his time in a prisoner of war camp during World War II. And he was probably experiencing fears, disillusionment and grief, and living in a similar existential distress as the Ukrainian people today.&#8220;<\/p>\n<p>Jozef LUPT\u00c1K, March 2022<\/p>\n<hr \/>\n<p><strong>Album includes:<\/strong> music CD, booklet, code for downloading audio files<\/p>\n<p><strong>Composer:<\/strong> Olivier Messiaen (1908-1992)<\/p>\n<p><strong>Interpreters:<\/strong> Ronald \u0160EBESTA clarinet, Peter BIELY violin, Jozef LUPT\u00c1K cello, Nora SKUTA piano<\/p>\n<p><strong>Publisher:<\/strong> Konvergencie, 2022<\/p>\n<p><strong>Edition:<\/strong> Konvergencie LIVE<\/p>\n<p><strong>SOZA &#8211; BIEM:<\/strong> 1749-009-2<\/p>\n<p><strong>EAN:<\/strong> 8588006338065<\/p>\n<p><strong>recording \/ recording engineer: <\/strong>Martin \u010cema, Cobra Sound<\/p>\n<p><strong>mix &amp; mastering: <\/strong>Martin \u010cema \/ Jozef Lupt\u00e1k \/ Andrej \u0160uba<\/p>\n<hr \/>\n<p><strong>Playlist<\/strong><\/p>\n<p><strong>Olivier Messiaen (1908-1992)<\/strong><\/p>\n<p><strong>Quatuor pour la fin du Temps (Quartet for the End of Time)<\/strong><\/p>\n<p>I. Liturgie de cristal (Crystal Liturgy) \/ 2:37<\/p>\n<p>II. Vocalise, pour l&#8217;Ange qui annonce la fin du Temps (Vocalise, for the Angel Announcing the End of Time) \/ 5:49<\/p>\n<p>III. Ab\u00eeme des oiseaux (The Abyss of the Birds) \/ 7:30<\/p>\n<p>IV. Interm\u00e8de (Interlude) \/ 1:47<\/p>\n<p>V. Louange \u00e0 l&#8217;\u00c9ternit\u00e9 de J\u00e9sus (Praise to the Eternity of Jesus) \/ 8:23<\/p>\n<p>VI. Danse de la fureur, pour les sept trompettes (Dance of Wrath, for the Seven Trumpets) \/ 6:22<\/p>\n<p>VII. Fouillis d&#8217;arcs-en-ciel, pour l&#8217;Ange qui annonce la fin du Temps ( Celestial Rainbow for the Angel Announcing the End of Time \/ Tangle of Rainbows, for the Angel Announcing the End of Time) \/ 8:02<\/p>\n<p>VIII. Louange \u00e0 l&#8217;Immortalit\u00e9 de J\u00e9sus (In Praise of the Immortality of Jesus) \/ 10:49<\/p>\n<p>&nbsp;<\/p>\n","protected":false},"excerpt":{"rendered":"<p>(CD, music)<\/p>\n<p>Konvergencie LIVE<\/p>\n<p>recording from the concert in the Klarisky concert hall in Bratislava on 20 September 2019 during the 20th International Festival of Chamber Music Konvergencie<\/p>\n<p><a class=\"gombik\" href=\"https:\/\/konvergencie.bandcamp.com\/album\/quatuor-pour-la-fin-du-temps\">Buy digital album<\/a><\/p>\n","protected":false},"featured_media":1954,"template":"","meta":[],"product_brand":[],"product_cat":[54],"product_tag":[],"class_list":{"0":"post-1240","1":"product","2":"type-product","3":"status-publish","4":"has-post-thumbnail","6":"product_cat-cd-en","8":"first","9":"instock","10":"shipping-taxable","11":"purchasable","12":"product-type-simple"},"supplier_id":null,"supplier_sku":"","barcode":null,"atum_controlled":true,"out_stock_date":null,"out_stock_threshold":null,"inheritable":false,"inbound_stock":0,"stock_on_hold":0,"sold_today":0,"sales_last_days":0,"reserved_stock":0,"customer_returns":0,"warehouse_damage":0,"lost_in_post":0,"other_logs":0,"out_stock_days":0,"lost_sales":0,"has_location":false,"update_date":"2026-04-28T23:23:53","atum_locations":[],"atum_stock_status":"instock","restock_status":false,"low_stock_amount":5,"sales_update_date":"2026-04-28T23:23:53","calc_backorders":null,"_links":{"self":[{"href":"https:\/\/www.konvergencie.sk\/shop\/wp-json\/wp\/v2\/product\/1240","targetHints":{"allow":["GET"]}}],"collection":[{"href":"https:\/\/www.konvergencie.sk\/shop\/wp-json\/wp\/v2\/product"}],"about":[{"href":"https:\/\/www.konvergencie.sk\/shop\/wp-json\/wp\/v2\/types\/product"}],"wp:featuredmedia":[{"embeddable":true,"href":"https:\/\/www.konvergencie.sk\/shop\/wp-json\/wp\/v2\/media\/1954"}],"wp:attachment":[{"href":"https:\/\/www.konvergencie.sk\/shop\/wp-json\/wp\/v2\/media?parent=1240"}],"wp:term":[{"taxonomy":"product_brand","embeddable":true,"href":"https:\/\/www.konvergencie.sk\/shop\/wp-json\/wp\/v2\/product_brand?post=1240"},{"taxonomy":"product_cat","embeddable":true,"href":"https:\/\/www.konvergencie.sk\/shop\/wp-json\/wp\/v2\/product_cat?post=1240"},{"taxonomy":"product_tag","embeddable":true,"href":"https:\/\/www.konvergencie.sk\/shop\/wp-json\/wp\/v2\/product_tag?post=1240"}],"curies":[{"name":"wp","href":"https:\/\/api.w.org\/{rel}","templated":true}]}}