{"id":1267,"date":"2022-05-30T12:26:34","date_gmt":"2022-05-30T10:26:34","guid":{"rendered":"https:\/\/www.konvergencie.sk\/shop\/?post_type=product&#038;p=1267"},"modified":"2025-05-22T15:55:11","modified_gmt":"2025-05-22T13:55:11","slug":"olivier-messiaen-quatuor-pour-la-fin-du-temps-quartett-fuer-das-ende-der-zeit-quartet-for-the-end-of-time","status":"publish","type":"product","link":"https:\/\/www.konvergencie.sk\/shop\/de\/produkt\/olivier-messiaen-quatuor-pour-la-fin-du-temps-quartett-fuer-das-ende-der-zeit-quartet-for-the-end-of-time\/","title":{"rendered":"Olivier MESSIAEN: Quatuor pour la fin du Temps \/ Quartett f\u00fcr das Ende der Zeit \/ Quartet for the End of Time"},"content":{"rendered":"<p><strong>Mehr \u00fcber den Titel<\/strong><\/p>\n<p>Das Quatour pour la fin du temps (Quartett f\u00fcr das Ende der Zeit) wurde von Olivier Messiaen (1908-1992) w\u00e4hrend des Zweiten Weltkriegs im Gefangenenlager G\u00f6rlitz komponiert und ist von den apokalyptischen Texten des zehnten Kapitels der Offenbarung des Johannes inspiriert. Die Urauff\u00fchrung fand am 14. Januar 1941 in Anwesenheit von 500 Kriegsgefangenen und Lagerpersonal statt. Die unkonventionelle Besetzung des Quartetts ergab sich aus den F\u00e4higkeiten der Musiker im Camp. Wir haben dieses kraftvolle und zeitlose Werk bereits dreimal bei Konvergencie aufgef\u00fchrt. Nach einer \u00e4u\u00dferst erfolgreichen und auch von der Fachkritik gelobten Auff\u00fchrung im Jahr 2019 im Klarisky-Konzertsaal haben wir uns entschlossen, das Werk zu \u00fcberarbeiten und zu ver\u00f6ffentlichen. Als wir mit der Planung der Ver\u00f6ffentlichung dieses Werks auf CD begannen, verliefen unsere Aktivit\u00e4ten und unser Leben ohne gr\u00f6\u00dfere Unterbrechungen. Paradoxerweise scheint dieses Werk gerade in der gegenw\u00e4rtigen Situation der Isolation und der Einschr\u00e4nkungen, die durch die Pandemie und derzeit durch den Krieg in der benachbarten Ukraine und die Auswirkungen dieser Ereignisse auf Kultur, Kunst und Gesellschaft insgesamt verursacht werden, besonders aktuell zu sein. Das St\u00fcck wurde von langj\u00e4hrigen Konvergencie-Mitarbeitern und f\u00fchrenden Interpreten orchestriert: Geige Peter Biely, Klarinette Ronald \u0160ebesta, Klavier Nora Skuta und Cello Jozef Lupt\u00e1k.<\/p>\n<p>&#8222;Ich denke, es gibt keinen passenderen Zeitpunkt, um eine CD mit der Musik von Olivier Messiaens Quartett f\u00fcr das Ende der Zeit zu spielen, zu h\u00f6ren oder zu ver\u00f6ffentlichen, als gerade jetzt, wo in Europa ein aggressiver Angriff auf die Freiheit der autonomen Ukraine durch russische Truppen und das Putin-Regime stattfindet. Wir befinden uns in einer Zeit des Krieges, die die Welt wieder einmal dramatisch ver\u00e4ndert. Messiaen schrieb diese apokalyptische Komposition w\u00e4hrend seiner Zeit in einem Kriegsgefangenenlager w\u00e4hrend des Zweiten Weltkriegs. Und er erlebte wahrscheinlich \u00c4ngste, Desillusionierung und Trauer und lebte in einer \u00e4hnlichen existenziellen Notlage wie das ukrainische Volk heute.&#8220;<\/p>\n<p>Jozef LUPT\u00c1K, M\u00e4rz 2022<\/p>\n<hr \/>\n<p><strong>Album enth\u00e4lt:<\/strong> Musik-CD, Booklet, Code zum Herunterladen von Audiodateien<\/p>\n<p><strong>Komponist:<\/strong> Olivier Messiaen (1908-1992)<\/p>\n<p><strong>Interpretieren:<\/strong> Ronald \u0160EBESTA Klarinette, Peter BIELY Violine, Jozef LUPT\u00c1K Cello, Nora SKUTA Klavier<\/p>\n<p><strong>Herausgeber:<\/strong> Konvergencie, 2022<\/p>\n<p><strong>Edition:<\/strong> Konvergencie LIVE<\/p>\n<p><strong>SOZA &#8211; BIEM:<\/strong> 1749-009-2<\/p>\n<p><strong>EAN:<\/strong> 8588006338065<\/p>\n<p><strong>Aufnahme \/ recording engineer:\u00a0<\/strong>Martin \u010cema, Cobra Sound<\/p>\n<p><strong>mix &amp; mastering: <\/strong>Martin \u010cema \/ Jozef Lupt\u00e1k \/ Andrej \u0160uba<\/p>\n<hr \/>\n<p><strong>Wiedergabeliste<\/strong><\/p>\n<p><strong>Olivier Messiaen<\/strong> (1908-1992)<\/p>\n<p><strong>Quatuor pour la fin du Temps (Quartett f\u00fcr das Ende der Zeit)<\/strong><\/p>\n<p>I. Liturgie de cristal (Kristall-Liturgie) \/ 2:37<\/p>\n<p>II. Vocalise, pour l&#8217;Ange qui annonce la fin du Temps (Vokalise, f\u00fcr den Engel, der das Ende der Zeit verk\u00fcndet) \/ 5:49<\/p>\n<p>III. Ab\u00eeme des oiseaux (Der Abgrund der V\u00f6gel) \/ 7:30<\/p>\n<p>IV. Interm\u00e8de (Zwischenspiel) \/ 1:47<\/p>\n<p>V. Louange \u00e0 l&#8217;\u00c9ternit\u00e9 de J\u00e9sus (Lobpreis der Ewigkeit Jesu) \/ 8:23<\/p>\n<p>VI. Danse de la fureur, pour les sept trompettes (Tanz des Zorns, f\u00fcr die sieben Trompeten) \/ 6:22<\/p>\n<p>VII. Fouillis d&#8217;arcs-en-ciel, pour l&#8217;Ange qui annonce la fin du Temps ( Himmlischer Regenbogen f\u00fcr den Engel, der das Ende der Zeit ank\u00fcndigt \/ Tangle of Rainbows, for the Angel Announcing the End of Time) \/ 8:02<\/p>\n<p>VIII. Louange \u00e0 l&#8217;Immortalit\u00e9 de J\u00e9sus (Lobpreis der Unsterblichkeit Jesu) \/ 10:49<\/p>\n<p>&nbsp;<\/p>\n","protected":false},"excerpt":{"rendered":"<p><strong>(CD, Musik)<\/strong><\/p>\n<p><strong>Konvergenzen LIVE<\/strong><\/p>\n<p>Mitschnitt des Konzerts im Konzertsaal Klarisky in Bratislava am 20. September 2019 im Rahmen des 20. Internationalen Festivals der Kammermusik Konvergencie<\/p>\n<p><a class=\"gombik\" href=\"https:\/\/konvergencie.bandcamp.com\/album\/quatuor-pour-la-fin-du-temps\">Digitales Album kaufen<\/a><\/p>\n","protected":false},"featured_media":1983,"template":"","meta":[],"product_brand":[],"product_cat":[56],"product_tag":[],"class_list":{"0":"post-1267","1":"product","2":"type-product","3":"status-publish","4":"has-post-thumbnail","6":"product_cat-cd-de","8":"first","9":"instock","10":"shipping-taxable","11":"purchasable","12":"product-type-simple"},"supplier_id":null,"supplier_sku":"","barcode":null,"atum_controlled":true,"out_stock_date":null,"out_stock_threshold":null,"inheritable":false,"inbound_stock":0,"stock_on_hold":0,"sold_today":0,"sales_last_days":0,"reserved_stock":0,"customer_returns":0,"warehouse_damage":0,"lost_in_post":0,"other_logs":0,"out_stock_days":0,"lost_sales":0,"has_location":false,"update_date":"2026-04-28T23:23:45","atum_locations":[],"atum_stock_status":"instock","restock_status":false,"low_stock_amount":5,"sales_update_date":"2026-04-28T23:23:45","calc_backorders":null,"_links":{"self":[{"href":"https:\/\/www.konvergencie.sk\/shop\/wp-json\/wp\/v2\/product\/1267","targetHints":{"allow":["GET"]}}],"collection":[{"href":"https:\/\/www.konvergencie.sk\/shop\/wp-json\/wp\/v2\/product"}],"about":[{"href":"https:\/\/www.konvergencie.sk\/shop\/wp-json\/wp\/v2\/types\/product"}],"wp:featuredmedia":[{"embeddable":true,"href":"https:\/\/www.konvergencie.sk\/shop\/wp-json\/wp\/v2\/media\/1983"}],"wp:attachment":[{"href":"https:\/\/www.konvergencie.sk\/shop\/wp-json\/wp\/v2\/media?parent=1267"}],"wp:term":[{"taxonomy":"product_brand","embeddable":true,"href":"https:\/\/www.konvergencie.sk\/shop\/wp-json\/wp\/v2\/product_brand?post=1267"},{"taxonomy":"product_cat","embeddable":true,"href":"https:\/\/www.konvergencie.sk\/shop\/wp-json\/wp\/v2\/product_cat?post=1267"},{"taxonomy":"product_tag","embeddable":true,"href":"https:\/\/www.konvergencie.sk\/shop\/wp-json\/wp\/v2\/product_tag?post=1267"}],"curies":[{"name":"wp","href":"https:\/\/api.w.org\/{rel}","templated":true}]}}