{"id":1281,"date":"2022-05-30T18:00:34","date_gmt":"2022-05-30T16:00:34","guid":{"rendered":"https:\/\/www.konvergencie.sk\/shop\/?post_type=product&#038;p=1281"},"modified":"2025-12-07T14:06:56","modified_gmt":"2025-12-07T13:06:56","slug":"music-for-a-while-romina-basso-alberto-mesirca","status":"publish","type":"product","link":"https:\/\/www.konvergencie.sk\/shop\/produkt\/music-for-a-while-romina-basso-alberto-mesirca\/","title":{"rendered":"Music for a While \/ Romina Basso &#038; Alberto Mesirca"},"content":{"rendered":"<p><strong>Viac o titule<\/strong><\/p>\n<p>Music for a\u00a0while. Hudba pre tento okamih, pre t\u00fato chv\u00ed\u013eu. Hudba prin\u00e1\u0161aj\u00faca rados\u0165, poskytuj\u00faca \u00fa\u013eavu, hudba zah\u00e1\u0148aj\u00faca d\u00e9monov. Napriek tomu, \u017ee zn\u00e1ma piese\u0148 Henryho Purcella, ktor\u00fa v\u00a020. storo\u010d\u00ed presl\u00e1vil Alfred Deller, na nahr\u00e1vke Rominy Basso a\u00a0Alberta Mesircu nezaznie, je jej s\u00fa\u010das\u0165ou. Piesne barokov\u00fdch majstrov nie s\u00fa (len) fascinuj\u00facim hudobn\u00fdm cestopisom po vzdialen\u00fdch krajin\u00e1ch v\u00a0d\u00e1vnych dob\u00e1ch. Ako hovor\u00ed podtitul albumu, s\u00fa putovan\u00edm po krajin\u00e1ch \u013eudskej du\u0161e. Pripom\u00ednaj\u00fa n\u00e1m tie\u017e epitaf, po ktorom t\u00fa\u017eil Kurt Vonnegut: \u201e<em>Jedin\u00fd d\u00f4kaz, ktor\u00fd potreboval o\u00a0existencii Boha, bola hudba<\/em>\u201c. Music for a\u00a0while. Hudba, ktor\u00e1 dok\u00e1\u017ee zastavi\u0165 \u010das. Hudba, ktor\u00e1 \u010das nepozn\u00e1. Aj v\u010faka umeniu Rominy Basso a\u00a0Alberta Mesircu.<\/p>\n<p>Andrej \u0160UBA, m\u00e1j 2022<\/p>\n<hr \/>\n<p>Program Music for a While (Romina Basso \u2013 spev, Alberto Mesirca \u2013 gitara, barokov\u00e1 gitara) bol pripraveny\u0301 s\u030cpecia\u0301lne pre Konvergencie a odznel na festivale v roku 2019. Talianska mezzosopranistka Romina Basso patri\u0301 medzi vyhl\u030cada\u0301vane\u0301 s\u030cpecialistky na tzv. staru\u0301 hudbu a vd\u030caka svojmu umeniu a originalite je zarad\u030covana\u0301 medzi najvy\u0301znamnejs\u030cie osobnosti v tejto oblasti. S jej umeni\u0301m sa moz\u030cno stretnu\u0301t\u030c na najpresti\u0301z\u030cnejs\u030ci\u0301ch svetovy\u0301ch labeloch. Recita\u0301l s Albertom Mesircom (gitara, barokova\u0301 gitara) na festivale Konvergencie pozosta\u0301val z diel renesanc\u030cny\u0301ch a barokovy\u0301ch skladatel\u030cov (Dowland, Frescobaldi, Narva\u0301ez, Mari\u0301n, Sanz) a sefardsky\u0301ch piesni\u0301. Je zriedkave\u0301, aby umelecke\u0301 osobnosti forma\u0301tu Rominy Basso vyda\u0301vali svoje nahra\u0301vky na Slovensku, preto je pre n\u00e1s c\u0165ou, \u017ee sme t\u00fato pr\u00edle\u017eotis\u0165 a\u00a0d\u00f4veru od interpretov dostali.<\/p>\n<p><strong>Album obsahuje:<\/strong>\u00a0hudobn\u00e9 <u>CD<\/u>, booklet, k\u00f3d na stiahnutie audios\u00faborov<\/p>\n<p><strong>Autori: <\/strong>John Dowland, Girolamo Frescobaldi, Josquin des Prez, Luys de Narv\u00e1ez, Jos\u00e9 Mar\u00edn, Gaspar Sanz, Juan Hidalgo, tradi\u010dn\u00e1 saefardsk\u00e1<\/p>\n<p><strong>Interpreti:<\/strong> Romina Basso (IT) \u2013 spev, Alberto Mesirca (IT) \u2013 gitara, barokov\u00e1 gitara<\/p>\n<p><strong>Vydavate\u013e:<\/strong> Konvergencie, 2022<\/p>\n<p><strong>Ed\u00edcia:<\/strong> Konvergencie LIVE<\/p>\n<p><strong>SOZA &#8211; BIEM:<\/strong> 1749-010-2<\/p>\n<p><strong>EAN:<\/strong> 8 588006 338089<\/p>\n<p><strong>nahr\u00e1vka \/ recording engineer: <\/strong>Martin \u010cema, Cobra Sound<\/p>\n<p><strong>mix &amp; mastering: <\/strong>Martin \u010cema \/ Jozef Lupt\u00e1k \/ Andrej \u0160uba \/ Alberto Mesirca<\/p>\n<hr \/>\n<p><strong>Zoznam skladieb<\/strong><\/p>\n<ol>\n<li>John Dowland (1563 \u2013 1626): Come again\u00a0 03:12<\/li>\n<li>John Dowland: If my complaints\u00a0 \u00a003:19<\/li>\n<li>John Dowland: Praeludium\u00a0 00:55<\/li>\n<li>John Dowland: The Most Sacred Queen Elizabeth, Her Galliard\u00a0 01:12<\/li>\n<li>John Dowland: Time stands still\u00a0 04:21<\/li>\n<li>Girolamo Frescobaldi (1583 \u2013 1643): Cos\u00ec mi disprezzate\u00a0 04:51<\/li>\n<li>Girolamo Frescobaldi: O mio cor\u00a0 04:16<\/li>\n<li>Girolamo Frescobaldi: Aria con variazioni detta &#8222;La Frescobalda&#8220;\u00a0 02:56<\/li>\n<li>Josquin des Prez (c1450-55 \u2013 1521): Mille regretz\u00a0 02:20<\/li>\n<li>Luys de Narv\u00e1ez (fl1526 \u2013 1549): Canci\u00f3n del Emperador\u00a0 03:11<\/li>\n<li>Jos\u00e9 Mar\u00edn (1618\/19 \u2013 1699): Que dulcemente suena\u00a0 02:18<\/li>\n<li>Jos\u00e9 Mar\u00edn: Ojos, pues me desde\u00f1ais\u00a0 05:03<\/li>\n<li>Gaspar Sanz (mid 17<sup>th<\/sup> century \u2013 early 18<sup>th<\/sup> century): Canarios\u00a0 02:11<\/li>\n<li>Gaspar Sanz: Pavana\u00a0 01:36<\/li>\n<li>Gaspar Sanz: J\u00e1caras\u00a0 01:51<\/li>\n<li>Traditional Sephardic: Nani, Nani\u00a0 06:15<\/li>\n<li>Juan Hidalgo (1614 \u2013 1685): S\u00f3lo es querer\u00a0 06:17<\/li>\n<\/ol>\n","protected":false},"excerpt":{"rendered":"<p><strong>(CD, hudba)<\/strong><\/p>\n<p><strong><u>Konvergencie LIVE<\/u><\/strong><\/p>\n<p>nahr\u00e1vka z\u00a0koncertu v\u00a0koncertnej sieni Klarisky v\u00a0Bratislave 20. 9. 2019 po\u010das 20. ro\u010dn\u00edka medzin\u00e1rodn\u00e9ho festivalu komornej hudby Konvergencie<\/p>\n<p><a class=\"gombik\" href=\"https:\/\/konvergencie.bandcamp.com\/album\/music-for-a-while\">K\u00fapi\u0165 digit\u00e1lny album<\/a><\/p>\n","protected":false},"featured_media":1980,"template":"","meta":[],"product_brand":[],"product_cat":[16],"product_tag":[],"class_list":{"0":"post-1281","1":"product","2":"type-product","3":"status-publish","4":"has-post-thumbnail","6":"product_cat-cd","8":"first","9":"instock","10":"shipping-taxable","11":"purchasable","12":"product-type-simple"},"supplier_id":null,"supplier_sku":"","barcode":null,"atum_controlled":true,"out_stock_date":null,"out_stock_threshold":null,"inheritable":false,"inbound_stock":0,"stock_on_hold":0,"sold_today":0,"sales_last_days":0,"reserved_stock":0,"customer_returns":0,"warehouse_damage":0,"lost_in_post":0,"other_logs":0,"out_stock_days":0,"lost_sales":0,"has_location":false,"update_date":"2026-04-28T23:23:51","atum_locations":[],"atum_stock_status":"instock","restock_status":false,"low_stock_amount":1,"sales_update_date":"2026-04-28T23:23:51","calc_backorders":null,"_links":{"self":[{"href":"https:\/\/www.konvergencie.sk\/shop\/wp-json\/wp\/v2\/product\/1281","targetHints":{"allow":["GET"]}}],"collection":[{"href":"https:\/\/www.konvergencie.sk\/shop\/wp-json\/wp\/v2\/product"}],"about":[{"href":"https:\/\/www.konvergencie.sk\/shop\/wp-json\/wp\/v2\/types\/product"}],"wp:featuredmedia":[{"embeddable":true,"href":"https:\/\/www.konvergencie.sk\/shop\/wp-json\/wp\/v2\/media\/1980"}],"wp:attachment":[{"href":"https:\/\/www.konvergencie.sk\/shop\/wp-json\/wp\/v2\/media?parent=1281"}],"wp:term":[{"taxonomy":"product_brand","embeddable":true,"href":"https:\/\/www.konvergencie.sk\/shop\/wp-json\/wp\/v2\/product_brand?post=1281"},{"taxonomy":"product_cat","embeddable":true,"href":"https:\/\/www.konvergencie.sk\/shop\/wp-json\/wp\/v2\/product_cat?post=1281"},{"taxonomy":"product_tag","embeddable":true,"href":"https:\/\/www.konvergencie.sk\/shop\/wp-json\/wp\/v2\/product_tag?post=1281"}],"curies":[{"name":"wp","href":"https:\/\/api.w.org\/{rel}","templated":true}]}}