{"id":1347,"date":"2022-05-30T18:00:34","date_gmt":"2022-05-30T16:00:34","guid":{"rendered":"https:\/\/www.konvergencie.sk\/shop\/?post_type=product&#038;p=1347"},"modified":"2025-05-22T15:49:59","modified_gmt":"2025-05-22T13:49:59","slug":"music-for-a-while-romina-basso-alberto-mesirca-5","status":"publish","type":"product","link":"https:\/\/www.konvergencie.sk\/shop\/de\/produkt\/music-for-a-while-romina-basso-alberto-mesirca-5\/","title":{"rendered":"Music for a While \/ Romina Basso &#038; Alberto Mesirca"},"content":{"rendered":"<p><strong>Mehr \u00fcber den Titel<\/strong><\/p>\n<p>Eine Zeit lang Musik. Musik f\u00fcr diesen Moment, f\u00fcr diesen Augenblick. Musik, die Freude bringt, Musik, die Erleichterung bringt, Musik, die D\u00e4monen vertreibt. Das ber\u00fchmte Lied von Henry Purcell, das im 20. Jahrhundert von Alfred Deller bekannt gemacht wurde, ist auf der Aufnahme von Romina Basso und Alberto Mesirca zwar nicht zu h\u00f6ren, aber es ist Teil der Aufnahme. Die Lieder der Barockmeister sind nicht (nur) ein faszinierender musikalischer Reisebericht durch ferne L\u00e4nder in alten Zeiten. Wie der Untertitel des Albums sagt, sind sie eine Reise durch die L\u00e4nder der menschlichen Seele. Sie erinnern uns auch an die von Kurt Vonnegut ersehnte Grabinschrift: &#8222;Der einzige Beweis, den er f\u00fcr die Existenz Gottes brauchte, war die Musik&#8220;. Eine Zeit lang Musik. Musik, die die Zeit anhalten kann. Musik, die keine Zeit kennt. Auch dank der Kunst von Romina Basso und Alberto Mesirca.<\/p>\n<p>Andrej \u0160UBA, Mai 2022<\/p>\n<hr \/>\n<p>Das Programm Music for a While (Romina Basso &#8211; Gesang, Alberto Mesirca &#8211; Gitarre, Barockgitarre) wurde speziell f\u00fcr Konvergencie vorbereitet und beim Festival 2019 aufgef\u00fchrt. Die italienische Mezzosopranistin Romina Basso geh\u00f6rt zu den gefragten Spezialistinnen der sogenannten Alten Musik und z\u00e4hlt dank ihrer Kunstfertigkeit und Originalit\u00e4t zu den prominentesten Vertretern dieses Fachs. Ihre Kunst ist auf den renommiertesten Labels der Welt zu finden. Das Konzert mit Alberto Mesirco (Gitarre, Barockgitarre) beim Konvergencie Festival bestand aus Werken von Komponisten der Renaissance und des Barock (Dowland, Frescobaldi, Narv\u00e1ez, Mar\u00edn, Sanz) und sephardischen Liedern. Es ist selten, dass K\u00fcnstlerpers\u00f6nlichkeiten vom Kaliber Romina Bassos ihre Aufnahmen in der Slowakei ver\u00f6ffentlichen, und so f\u00fchlen wir uns geehrt, dass uns die Interpreten diese Gelegenheit und ihr Vertrauen gegeben haben.<\/p>\n<p><strong>Das Album enth\u00e4lt:<\/strong> Musik-CD, Booklet, Download-Code f\u00fcr Audio-Dateien<\/p>\n<p><strong>Autoren:<\/strong> John Dowland, Girolamo Frescobaldi, Josquin des Prez, Luys de Narv\u00e1ez, Jos\u00e9 Mar\u00edn, Gaspar Sanz, Juan Hidalgo, Traditional Saefard<\/p>\n<p><strong>Interpreten:<\/strong> Romina Basso (IT) &#8211; Gesang, Alberto Mesirca (IT) &#8211; Gitarre, Barockgitarre<\/p>\n<p><strong>Herausgeber:<\/strong> Konvergencie, 2022<\/p>\n<p><strong>Edition:<\/strong> Konvergencie LIVE.<\/p>\n<p><strong>SOZA &#8211; BIEM:<\/strong> 1749-010-2<\/p>\n<p><strong>EAN:<\/strong> 8 588006 338089<\/p>\n<p><strong>Aufnahme \/ recording engineer: <\/strong>Martin Cema, Cobra Sound<\/p>\n<p><strong>mix &amp; mastering: <\/strong>Martin \u010cema \/ Jozef Lupt\u00e1k \/ Andrej \u0160uba \/ Alberto Mesirca<\/p>\n<hr \/>\n<p>Titelliste<\/p>\n<ol>\n<li>John Dowland (1563 &#8211; 1626): Komm wieder 03:12<\/li>\n<li>John Dowland: Wenn meine Beschwerden 03:19<\/li>\n<li>John Dowland: Praeludium 00:55<\/li>\n<li>John Dowland: Die heiligste K\u00f6nigin Elisabeth, ihre Galliarde 01:12<\/li>\n<li>John Dowland: Die Zeit steht still 04:21<\/li>\n<li>Girolamo Frescobaldi (1583 &#8211; 1643): Cos\u00ec mi disprezzate 04:51<\/li>\n<li>Girolamo Frescobaldi: O mio cor 04:16<\/li>\n<li>Girolamo Frescobaldi: Arie con variazioni detta &#8222;La Frescobalda&#8220; 02:56<\/li>\n<li>Josquin des Prez (um 1450-55 &#8211; 1521): Mille regretz 02:20<\/li>\n<li>Luys de Narv\u00e1ez (fl1526 &#8211; 1549): Canci\u00f3n del Emperador 03:11<\/li>\n<li>Jos\u00e9 Mar\u00edn (1618\/19 &#8211; 1699): Que dulcemente suena 02:18<\/li>\n<li>Jos\u00e9 Mar\u00edn: Ojos, pues me desde\u00f1ais 05:03<\/li>\n<li>Gaspar Sanz (Mitte 17. Jahrhundert &#8211; Anfang 18. Jahrhundert): Canarios 02:11<\/li>\n<li>Gaspar Sanz: Pavana 01:36<\/li>\n<li>Gaspar Sanz: J\u00e1caras 01:51<\/li>\n<li>Traditionell sephardisch: Nani, Nani 06:15<\/li>\n<li>Juan Hidalgo (1614 &#8211; 1685): S\u00f3lo es querer 06:17<\/li>\n<\/ol>\n<p>&nbsp;<\/p>\n","protected":false},"excerpt":{"rendered":"<p><strong>(CD, Musik)<\/strong><\/p>\n<p><strong>Konvergencie LIVE<\/strong><\/p>\n<p>Mitschnitt des Konzerts im Konzertsaal Klarisky in Bratislava am 20. September 2019 im Rahmen des 20. Internationalen Kammermusikfestivals Konvergencie<\/p>\n<p><a class=\"gombik\" href=\"https:\/\/konvergencie.bandcamp.com\/album\/music-for-a-while\">Digitales Album kaufen<\/a><\/p>\n","protected":false},"featured_media":1981,"template":"","meta":[],"product_brand":[],"product_cat":[56],"product_tag":[],"class_list":{"0":"post-1347","1":"product","2":"type-product","3":"status-publish","4":"has-post-thumbnail","6":"product_cat-cd-de","8":"first","9":"instock","10":"shipping-taxable","11":"purchasable","12":"product-type-simple"},"supplier_id":null,"supplier_sku":"","barcode":null,"atum_controlled":true,"out_stock_date":null,"out_stock_threshold":null,"inheritable":false,"inbound_stock":0,"stock_on_hold":0,"sold_today":0,"sales_last_days":0,"reserved_stock":0,"customer_returns":0,"warehouse_damage":0,"lost_in_post":0,"other_logs":0,"out_stock_days":0,"lost_sales":0,"has_location":false,"update_date":"2026-04-28T23:23:46","atum_locations":[],"atum_stock_status":"instock","restock_status":false,"low_stock_amount":1,"sales_update_date":"2026-04-28T23:23:46","calc_backorders":null,"_links":{"self":[{"href":"https:\/\/www.konvergencie.sk\/shop\/wp-json\/wp\/v2\/product\/1347","targetHints":{"allow":["GET"]}}],"collection":[{"href":"https:\/\/www.konvergencie.sk\/shop\/wp-json\/wp\/v2\/product"}],"about":[{"href":"https:\/\/www.konvergencie.sk\/shop\/wp-json\/wp\/v2\/types\/product"}],"wp:featuredmedia":[{"embeddable":true,"href":"https:\/\/www.konvergencie.sk\/shop\/wp-json\/wp\/v2\/media\/1981"}],"wp:attachment":[{"href":"https:\/\/www.konvergencie.sk\/shop\/wp-json\/wp\/v2\/media?parent=1347"}],"wp:term":[{"taxonomy":"product_brand","embeddable":true,"href":"https:\/\/www.konvergencie.sk\/shop\/wp-json\/wp\/v2\/product_brand?post=1347"},{"taxonomy":"product_cat","embeddable":true,"href":"https:\/\/www.konvergencie.sk\/shop\/wp-json\/wp\/v2\/product_cat?post=1347"},{"taxonomy":"product_tag","embeddable":true,"href":"https:\/\/www.konvergencie.sk\/shop\/wp-json\/wp\/v2\/product_tag?post=1347"}],"curies":[{"name":"wp","href":"https:\/\/api.w.org\/{rel}","templated":true}]}}