{"id":1508,"date":"2023-05-18T16:01:44","date_gmt":"2023-05-18T14:01:44","guid":{"rendered":"https:\/\/www.konvergencie.sk\/shop\/?post_type=product&#038;p=1508"},"modified":"2025-12-04T11:57:53","modified_gmt":"2025-12-04T10:57:53","slug":"erno-dohnanyi-chamber-music-2","status":"publish","type":"product","link":"https:\/\/www.konvergencie.sk\/shop\/en\/produkt\/erno-dohnanyi-chamber-music-2\/","title":{"rendered":"Ern\u0151 Dohn\u00e1nyi Chamber Music"},"content":{"rendered":"<p><strong>More about the title<\/strong><\/p>\n<p>In its Konvergencie LIVE edition, Konvergencie is devoted to works from festival performances which, thanks to the combination of performance qualities, repertoire specifics and sound recording processing, promote not only interesting works but also represent Slovak performing arts. The piano virtuoso, conductor and composer <strong>Ern\u0151 Dohn\u00e1nyi<\/strong> (27 July 1877, Bratislava &#8211; 9 February 1960, New York) is one of the most important and interesting personalities in the history of musical culture whose fate is linked to today&#8217;s Bratislava. This musician is connected with Bart\u00f3k and Alexander Albrecht Dohn\u00e1nyi not only through his studies at the Royal Hungarian Catholic Grammar School in Bratislava, but also at the Ferenc Liszt Music Academy in Budapest, which he later headed as director. Dohn\u00e1nyi&#8217;s work, which combines the musical traditions of late Romanticism with modernism and the occasional &#8218;Hungarian colour&#8216;, is still rarely performed in Slovakia, even more rarely recorded and generally little known. The Konvergencie Festival has so far presented three major chamber opuses by the composer: the rare Sextet, Op. 37 for clarinet, French horn, violin, viola, cello and piano (1935) and both Piano Quintets in C minor, Op. 1 (1895) and E flat minor, Op. 26 (1914). On this album we bring you the Sextet in C major, Op. 37 from 2010, performed by an international ensemble of exceptional performers: R. \u0160ebesta &#8211; clarinet, M. Nov\u00e1k &#8211; French horn, I. Kar\u0161ko &#8211; violin, V. Mendelssohn &#8211; viola, J. Lupt\u00e1k &#8211; cello and M. Skuta &#8211; piano. The album&#8217;s dramaturgy is completed by Serenade in C major for string trio, Op. 10 (Igor Kar\u0161ko &#8211; violin, Simon Tandree &#8211; viola, Jozef Lupt\u00e1k &#8211; cello).<\/p>\n<hr \/>\n<p><strong>Album contains:<\/strong> music CD, booklet, download code for audio files<\/p>\n<p><strong>Publisher:<\/strong> Konvergencie, 2022<\/p>\n<p><strong>Edition:<\/strong> Konvergencie LIVE<\/p>\n<p><strong>SOZA &#8211; BIEM:<\/strong> 1749-011-2<\/p>\n<p><strong>EAN:<\/strong> 8588006338096<\/p>\n<p><strong>recording \/ recording engineer:<\/strong> Roman La\u0161\u010diak<\/p>\n<p><strong>mix &amp; mastering:<\/strong> Martin \u010cema \/ Jozef Lupt\u00e1k<\/p>\n<hr \/>\n<p><strong>Playlist<\/strong><\/p>\n<p><strong>Ern\u0151 DOHN\u00c1NYI<\/strong> (1877 &#8211; 1960)<\/p>\n<p><strong>Serenade in C Major for String Trio Op. 10 (1902) \/ Serenade in C Major Op. 10<\/strong><\/p>\n<p>I. Marcia. Allegro 2&#8217;11&#8220;<br \/>\nII. Romanza. Adagio non troppo, quasi andante 3&#8217;43&#8220;<br \/>\nIII. Scherzo. Vivace 4&#8217;25&#8220;<br \/>\nIV. Tema con variazioni. Andante con moto 5&#8217;54&#8220;<br \/>\nV. Finale. Rondo 4&#8217;43&#8220;<\/p>\n<p><strong>Igor Kar\u0161ko<\/strong> (SK\/CH) violin<\/p>\n<p><strong>Simon Tandree<\/strong> (UK) viola<\/p>\n<p><strong>Jozef Lupt\u00e1k<\/strong> cello<\/p>\n<p>recording from the concert on 18 September 2005 in the Klarisky Concert Hall during the 6th International Chamber Music Festival Konvergencie<\/p>\n<hr \/>\n<p><strong>Ern\u00f6 DOHN\u00c1NYI<\/strong> (1877 &#8211; 1960)<\/p>\n<p><strong>Sextet for piano, violin, viola, cello, clarinet and French horn in C major Op. 37<\/strong><\/p>\n<p>I. Allegro appassionato 11&#8217;29&#8220;<br \/>\nII. Intermezzo 5&#8217;39&#8220;&#8216;<br \/>\nIII. Allegro con sentimento 3&#8217;42&#8220;<br \/>\nIV. Finale: Allegro vivace, giocoso 9&#8217;33&#8220;<\/p>\n<p><strong>Ronald \u0160ebesta<\/strong> clarinet<\/p>\n<p><strong>Martin Nov\u00e1k<\/strong> (CZ) French horn<\/p>\n<p><strong>Igor Kar\u0161ko<\/strong> (SK\/CH) violin<\/p>\n<p><strong>Vladimir Mendelssohn<\/strong> (NL) viola<\/p>\n<p><strong>Jozef Lupt\u00e1k<\/strong> cello<\/p>\n<p><strong>Miki Skuta<\/strong> piano<\/p>\n<p>recording from the concert on 26 September 2010 in the design factory during the 11th international chamber music festival Konvergencie<\/p>\n","protected":false},"excerpt":{"rendered":"<p>(CD, music)<\/p>\n<p><span style=\"text-decoration: underline;\"><strong>Konvergencie LIVE<\/strong><\/span><\/p>\n<p>recordings from the concerts on 18 September 2005 in the Klarisky concert hall and 26 September 2010 in the design factory during the 6th and 11th international chamber music festival Konvergencie<\/p>\n","protected":false},"featured_media":1953,"template":"","meta":[],"product_brand":[],"product_cat":[54],"product_tag":[],"class_list":{"0":"post-1508","1":"product","2":"type-product","3":"status-publish","4":"has-post-thumbnail","6":"product_cat-cd-en","8":"first","9":"instock","10":"shipping-taxable","11":"purchasable","12":"product-type-simple"},"supplier_id":null,"supplier_sku":"","barcode":null,"atum_controlled":true,"out_stock_date":null,"out_stock_threshold":null,"inheritable":false,"inbound_stock":0,"stock_on_hold":0,"sold_today":0,"sales_last_days":0,"reserved_stock":0,"customer_returns":0,"warehouse_damage":0,"lost_in_post":0,"other_logs":0,"out_stock_days":0,"lost_sales":0,"has_location":false,"update_date":"2026-04-28T23:23:53","atum_locations":[],"atum_stock_status":"instock","restock_status":false,"low_stock_amount":0,"sales_update_date":"2026-04-28T23:23:53","calc_backorders":null,"_links":{"self":[{"href":"https:\/\/www.konvergencie.sk\/shop\/wp-json\/wp\/v2\/product\/1508","targetHints":{"allow":["GET"]}}],"collection":[{"href":"https:\/\/www.konvergencie.sk\/shop\/wp-json\/wp\/v2\/product"}],"about":[{"href":"https:\/\/www.konvergencie.sk\/shop\/wp-json\/wp\/v2\/types\/product"}],"wp:featuredmedia":[{"embeddable":true,"href":"https:\/\/www.konvergencie.sk\/shop\/wp-json\/wp\/v2\/media\/1953"}],"wp:attachment":[{"href":"https:\/\/www.konvergencie.sk\/shop\/wp-json\/wp\/v2\/media?parent=1508"}],"wp:term":[{"taxonomy":"product_brand","embeddable":true,"href":"https:\/\/www.konvergencie.sk\/shop\/wp-json\/wp\/v2\/product_brand?post=1508"},{"taxonomy":"product_cat","embeddable":true,"href":"https:\/\/www.konvergencie.sk\/shop\/wp-json\/wp\/v2\/product_cat?post=1508"},{"taxonomy":"product_tag","embeddable":true,"href":"https:\/\/www.konvergencie.sk\/shop\/wp-json\/wp\/v2\/product_tag?post=1508"}],"curies":[{"name":"wp","href":"https:\/\/api.w.org\/{rel}","templated":true}]}}