{"id":1509,"date":"2023-05-18T16:01:44","date_gmt":"2023-05-18T14:01:44","guid":{"rendered":"https:\/\/www.konvergencie.sk\/shop\/?post_type=product&#038;p=1509"},"modified":"2023-05-18T16:38:49","modified_gmt":"2023-05-18T14:38:49","slug":"erno-dohnanyi-chamber-music-3","status":"publish","type":"product","link":"https:\/\/www.konvergencie.sk\/shop\/de\/produkt\/erno-dohnanyi-chamber-music-3\/","title":{"rendered":"Ern\u0151 Dohn\u00e1nyi Chamber Music"},"content":{"rendered":"<p><strong>Mehr \u00fcber den Titel<\/strong><\/p>\n<p>In der Ausgabe Konvergencie LIVE widmet sich Konvergencie den Kompositionen von Festivalauff\u00fchrungen, die dank der Kombination von Auff\u00fchrungsqualit\u00e4ten, Repertoirespezifika und klanglicher Aufbereitung nicht nur interessante Werke f\u00f6rdern, sondern auch die slowakische Auff\u00fchrungskunst repr\u00e4sentieren. Der Klaviervirtuose, Dirigent und Komponist <strong>Ern\u0151 Dohn\u00e1nyi<\/strong> (27. Juli 1877, Bratislava &#8211; 9. Februar 1960, New York) ist eine der wichtigsten und interessantesten Pers\u00f6nlichkeiten in der Geschichte der Musikkultur, deren Schicksal mit dem heutigen Bratislava verbunden ist. Dieser Musiker ist mit Bart\u00f3k und Alexander Albrecht Dohn\u00e1nyi nicht nur durch sein Studium am K\u00f6niglich Ungarischen Katholischen Gymnasium in Bratislava, sondern auch an der Ferenc-Liszt-Musikakademie in Budapest verbunden, die er sp\u00e4ter als Direktor leitete. Dohn\u00e1nyis Werk, das die musikalischen Traditionen der Sp\u00e4tromantik mit der Moderne und gelegentlicher &#8222;ungarischer F\u00e4rbung&#8220; verbindet, wird in der Slowakei immer noch selten aufgef\u00fchrt, noch seltener aufgenommen und ist im Allgemeinen wenig bekannt. Das Konvergencie Festival hat bisher drei gro\u00dfe Kammermusikwerke des Komponisten pr\u00e4sentiert: das seltene Sextett op. 37 f\u00fcr Klarinette, Waldhorn, Violine, Viola, Violoncello und Klavier (1935) und die beiden Klavierquintette in c-Moll op. 1 (1895) und es-Moll op. 26 (1914). Auf diesem Album pr\u00e4sentieren wir Ihnen das Sextett in C-Dur, Op. 37 aus dem Jahr 2010, gespielt von einem internationalen Ensemble von au\u00dfergew\u00f6hnlichen Interpreten: R. \u0160ebesta &#8211; Klarinette, M. Nov\u00e1k &#8211; Waldhorn, I. Kar\u0161ko &#8211; Violine, V. Mendelssohn &#8211; Bratsche, J. Lupt\u00e1k &#8211; Cello und M. Skuta &#8211; Klavier. Die Dramaturgie des Albums wird durch die Serenade C-Dur f\u00fcr Streichtrio op. 10 (Igor Kar\u0161ko &#8211; Violine, Simon Tandree &#8211; Viola, Jozef Lupt\u00e1k &#8211; Violoncello) abgerundet.<\/p>\n<hr \/>\n<p><strong>Album enth\u00e4lt:<\/strong> Musik-CD, Booklet, Download-Code f\u00fcr Audio-Dateien<\/p>\n<p><strong>Verlag:<\/strong> Konvergencie, 2022<\/p>\n<p><strong>Ausgabe:<\/strong> Konvergencie LIVE<\/p>\n<p><strong>SOZA &#8211; BIEM<\/strong>: 1749-011-2<\/p>\n<p><strong>EAN:<\/strong> 8588006338096<\/p>\n<p><strong>Aufnahme \/ Tonmeister:<\/strong> Roman La\u0161\u010diak<\/p>\n<p><strong>Mischung und Mastering:<\/strong> Martin \u010cema \/ Jozef Lupt\u00e1k<\/p>\n<hr \/>\n<p><strong>Wiedergabeliste<\/strong><\/p>\n<p><strong>Ern\u0151 DOHN\u00c1NYI<\/strong> (1877 &#8211; 1960)<\/p>\n<p>Serenade in C-Dur f\u00fcr Streichtrio Op. 10 (1902)<\/p>\n<p>I. Marcia. Allegro 2&#8217;11&#8220;<br \/>\nII. Romanza. Adagio non troppo, quasi andante 3&#8217;43&#8220;<br \/>\nIII. Scherzo. Vivace 4&#8217;25&#8220;<br \/>\nIV. Tema con variazioni. Andante con moto 5&#8217;54&#8220;<br \/>\nV. Finale. Rondo 4&#8217;43&#8220;<\/p>\n<p><strong>Igor Kar\u0161ko<\/strong> (SK\/CH) Violine<\/p>\n<p><strong>Simon Tandree<\/strong> (UK) Bratsche<\/p>\n<p><strong>Jozef Lupt\u00e1k<\/strong> Cello<\/p>\n<p>Mitschnitt des Konzerts vom 18. September 2005 im Klarisky-Konzertsaal im Rahmen des 6. Internationalen Kammermusikfestivals Konvergencie<\/p>\n<hr \/>\n<p><strong>Ern\u00f6 DOHN\u00c1NYI<\/strong> (1877 &#8211; 1960)<\/p>\n<p>Sextett f\u00fcr Klavier, Violine, Viola, Violoncello, Klarinette und Horn in C-Dur Op. 37<\/p>\n<p>I. Allegro appassionato 11&#8217;29&#8220;<br \/>\nII. Intermezzo 5&#8217;39&#8220;&#8216;<br \/>\nIII. Allegro con sentimento 3&#8217;42&#8220;<br \/>\nIV. Finale: Allegro vivace, giocoso 9&#8217;33&#8220;<\/p>\n<p><strong>Ronald \u0160ebesta<\/strong> Klarinette<\/p>\n<p><strong>Martin Nov\u00e1k<\/strong> (CZ) Waldhorn<\/p>\n<p><strong>Igor Kar\u0161ko<\/strong> (SK\/CH) Violine<\/p>\n<p><strong>Vladimir Mendelssohn<\/strong> (NL) Bratsche<\/p>\n<p><strong>Jozef Lupt\u00e1k<\/strong> Cello<\/p>\n<p><strong>Miki Skuta<\/strong> Klavier<\/p>\n<p>Mitschnitt des Konzerts vom 26. September 2010 in der Design Factory im Rahmen des 11. Internationalen Kammermusikfestivals Konvergencie<\/p>\n","protected":false},"excerpt":{"rendered":"<p>(CD, Musik)<\/p>\n<p><span style=\"text-decoration: underline;\"><strong>Konvergencie LIVE<\/strong><\/span><\/p>\n<p>Aufnahmen von den Konzerten am 18. September 2005 im Klarisky-Konzertsaal und am 26. September 2010 in der Designfabrik im Rahmen des 6. und 11. internationalen Kammermusikfestivals Konvergencie<\/p>\n","protected":false},"featured_media":1977,"template":"","meta":[],"product_brand":[],"product_cat":[56],"product_tag":[],"class_list":{"0":"post-1509","1":"product","2":"type-product","3":"status-publish","4":"has-post-thumbnail","6":"product_cat-cd-de","8":"first","9":"instock","10":"shipping-taxable","11":"purchasable","12":"product-type-simple"},"supplier_id":null,"supplier_sku":"","barcode":null,"atum_controlled":true,"out_stock_date":null,"out_stock_threshold":null,"inheritable":false,"inbound_stock":0,"stock_on_hold":0,"sold_today":0,"sales_last_days":0,"reserved_stock":0,"customer_returns":0,"warehouse_damage":0,"lost_in_post":0,"other_logs":0,"out_stock_days":0,"lost_sales":0,"has_location":false,"update_date":"2026-04-28T23:23:47","atum_locations":[],"atum_stock_status":"instock","restock_status":false,"low_stock_amount":0,"sales_update_date":"2026-04-28T23:23:47","calc_backorders":null,"_links":{"self":[{"href":"https:\/\/www.konvergencie.sk\/shop\/wp-json\/wp\/v2\/product\/1509","targetHints":{"allow":["GET"]}}],"collection":[{"href":"https:\/\/www.konvergencie.sk\/shop\/wp-json\/wp\/v2\/product"}],"about":[{"href":"https:\/\/www.konvergencie.sk\/shop\/wp-json\/wp\/v2\/types\/product"}],"wp:featuredmedia":[{"embeddable":true,"href":"https:\/\/www.konvergencie.sk\/shop\/wp-json\/wp\/v2\/media\/1977"}],"wp:attachment":[{"href":"https:\/\/www.konvergencie.sk\/shop\/wp-json\/wp\/v2\/media?parent=1509"}],"wp:term":[{"taxonomy":"product_brand","embeddable":true,"href":"https:\/\/www.konvergencie.sk\/shop\/wp-json\/wp\/v2\/product_brand?post=1509"},{"taxonomy":"product_cat","embeddable":true,"href":"https:\/\/www.konvergencie.sk\/shop\/wp-json\/wp\/v2\/product_cat?post=1509"},{"taxonomy":"product_tag","embeddable":true,"href":"https:\/\/www.konvergencie.sk\/shop\/wp-json\/wp\/v2\/product_tag?post=1509"}],"curies":[{"name":"wp","href":"https:\/\/api.w.org\/{rel}","templated":true}]}}