{"id":1545,"date":"2023-11-22T15:41:10","date_gmt":"2023-11-22T14:41:10","guid":{"rendered":"https:\/\/www.konvergencie.sk\/shop\/?post_type=product&#038;p=1545"},"modified":"2025-12-07T14:07:41","modified_gmt":"2025-12-07T13:07:41","slug":"nie-vojne-no-to-war-lubimov-plays-silvestrov-limitovana-edicia","status":"publish","type":"product","link":"https:\/\/www.konvergencie.sk\/shop\/produkt\/nie-vojne-no-to-war-lubimov-plays-silvestrov-limitovana-edicia\/","title":{"rendered":"Nie vojne \/ No to war | Lubimov plays Silvestrov (limitovan\u00e1 ed\u00edcia)"},"content":{"rendered":"<p>Nahr\u00e1vka z koncertu 25. 9. 2022 vo Ve\u013ekom koncertnom \u0161t\u00fadiu Slovensk\u00e9ho po\u010das 23. ro\u010dn\u00edka medzin\u00e1rodn\u00e9ho festivalu komornej hudby Konvergencie.<\/p>\n<p>Ve\u013emi si v\u00e1\u017eime, \u017ee sme mohli na festivale Konvergencie 2022 zrealizova\u0165 koncert, na ktorom hral rusk\u00fd klavirista Alexej \u013dubimov diela svojho ukrajinsk\u00e9ho priate\u013ea Valentina Silvestrova. Toto spojenie bolo vyjadren\u00edm n\u00e1\u0161ho postoja vo\u010di vojne na Ukrajine. Aj prostredn\u00edctvom neho sme vyslali sign\u00e1l, \u017ee sloboda, priate\u013estvo a re\u0161pekt s\u00fa hodnoty, na ktor\u00fdch stoj\u00ed funguj\u00faca spolo\u010dnos\u0165. Koncert bol mimoriadne siln\u00fdm z\u00e1\u017eitkom, preto sme sa rozhodli vyda\u0165 ho vo forme fyzick\u00e9ho a digit\u00e1lneho CD. S\u00fa\u010das\u0165ou bohat\u00e9ho bookletu s\u00fa texty Lucie \u0160tasselovej, Daniela Pastir\u010d\u00e1ka i samotn\u00e9ho Alexeja \u013dubimova. CD je dostupn\u00e9 v predaji <strong>v limitovanom po\u010dte 300 ks a 300 ks digit\u00e1lny album.<\/strong><\/p>\n<p><em>\u201ePova\u017eujem za smutn\u00e9, \u017ee sa meno a\u00a0hudba Valentina Silvestrova, bezpochyby jedn\u00e9ho z\u00a0najzauj\u00edmavej\u0161\u00edch skladate\u013eov dne\u0161ka, stali celosvetovo zn\u00e1mymi a\u017e v\u00a0s\u00favislosti s\u00a0vojnou na Ukrajine. Jeho diela, viacer\u00e9 mi boli dedikovan\u00e9, hr\u00e1vam od\u00a0roku 1968 a\u00a0po\u010das t\u00fdchto 35 rokov sme sa stali bl\u00edzkymi priate\u013emi. Bol som tak svedkom \u0161t\u00fdlov\u00fdch premien Silvestrovovej hudby: od avantgardy cez postavantgardu, nov\u00fa jednoduchos\u0165 a\u017e po metaforick\u00fd \u0161t\u00fdl. V\u00a0ka\u017edom z\u00a0t\u00fdchto \u0161t\u00fdlov c\u00edti\u0165 ve\u013emi osobn\u00fd i\u00a0osobit\u00fd hlas v\u00fdnimo\u010dn\u00e9ho skladate\u013ea. Skladby na tejto nahr\u00e1vke znej\u00fa zdanlivo ako hudba minulosti. Ide v\u0161ak o metaforu hudobnej kr\u00e1sy, ktor\u00fa si dok\u00e1\u017eeme spr\u00edtomni\u0165 v\u00a0spomienkach. A\u00a0v tejto melancholickej kr\u00e1se, s\u00a0jej sm\u00fatkom i\u00a0rados\u0165ou, je viac sily ne\u017e v\u00a0agresii, pod ktorej tlakom sa nach\u00e1dza dne\u0161n\u00fd svet.\u201c<\/em><\/p>\n<p>Alexej \u013dUBIMOV<\/p>\n<p><em>\u201eHudba ost\u00e1va pies\u0148ou (&#8230;): nie je filozofiou ani sveton\u00e1zorom.\u201c<\/em><\/p>\n<p>Valentin SILVESTROV<\/p>\n<hr \/>\n<p><strong>Zoznam skladieb:<\/strong><\/p>\n<p><strong>Valentin Silvestrov<\/strong> (1937)<\/p>\n<p>1) <em>3 Bagatellen\/3 Bagatelles op. 1 <\/em>(2005)<\/p>\n<p>2) <em>4 St\u00fccke\/4 Pieces op. 2<\/em> (2006)<\/p>\n<p>3) <em>Kitsch-Musik<\/em> (1977)<\/p>\n<p>4) <em>3 Walzer mit Postludium\/3 Waltzes with Postludium op. <\/em><em>3<\/em> (2005 \u2013 2006)<\/p>\n<p>5) <em>Der Bote\/The Messenger<\/em> (1996)<\/p>\n<p>Encore:<\/p>\n<p>6) Volodymyr Huba (1938 \u2013 2020): <em>Confession<\/em><\/p>\n<p><strong>Alexei LUBIMOV<\/strong>, klav\u00edr\/piano<\/p>\n<hr \/>\n<p><strong>Album obsahuje:<\/strong>\u00a0hudobn\u00e9 CD, booklet, k\u00f3d na stiahnutie audios\u00faborov<\/p>\n<p><strong>Vydavate\u013e:<\/strong> Konvergencie, 2022<\/p>\n<p><strong>Ed\u00edcia:<\/strong> Konvergencie LIVE<\/p>\n<p><strong>SOZA &#8211; BIEM:<\/strong> 1749-013-2<\/p>\n<p><strong>EAN:<\/strong> 8588006338119<\/p>\n<p>nahr\u00e1vka: RTVS \u2013 Rozhlas a telev\u00edzia Slovenska<br \/>\nmix &amp; mastering: Martin \u010cema \/ Andrej \u0160uba \/ Jozef Lupt\u00e1k<\/p>\n<p>\u2117 RTVS \u2013 Rozhlas a telev\u00edzia Slovenska a Konvergencie \u2013 spolo\u010dnos\u0165 pre komorn\u00e9 umenie, o.z. 2023<\/p>\n<p>\u00a9 o. z. Konvergencie 2023<\/p>\n<p><strong>Zak\u00fapte si digit\u00e1lny album: <\/strong><a href=\"https:\/\/konvergencie.bandcamp.com\/album\/no-to-war-lubimov-plays-silvestrov\">https:\/\/konvergencie.bandcamp.com\/album\/no-to-war-lubimov-plays-silvestrov<\/a><\/p>\n","protected":false},"excerpt":{"rendered":"<p><strong>(CD, hudba)<\/strong><\/p>\n<p><strong><u>Konvergencie LIVE<\/u><\/strong><\/p>\n<p><a class=\"gombik\" href=\"https:\/\/konvergencie.bandcamp.com\/album\/no-to-war-lubimov-plays-silvestrov\">K\u00fapi\u0165 digit\u00e1lny album<\/a><\/p>\n","protected":false},"featured_media":1972,"template":"","meta":[],"product_brand":[],"product_cat":[16],"product_tag":[],"class_list":{"0":"post-1545","1":"product","2":"type-product","3":"status-publish","4":"has-post-thumbnail","6":"product_cat-cd","8":"first","9":"instock","10":"shipping-taxable","11":"purchasable","12":"product-type-simple"},"supplier_id":null,"supplier_sku":"","barcode":null,"atum_controlled":true,"out_stock_date":null,"out_stock_threshold":null,"inheritable":false,"inbound_stock":0,"stock_on_hold":0,"sold_today":0,"sales_last_days":0,"reserved_stock":0,"customer_returns":0,"warehouse_damage":0,"lost_in_post":0,"other_logs":0,"out_stock_days":0,"lost_sales":0,"has_location":false,"update_date":"2026-04-28T23:23:54","atum_locations":[],"atum_stock_status":"instock","restock_status":false,"low_stock_amount":3,"sales_update_date":"2026-04-28T23:23:54","calc_backorders":null,"_links":{"self":[{"href":"https:\/\/www.konvergencie.sk\/shop\/wp-json\/wp\/v2\/product\/1545","targetHints":{"allow":["GET"]}}],"collection":[{"href":"https:\/\/www.konvergencie.sk\/shop\/wp-json\/wp\/v2\/product"}],"about":[{"href":"https:\/\/www.konvergencie.sk\/shop\/wp-json\/wp\/v2\/types\/product"}],"wp:featuredmedia":[{"embeddable":true,"href":"https:\/\/www.konvergencie.sk\/shop\/wp-json\/wp\/v2\/media\/1972"}],"wp:attachment":[{"href":"https:\/\/www.konvergencie.sk\/shop\/wp-json\/wp\/v2\/media?parent=1545"}],"wp:term":[{"taxonomy":"product_brand","embeddable":true,"href":"https:\/\/www.konvergencie.sk\/shop\/wp-json\/wp\/v2\/product_brand?post=1545"},{"taxonomy":"product_cat","embeddable":true,"href":"https:\/\/www.konvergencie.sk\/shop\/wp-json\/wp\/v2\/product_cat?post=1545"},{"taxonomy":"product_tag","embeddable":true,"href":"https:\/\/www.konvergencie.sk\/shop\/wp-json\/wp\/v2\/product_tag?post=1545"}],"curies":[{"name":"wp","href":"https:\/\/api.w.org\/{rel}","templated":true}]}}