{"id":1557,"date":"2023-11-22T15:41:10","date_gmt":"2023-11-22T14:41:10","guid":{"rendered":"https:\/\/www.konvergencie.sk\/shop\/?post_type=product&#038;p=1557"},"modified":"2025-05-22T15:52:55","modified_gmt":"2025-05-22T13:52:55","slug":"nein-zum-krieg-lubimov-spielt-silvestrov-begrenzte-auflage","status":"publish","type":"product","link":"https:\/\/www.konvergencie.sk\/shop\/de\/produkt\/nein-zum-krieg-lubimov-spielt-silvestrov-begrenzte-auflage\/","title":{"rendered":"Nein zum Krieg | Lubimov spielt Silvestrov (begrenzte Auflage)"},"content":{"rendered":"<p>Aufnahme des Konzerts vom 25. September 2022 im Gro\u00dfen Konzertstudio des Slowakischen Nationaltheaters im Rahmen des 23. Internationalen Kammermusikfestivals Konvergencie.<\/p>\n<p>Wir freuen uns sehr, dass wir im Rahmen des Konvergencie-Festivals 2022 ein Konzert pr\u00e4sentieren konnten, bei dem der russische Pianist Alexey Lyubimov Werke seines ukrainischen Freundes Valentin Silvestrov spielte. Diese Verbindung war ein Ausdruck unserer Haltung zum Krieg in der Ukraine. Sie setzte auch ein Zeichen, dass Freiheit, Freundschaft und Respekt die Werte sind, auf denen eine funktionierende Gesellschaft beruht. Das Konzert war eine sehr eindringliche Erfahrung, weshalb wir beschlossen haben, es als physische und digitale CD zu ver\u00f6ffentlichen. Das umfangreiche Booklet enth\u00e4lt Texte von Lucie Stasselova, Daniel Pastircak und Alexey Lyubimov selbst. Die CD ist in einer limitierten Auflage von 300 Exemplaren und 300 Exemplaren des digitalen Albums erh\u00e4ltlich.<\/p>\n<p>&#8222;Ich finde es traurig, dass der Name und die Musik von Valentin Silvestrov, zweifellos einer der interessantesten Komponisten der Gegenwart, erst im Zusammenhang mit dem Krieg in der Ukraine weltweit bekannt wurden. Ich spiele seine Werke, von denen mir einige gewidmet wurden, seit 1968, und in diesen 35 Jahren sind wir enge Freunde geworden. So habe ich die stilistischen Wandlungen in Silvestrovs Musik miterlebt: von der Avantgarde zur Post-Avantgarde, von der neuen Einfachheit zum metaphorischen Stil. In jedem dieser Stile kann man die sehr pers\u00f6nliche und unverwechselbare Stimme eines au\u00dfergew\u00f6hnlichen Komponisten sp\u00fcren. Die Kompositionen auf dieser Aufnahme klingen scheinbar wie Musik aus der Vergangenheit. Sie sind jedoch eine Metapher f\u00fcr die musikalische Sch\u00f6nheit, die wir in unseren Erinnerungen abrufen k\u00f6nnen. Und in dieser melancholischen Sch\u00f6nheit mit ihrer Traurigkeit und Freude steckt mehr Kraft als in der Aggression, unter der die Welt heute steht.&#8220;<\/p>\n<p>Alexey Lyubimov<\/p>\n<p>&#8222;Musik bleibt ein Lied (&#8230;): Sie ist weder eine Philosophie noch eine Weltanschauung.&#8220;<\/p>\n<p>Valentin SILVESTROV<\/p>\n<hr \/>\n<p><strong>Playlist<\/strong>:<\/p>\n<p><strong>Valentin Silvestrov<\/strong> (1937)<\/p>\n<p>1) 3 Bagatellen\/3 Bagatellen op. 1 (2005)<\/p>\n<p>2) 4 St\u00fccke\/4 St\u00fccke op. 2 (2006)<\/p>\n<p>3) Kitsch-Musik (1977)<\/p>\n<p>4) 3 Walzer mit Postludium\/3 Walzer mit Postludium op. 3 (2005 &#8211; 2006)<\/p>\n<p>5) Der Bote\/Der Bote (1996)<\/p>\n<p>Zugabe:<\/p>\n<p>6) Volodymyr Huba (1938 &#8211; 2020): Bekenntnis<\/p>\n<p>Alexei LUBIMOV, Klavier<\/p>\n<hr \/>\n<p><strong>Album enth\u00e4lt<\/strong>: Musik-CD, Booklet, Download-Code f\u00fcr Audio-Dateien<\/p>\n<p><strong>Verlag<\/strong>: Konvergencie, 2022<\/p>\n<p><strong>Ausgabe: <\/strong>Konvergencie LIVE<\/p>\n<p><strong>SOZA &#8211; BIEM<\/strong>: 1749-013-2<\/p>\n<p><strong>EAN<\/strong>: 8588006338119<\/p>\n<p>Aufnahme: RTVS &#8211; Radio und Fernsehen der Slowakei<br \/>\nMix &amp; mastering: Martin \u010cema \/ Andrej \u0160uba \/ Jozef Lupt\u00e1k<\/p>\n<p>\u2117 RTVS &#8211; Radio und Fernsehen der Slowakei und Konvergencie &#8211; Gesellschaft f\u00fcr Kammerkunst, o.z. 2023<\/p>\n<p>\u00a9 o.z. Konvergencie 2023<\/p>\n<p><strong>Kaufen Sie ein digitales Album: <\/strong><a href=\"https:\/\/konvergencie.bandcamp.com\/album\/no-to-war-lubimov-plays-silvestrov\">https:\/\/konvergencie.bandcamp.com\/album\/no-to-war-lubimov-plays-silvestrov<\/a><\/p>\n","protected":false},"excerpt":{"rendered":"<p><strong>(CD, Musik)<\/strong><\/p>\n<p><strong>Konvergencie LIVE<\/strong><\/p>\n<p><a class=\"gombik\" href=\"https:\/\/konvergencie.bandcamp.com\/album\/no-to-war-lubimov-plays-silvestrov\">Digitales Album kaufen<\/a><\/p>\n","protected":false},"featured_media":1973,"template":"","meta":[],"product_brand":[],"product_cat":[56],"product_tag":[],"class_list":{"0":"post-1557","1":"product","2":"type-product","3":"status-publish","4":"has-post-thumbnail","6":"product_cat-cd-de","8":"first","9":"instock","10":"shipping-taxable","11":"purchasable","12":"product-type-simple"},"supplier_id":null,"supplier_sku":"","barcode":null,"atum_controlled":true,"out_stock_date":null,"out_stock_threshold":null,"inheritable":false,"inbound_stock":0,"stock_on_hold":0,"sold_today":0,"sales_last_days":0,"reserved_stock":0,"customer_returns":0,"warehouse_damage":0,"lost_in_post":0,"other_logs":0,"out_stock_days":0,"lost_sales":0,"has_location":false,"update_date":"2026-04-28T23:23:46","atum_locations":[],"atum_stock_status":"instock","restock_status":false,"low_stock_amount":3,"sales_update_date":"2026-04-28T23:23:46","calc_backorders":null,"_links":{"self":[{"href":"https:\/\/www.konvergencie.sk\/shop\/wp-json\/wp\/v2\/product\/1557","targetHints":{"allow":["GET"]}}],"collection":[{"href":"https:\/\/www.konvergencie.sk\/shop\/wp-json\/wp\/v2\/product"}],"about":[{"href":"https:\/\/www.konvergencie.sk\/shop\/wp-json\/wp\/v2\/types\/product"}],"wp:featuredmedia":[{"embeddable":true,"href":"https:\/\/www.konvergencie.sk\/shop\/wp-json\/wp\/v2\/media\/1973"}],"wp:attachment":[{"href":"https:\/\/www.konvergencie.sk\/shop\/wp-json\/wp\/v2\/media?parent=1557"}],"wp:term":[{"taxonomy":"product_brand","embeddable":true,"href":"https:\/\/www.konvergencie.sk\/shop\/wp-json\/wp\/v2\/product_brand?post=1557"},{"taxonomy":"product_cat","embeddable":true,"href":"https:\/\/www.konvergencie.sk\/shop\/wp-json\/wp\/v2\/product_cat?post=1557"},{"taxonomy":"product_tag","embeddable":true,"href":"https:\/\/www.konvergencie.sk\/shop\/wp-json\/wp\/v2\/product_tag?post=1557"}],"curies":[{"name":"wp","href":"https:\/\/api.w.org\/{rel}","templated":true}]}}