{"id":1628,"date":"2023-12-04T18:55:58","date_gmt":"2023-12-04T17:55:58","guid":{"rendered":"https:\/\/www.konvergencie.sk\/shop\/?post_type=product&#038;p=1628"},"modified":"2025-12-18T12:09:04","modified_gmt":"2025-12-18T11:09:04","slug":"spolocne-ihriska-lp","status":"publish","type":"product","link":"https:\/\/www.konvergencie.sk\/shop\/produkt\/spolocne-ihriska-lp\/","title":{"rendered":"Spolo\u010dn\u00e9 ihrisk\u00e1 (LP)"},"content":{"rendered":"<p>Spolo\u010dn\u00e9 ihrisk\u00e1 \u2013 album z nezabudnute\u013en\u00e9ho koncertu. Slovensk\u00e9 detsk\u00e9 \u013eudov\u00e9 piesne, jazzov\u00e9 kvinteto Tibora Felediho, 30-\u010dlenn\u00fd spev\u00e1cky zbor, sl\u00e1\u010dikov\u00e9 kvarteto a pln\u00e9 n\u00e1dvorie Starej radnice v Bratislave \u2013 to bol koncert \u201eSpolo\u010dn\u00e9 ihrisk\u00e1\u201c na festivale Konvergencie na jese\u0148 2022. Ohlasy boli tak\u00e9 siln\u00e9 a nahr\u00e1vka tak\u00e1 vydaren\u00e1, \u017ee v\u00e1m ju prin\u00e1\u0161ame na CD aj LP. Preto\u017ee dobrej hudby nikdy nie je dos\u0165.<\/p>\n<p><strong>Viac o\u00a0titule<\/strong><\/p>\n<p>Sme radi pri tom, ked\u030c vznika\u0301 niec\u030co nove\u0301 a ins\u030cpiruju\u0301ce. Spoloc\u030cne\u0301 ihriska\u0301 prina\u0301s\u030caju\u0301 spojenie niekol\u030cky\u0301ch hudobny\u0301ch aj l\u030cudsky\u0301ch rovi\u0301n \u2013 slovenske\u0301 l\u030cudove\u0301 piesne, moderny\u0301 jazz, sla\u0301c\u030cikove\u0301 kvarteto, zbor \u2013 tieto prepojenia su\u0301 na\u0301m na Konvergencia\u0301ch bli\u0301zke. Spa\u0301jame, aby vzniklo niec\u030co nove\u0301. Na festivale Konvergencie sa to podarilo, vynikaju\u0301co zahraty\u0301 koncert mal taku\u0301 dobru\u0301 atmosfe\u0301ru, z\u030ce sme sa rozhodli preniest\u030c tento za\u0301z\u030citok d\u030calej. Veri\u0301me, z\u030ce va\u0301s ta\u0301to hudba potes\u030ci\u0301 tak, ako potes\u030cila na\u0301s, ked\u030c sme ju poc\u030cu\u0301vali na na\u0301dvori\u0301 Starej radnice v septembri 2022.<\/p>\n<p>Jozef LUPT\u00c1K<\/p>\n<p><strong>Pre\u010d\u00edtajte si pr\u00edbeh vzniku na port\u00e1li Startlab, kde prebiehala kampa\u0148 na podporu vydania albumu:<br \/>\n<\/strong><a href=\"https:\/\/www.startlab.sk\/projekty\/3315-spolocne-ihriska-album-z-nezabudnutelneho-koncertu\">https:\/\/www.startlab.sk\/projekty\/3315-spolocne-ihriska-album-z-nezabudnutelneho-koncertu<\/a><\/p>\n<p><strong>Vypo\u010dujte si hudobn\u00e9 uk\u00e1\u017eky: <\/strong><a href=\"https:\/\/soundcloud.com\/tibor-tibso-feledi\/sets\/spolocne-ihriska-ukazky\">https:\/\/soundcloud.com\/tibor-tibso-feledi\/sets\/spolocne-ihriska-ukazky<\/a><\/p>\n<p><strong>Zak\u00fapte si digit\u00e1lny album: <\/strong><a href=\"https:\/\/konvergencie.bandcamp.com\/album\/common-playgrounds-live-at-konvergencie-festival-2022\">https:\/\/konvergencie.bandcamp.com\/album\/common-playgrounds-live-at-konvergencie-festival-2022<\/a><\/p>\n<hr \/>\n<p><strong>Zoznam skladieb<\/strong><\/p>\n<p><strong>Strana A<\/strong><\/p>\n<ol>\n<li>Spievanky, spievanky<\/li>\n<li>Pr\u0161\u00ed, pr\u0161\u00ed<\/li>\n<li>Slnie\u010dko sa zobudilo<\/li>\n<\/ol>\n<p><strong>Strana B<\/strong><\/p>\n<ol start=\"4\">\n<li>D\u00ednom, d\u00e1nom<\/li>\n<li>\u010ci\u017e\u00ed\u010dek, \u010di\u017e\u00ed\u010dek<\/li>\n<li>Zlat\u00e1 br\u00e1na<\/li>\n<\/ol>\n<p><strong>LP obsahuje:<\/strong>\u00a0vinyl, hru Spolo\u010dn\u00e9 ihrisk\u00e1, fenakistoskopy, k\u00f3d na stiahnutie audios\u00faborov<\/p>\n<hr \/>\n<p><strong>Vydavate\u013e:<\/strong> Konvergencie, 2023<\/p>\n<p><strong>Ed\u00edcia:<\/strong> Konvergencie LIVE<\/p>\n<p>KONV-LP-01<\/p>\n<p><strong>SOZA &#8211; BIEM:<\/strong> 1749-012-1<\/p>\n<p><strong>EAN:<\/strong> 8588006338003<\/p>\n<hr \/>\n<p><strong>Spolo\u010dn\u00e9 ihrisk\u00e1 <\/strong><em>Common Playgrounds<\/em><\/p>\n<p>Na\u017eivo na festivale Konvergencie 2022 <em>Live at Konvergencie Festival 2022<\/em><\/p>\n<p><strong>Tibor Feledi Kairos Quintet<\/strong><\/p>\n<p>Tibor Feledi \u2013 kl\u00e1vesov\u00e9 n\u00e1stroje \/ <em>keyboard instruments<\/em><br \/>\nLenka Mol\u010d\u00e1nyiov\u00e1 \u2013 altov\u00fd saxof\u00f3n <em>\/ alto saxophone<\/em><br \/>\nMichal C\u00e1lik \u2013 tr\u00fabka \/ <em>trumpet<\/em><br \/>\nMichal \u0160elep \u2013 basov\u00e1 gitara a\u00a0synth \/ <em>bass guitar and synth<\/em><br \/>\nJuraj D\u00e1vid Ra\u0161i \u2013 bicie \/ <em>drums<\/em><\/p>\n<p>*<\/p>\n<p><strong>Detsk\u00fd a diev\u010densk\u00fd spev\u00e1cky zbor Slovensk\u00e9ho rozhlasu<\/strong> \/ <em>Slovak Radio Children and Girls Choir<\/em>, Adrian Koko\u0161 \u2013 dirigent, umeleck\u00fd ved\u00faci \/ <em>conductor, artistic director<\/em><\/p>\n<p>*<\/p>\n<p>Karol\u00edna Krigovsk\u00e1 \u2013 husle \/ <em>violin<br \/>\n<\/em>Tereza Ku\u010derov\u00e1 \u2013 husle \/ <em>violin<br \/>\n<\/em>M\u00e1ria \u0160\u010derb\u00e1kov\u00e1 \u2013 viola \/ <em>viola<br \/>\n<\/em>Marcel Petr\u00e1\u0161 \u2013 violon\u010delo \/ <em>cello<\/em><\/p>\n<p>kompoz\u00edcia a\u00a0aran\u017em\u00e1ny \/ <em>composition and arrangements:<\/em> Tibor Feledi<\/p>\n<p><em>Vznik aran\u017em\u00e1nov z verejn\u00fdch zdrojov podporil Fond na podporu umenia, s\u00a0finan\u010dn\u00fdm pr\u00edspevkom Hudobn\u00e9ho fondu. \/ <\/em><em>The music arrangements were supported by the Slovak Arts Council with a\u00a0contribution by the Music Centre.<\/em><\/p>\n<p>nahr\u00e1vka \/ <i><em>recording engineer: <\/em><\/i>Martin \u010cema \/ Cobra Sound<br \/>\nmix &amp; mastering: Martin \u010cema, Tibor Feledi<br \/>\nilustr\u00e1cie \/ <em>ilustrations:<\/em> Nat\u00e1lia Feledi Rakov\u00e1<br \/>\ndesign &amp; layout: Jakub Mikula<br \/>\nprodukcia \/ <em>production:<\/em> Konvergencie \u2013 spolo\u010dnos\u0165 pre komorn\u00e9 umenie, o.z.<\/p>\n","protected":false},"excerpt":{"rendered":"<p><strong>(LP, hudba)<\/strong><\/p>\n<p><strong><u>Konvergencie LIVE<\/u><\/strong><\/p>\n<p>nahr\u00e1vka z\u00a0koncertu 24. 9. 2022 na N\u00e1dvor\u00ed Starej radnice po\u010das 23. ro\u010dn\u00edka medzin\u00e1rodn\u00e9ho festivalu komornej hudby Konvergencie<\/p>\n<p><a class=\"gombik\" href=\"https:\/\/konvergencie.bandcamp.com\/album\/common-playgrounds-live-at-konvergencie-festival-2022\">K\u00fapi\u0165 digit\u00e1lny album<\/a><\/p>\n","protected":false},"featured_media":1970,"template":"","meta":[],"product_brand":[],"product_cat":[466],"product_tag":[],"class_list":{"0":"post-1628","1":"product","2":"type-product","3":"status-publish","4":"has-post-thumbnail","6":"product_cat-lp","8":"first","9":"instock","10":"shipping-taxable","11":"purchasable","12":"product-type-simple"},"supplier_id":null,"supplier_sku":"","barcode":null,"atum_controlled":true,"out_stock_date":null,"out_stock_threshold":null,"inheritable":false,"inbound_stock":0,"stock_on_hold":0,"sold_today":0,"sales_last_days":0,"reserved_stock":0,"customer_returns":0,"warehouse_damage":0,"lost_in_post":0,"other_logs":0,"out_stock_days":0,"lost_sales":0,"has_location":false,"update_date":"2026-04-28T23:23:54","atum_locations":[],"atum_stock_status":"instock","restock_status":false,"low_stock_amount":3,"sales_update_date":"2026-04-28T23:23:54","calc_backorders":null,"_links":{"self":[{"href":"https:\/\/www.konvergencie.sk\/shop\/wp-json\/wp\/v2\/product\/1628","targetHints":{"allow":["GET"]}}],"collection":[{"href":"https:\/\/www.konvergencie.sk\/shop\/wp-json\/wp\/v2\/product"}],"about":[{"href":"https:\/\/www.konvergencie.sk\/shop\/wp-json\/wp\/v2\/types\/product"}],"wp:featuredmedia":[{"embeddable":true,"href":"https:\/\/www.konvergencie.sk\/shop\/wp-json\/wp\/v2\/media\/1970"}],"wp:attachment":[{"href":"https:\/\/www.konvergencie.sk\/shop\/wp-json\/wp\/v2\/media?parent=1628"}],"wp:term":[{"taxonomy":"product_brand","embeddable":true,"href":"https:\/\/www.konvergencie.sk\/shop\/wp-json\/wp\/v2\/product_brand?post=1628"},{"taxonomy":"product_cat","embeddable":true,"href":"https:\/\/www.konvergencie.sk\/shop\/wp-json\/wp\/v2\/product_cat?post=1628"},{"taxonomy":"product_tag","embeddable":true,"href":"https:\/\/www.konvergencie.sk\/shop\/wp-json\/wp\/v2\/product_tag?post=1628"}],"curies":[{"name":"wp","href":"https:\/\/api.w.org\/{rel}","templated":true}]}}