{"id":1657,"date":"2023-12-04T18:55:58","date_gmt":"2023-12-04T17:55:58","guid":{"rendered":"https:\/\/www.konvergencie.sk\/shop\/?post_type=product&#038;p=1657"},"modified":"2025-12-07T12:43:19","modified_gmt":"2025-12-07T11:43:19","slug":"common-playgrounds-lp","status":"publish","type":"product","link":"https:\/\/www.konvergencie.sk\/shop\/en\/produkt\/common-playgrounds-lp\/","title":{"rendered":"Common Playgrounds (LP)"},"content":{"rendered":"<p>Common Playgrounds &#8211; an album from an unforgettable concert. Slovak children&#8217;s folk songs, Tibor Feledi&#8217;s jazz quintet, a 30-member choir, a string quartet and a full courtyard of the Old Town Hall in Bratislava &#8211; that was the concert &#8222;Common Playgrounds&#8220; at the Konvergencie Festival in autumn 2022. The response was so strong and the recording so successful that we bring it to you on CD and LP. Because there is never enough good music.<\/p>\n<p><strong>More about the title<\/strong><\/p>\n<p>We love it when something new and inspiring is created. Common Playgrounds brings together several musical and human planes &#8211; Slovak folk songs, modern jazz, string quartet, choir &#8211; these connections are close to our hearts at Konvergencie. We combine to create something new. At the Konvergencie festival we succeeded, the concert was so well played and had such a good atmosphere that we decided to take the experience further. We hope that you will enjoy this music as much as we did when we listened to it in the courtyard of the Old Town Hall in September 2022.<\/p>\n<p>Jozef LUPT\u00c1K<\/p>\n<p><strong>Read the origin story on Startlab, where there was a campaign to support the release of the album<\/strong>:<br \/>\n<a href=\"https:\/\/www.startlab.sk\/projekty\/3315-spolocne-ihriska-album-z-nezabudnutelneho-koncertu\">https:\/\/www.startlab.sk\/projekty\/3315-spolocne-ihriska-album-z-nezabudnutelneho-koncertu<\/a><\/p>\n<p><strong>Listen to music samples:<\/strong> <a href=\"https:\/\/soundcloud.com\/tibor-tibso-feledi\/sets\/spolocne-ihriska-ukazky\">https:\/\/soundcloud.com\/tibor-tibso-feledi\/sets\/spolocne-ihriska-ukazky<\/a><\/p>\n<p><strong>Buy the digital album:<\/strong> <a href=\"https:\/\/konvergencie.bandcamp.com\/album\/common-playgrounds-live-at-konvergencie-festival-2022\">https:\/\/konvergencie.bandcamp.com\/album\/common-playgrounds-live-at-konvergencie-festival-2022<\/a><\/p>\n<hr \/>\n<p><strong>Playlist<\/strong><\/p>\n<p><strong>Side A<\/strong><\/p>\n<ol>\n<li>Little Songs<\/li>\n<li>It Rains<\/li>\n<li>The Sun Awakens<\/li>\n<\/ol>\n<p><strong>Strana B<\/strong><\/p>\n<ol start=\"4\">\n<li>D\u00ednom, d\u00e1nom<\/li>\n<li>Spinus Spinus<\/li>\n<li>The Golden Portal<\/li>\n<\/ol>\n<p>LP includes: vinyl, Common Playgrounds game, phenakistoscopes, audio download code<\/p>\n<hr \/>\n<p><strong>Publisher:<\/strong> Konvergencie, 2023<\/p>\n<p><strong>Edition:<\/strong> Konvergencie LIVE<\/p>\n<p>KONV-LP-01<\/p>\n<p><strong>SOZA &#8211; BIEM:<\/strong> 1749-012-1<\/p>\n<p><strong>EAN:<\/strong> 8588006338003<\/p>\n<hr \/>\n<p><strong>Common Playgrounds<\/strong><\/p>\n<p>Live at Konvergencie Festival 2022<\/p>\n<p><strong>Tibor Feledi Kairos Quintet<\/strong><\/p>\n<p>Tibor Feledi &#8211; keyboard instruments<br \/>\nLenka Mol\u010d\u00e1nyiov\u00e1 &#8211; alto saxophone<br \/>\nMichal C\u00e1lik &#8211; trumpet<br \/>\nMichal \u0160elep &#8211; bass guitar and synth<br \/>\nJuraj D\u00e1vid Ra\u0161i &#8211; drums<\/p>\n<p>*<\/p>\n<p><strong>Slovak Radio Children and Girls Choir<\/strong>, Adrian Koko\u0161 &#8211; conductor, artistic director<\/p>\n<p>*<\/p>\n<p>Karol\u00edna Krigovsk\u00e1 &#8211; violin<br \/>\nTereza Ku\u010derov\u00e1 &#8211; violin<br \/>\nM\u00e1ria \u0160\u010derb\u00e1kov\u00e1 &#8211; viola<br \/>\nMarcel Petr\u00e1\u0161 &#8211; cello<\/p>\n<p>composition and arrangements: Tibor Feledi<\/p>\n<p>The music arrangements were supported by the Slovak Arts Council with a contribution by the Music Centre.<\/p>\n<p>recording engineer: Martin \u010cema \/ Cobra Sound<br \/>\nmix &amp; mastering: Martin \u010cema, Tibor Feledi<br \/>\nilustrations: Nat\u00e1lia Feledi Rakov\u00e1<br \/>\ndesign &amp; layout: Jakub Mikula<br \/>\nproduction: Konvergencie &#8211; society for chamber arts, o.z.<\/p>\n","protected":false},"excerpt":{"rendered":"<p><strong>(LP, music)<\/strong><\/p>\n<p><strong>Konvergencie LIVE<\/strong><\/p>\n<p>recording from the concert on 24 September 2022 at the Old Town Hall Courtyard during the 23rd International Chamber Music Festival Konvergencie<\/p>\n<p><a href=\"https:\/\/konvergencie.bandcamp.com\/album\/common-playgrounds-live-at-konvergencie-festival-2022\">Buy digital album<\/a><\/p>\n","protected":false},"featured_media":1943,"template":"","meta":[],"product_brand":[],"product_cat":[611],"product_tag":[],"class_list":{"0":"post-1657","1":"product","2":"type-product","3":"status-publish","4":"has-post-thumbnail","6":"product_cat-lp-en","8":"first","9":"instock","10":"shipping-taxable","11":"purchasable","12":"product-type-simple"},"supplier_id":null,"supplier_sku":"","barcode":null,"atum_controlled":true,"out_stock_date":null,"out_stock_threshold":null,"inheritable":false,"inbound_stock":0,"stock_on_hold":0,"sold_today":0,"sales_last_days":0,"reserved_stock":0,"customer_returns":0,"warehouse_damage":0,"lost_in_post":0,"other_logs":0,"out_stock_days":0,"lost_sales":0,"has_location":false,"update_date":"2026-04-28T23:23:54","atum_locations":[],"atum_stock_status":"instock","restock_status":false,"low_stock_amount":3,"sales_update_date":"2026-04-28T23:23:54","calc_backorders":null,"_links":{"self":[{"href":"https:\/\/www.konvergencie.sk\/shop\/wp-json\/wp\/v2\/product\/1657","targetHints":{"allow":["GET"]}}],"collection":[{"href":"https:\/\/www.konvergencie.sk\/shop\/wp-json\/wp\/v2\/product"}],"about":[{"href":"https:\/\/www.konvergencie.sk\/shop\/wp-json\/wp\/v2\/types\/product"}],"wp:featuredmedia":[{"embeddable":true,"href":"https:\/\/www.konvergencie.sk\/shop\/wp-json\/wp\/v2\/media\/1943"}],"wp:attachment":[{"href":"https:\/\/www.konvergencie.sk\/shop\/wp-json\/wp\/v2\/media?parent=1657"}],"wp:term":[{"taxonomy":"product_brand","embeddable":true,"href":"https:\/\/www.konvergencie.sk\/shop\/wp-json\/wp\/v2\/product_brand?post=1657"},{"taxonomy":"product_cat","embeddable":true,"href":"https:\/\/www.konvergencie.sk\/shop\/wp-json\/wp\/v2\/product_cat?post=1657"},{"taxonomy":"product_tag","embeddable":true,"href":"https:\/\/www.konvergencie.sk\/shop\/wp-json\/wp\/v2\/product_tag?post=1657"}],"curies":[{"name":"wp","href":"https:\/\/api.w.org\/{rel}","templated":true}]}}