{"id":17,"date":"2020-04-18T12:57:37","date_gmt":"2020-04-18T10:57:37","guid":{"rendered":"http:\/\/nechsapaci.info\/konvergencie\/?post_type=product&#038;p=17"},"modified":"2025-12-07T14:04:25","modified_gmt":"2025-12-07T13:04:25","slug":"konvergencie-20","status":"publish","type":"product","link":"https:\/\/www.konvergencie.sk\/shop\/produkt\/konvergencie-20\/","title":{"rendered":"CD Konvergencie 20"},"content":{"rendered":"<p><strong>Viac o titule<\/strong><\/p>\n<p>Album na \u010dasovej ploche 60 min\u00fat ukazuje \u0161irok\u00fd z\u00e1ber a kvalitu festivalov\u00fdch produkci\u00ed z bohat\u00e9ho arch\u00edvu live z\u00e1znamov. Polovicu trvania tvoria uk\u00e1\u017eky z diel klasickej hudby (Mendelssohn \u2013 Piese\u0148 bez slov, Dohn\u00e1nyi \u2013 Klav\u00edrne kvinteto c mol, \u0160ostakovi\u010d \u2013 Klav\u00edrne trio \u010d. 2 e mol a i.), ktor\u00e9 vznikli v spolupr\u00e1ci renomovan\u00fdch dom\u00e1cich a zahrani\u010dn\u00fdch interpretov, zvy\u0161n\u00e1 polovica je rozdelen\u00e1 medzi hudbu 20. storo\u010dia (o. i. M. Varga: Antifona, \u017eiv\u00fd z\u00e1znam J. Lupt\u00e1ka a M. Vargu, Piazzolla Five Tango Sensations s B. Lenkom a i.) a \u201enonartifici\u00e1lnu\u201c hudbu (jazz, world music, medzi\u017e\u00e1nrov\u00e9 presahy).<\/p>\n<p><strong>Album obsahuje:<\/strong>\u00a0hudobn\u00e9 <u>CD<\/u>, booklet<\/p>\n<p><strong>Interpreti:<br \/>\n<\/strong>R. Cohen, Y. Gotlibovich, I. Kar\u0161ko, J. Kar\u0161kov\u00e1, I. Kelarov\u00e1, B. Lenko, J. Lupt\u00e1k, S. Tandree, I. Prista\u0161ov\u00e1, B. Schmid, M. Skuta, N. Skuta, M. Svetl\u00edk, R. \u0160ebesta, P. \u0160est\u00e1k, M. Varga, P. Zwiebel, Pacora trio, Bratislavsk\u00ed komorn\u00ed s\u00f3listi, Opera Aperta<\/p>\n<p>Nahran\u00e9 po\u010das koncertov medzin\u00e1rodn\u00e9ho festivalu komornej hudby Konvergencie 2001-2019<\/p>\n<p><strong>Mix a mastering:<\/strong> Robert Pospi\u0161 &amp; Martin Sillay \/ Real Music House, Martin \u010cema (track 12)<\/p>\n<p><strong>Vydavate\u013e:<\/strong> Konvergencie, 2019<\/p>\n<p><strong>Ed\u00edcia:<\/strong> Konvergencie LIVE<\/p>\n<p><strong>Zoznam skladieb<\/strong><\/p>\n<p><b>01 Ern\u0151 von Dohn\u00e1nyi \/ <\/b><i><span style=\"font-weight: 400;\">Seren\u00e1da pre sl\u00e1\u010dikov\u00e9 trio, op. 10 \/ Serenade for a String Trio, Op. 10 \/ <\/span><\/i><span style=\"font-weight: 400;\">I. Marcia: Allegro\u00a0<\/span><\/p>\n<p><b>02 Reinhold Gli\u00e8re \/ <\/b><i><span style=\"font-weight: 400;\">Osem skladieb pre husle a violon\u010delo, op. 39 \/ Huit Morceaux pour Violon et Violoncelle, Op. 39 \/ <\/span><\/i><span style=\"font-weight: 400;\">III. Berceuse\u00a0<\/span><\/p>\n<p><b>03 Reinhold Gli\u00e8re \/ <\/b><i><span style=\"font-weight: 400;\">Desa\u0165 duet pre dve violon\u010del\u00e1, op. 53 \/ Dix Duos pour deux Violoncelles, Op.53 \/ <\/span><\/i><span style=\"font-weight: 400;\">II. Leggiero<\/span><\/p>\n<p><b>04 Dmitrij \u0160ostakovi\u010d \/ <\/b><i><span style=\"font-weight: 400;\">Klav\u00edrne trio \u010d. 2 e mol, op. 67 \/Piano Trio No. 2 in E Minor, Op. 67 <\/span><\/i><span style=\"font-weight: 400;\">III. Largo\u00a0<\/span><\/p>\n<p><b>05 Ern\u0151 von Dohn\u00e1nyi \/ <\/b><i><span style=\"font-weight: 400;\">Klav\u00edrne kvinteto \u010d. 1 c mol, op. 1 \/ Piano Quintet No. 1 in C Minor, Op. 1<\/span><\/i><\/p>\n<p><b>06 Bohuslav Martin\u016f \/ <\/b><i><span style=\"font-weight: 400;\">Klav\u00edrne trio \u010d. 2 d mol H 327 \/ Piano Trio No. 2 in D Minor H 327 <\/span><\/i><span style=\"font-weight: 400;\">III. Allegro<\/span><\/p>\n<p><b>07 Felix Mendelssohn \/ <\/b><i><span style=\"font-weight: 400;\">Piese\u0148 bez slov, op. 109<\/span><\/i><span style=\"font-weight: 400;\"> \/ <\/span><i><span style=\"font-weight: 400;\">Lied ohne Worte, Op. 109<\/span><\/i><\/p>\n<p><b>08 Astor Piazzolla \/ <\/b><i><span style=\"font-weight: 400;\">Five Tango Sensations \/ <\/span><\/i><span style=\"font-weight: 400;\">II. \u201eLoving\u201c<\/span><\/p>\n<p><b>09 <\/b><i><span style=\"font-weight: 400;\">Joj, mamo<\/span><\/i><span style=\"font-weight: 400;\"> \/ Ida Kelarov\u00e1, Ondrej Kraj\u0148\u00e1k<\/span><\/p>\n<p><b>10 Pacora trio &amp; Komorn\u00ed s\u00f3listi Bratislava \/ <\/b><i><span style=\"font-weight: 400;\">Halu\u0161ka<\/span><\/i><\/p>\n<p><b>11 Mari\u00e1n Varga \/ <\/b><i><span style=\"font-weight: 400;\">Antifona<\/span><\/i><span style=\"font-weight: 400;\">\u00a0<\/span><\/p>\n<p><b>12 Oliver Messiaen \/ <\/b><i><span style=\"font-weight: 400;\">Quatuor pour la fin du temps \/ <\/span><\/i><span style=\"font-weight: 400;\">VI. Louange \u00e0 l&#8217;\u00c9ternit\u00e9 de J\u00e9sus\/ Praise to the eternity of Jesus\u00a0<\/span><\/p>\n<p><b>13 Daniel Matej \/ <\/b><i><span style=\"font-weight: 400;\">Wenn Wir in h\u00f6chsten Noten sein<\/span><\/i><\/p>\n<p><b>14<\/b> <b>Peter Ablinger \/ <\/b><i><span style=\"font-weight: 400;\">B-A-C-H pre violu, basklarinet a kl\u00e1vesy<\/span><\/i><\/p>\n","protected":false},"excerpt":{"rendered":"<p>Prv\u00e9 CD z nahr\u00e1vok koncertov festivalu Konvergencie z jeho doteraj\u0161\u00edch 20 ro\u010dn\u00edkov.<\/p>\n","protected":false},"featured_media":1994,"template":"","meta":[],"product_brand":[],"product_cat":[16],"product_tag":[],"class_list":{"0":"post-17","1":"product","2":"type-product","3":"status-publish","4":"has-post-thumbnail","6":"product_cat-cd","8":"first","9":"instock","10":"shipping-taxable","11":"purchasable","12":"product-type-simple"},"supplier_id":null,"supplier_sku":"","barcode":null,"atum_controlled":true,"out_stock_date":null,"out_stock_threshold":null,"inheritable":false,"inbound_stock":0,"stock_on_hold":0,"sold_today":0,"sales_last_days":0,"reserved_stock":0,"customer_returns":0,"warehouse_damage":0,"lost_in_post":0,"other_logs":0,"out_stock_days":0,"lost_sales":0,"has_location":false,"update_date":"2026-04-28T23:23:53","atum_locations":[],"atum_stock_status":"instock","restock_status":false,"low_stock_amount":5,"sales_update_date":"2026-04-28T23:23:53","calc_backorders":null,"_links":{"self":[{"href":"https:\/\/www.konvergencie.sk\/shop\/wp-json\/wp\/v2\/product\/17","targetHints":{"allow":["GET"]}}],"collection":[{"href":"https:\/\/www.konvergencie.sk\/shop\/wp-json\/wp\/v2\/product"}],"about":[{"href":"https:\/\/www.konvergencie.sk\/shop\/wp-json\/wp\/v2\/types\/product"}],"wp:featuredmedia":[{"embeddable":true,"href":"https:\/\/www.konvergencie.sk\/shop\/wp-json\/wp\/v2\/media\/1994"}],"wp:attachment":[{"href":"https:\/\/www.konvergencie.sk\/shop\/wp-json\/wp\/v2\/media?parent=17"}],"wp:term":[{"taxonomy":"product_brand","embeddable":true,"href":"https:\/\/www.konvergencie.sk\/shop\/wp-json\/wp\/v2\/product_brand?post=17"},{"taxonomy":"product_cat","embeddable":true,"href":"https:\/\/www.konvergencie.sk\/shop\/wp-json\/wp\/v2\/product_cat?post=17"},{"taxonomy":"product_tag","embeddable":true,"href":"https:\/\/www.konvergencie.sk\/shop\/wp-json\/wp\/v2\/product_tag?post=17"}],"curies":[{"name":"wp","href":"https:\/\/api.w.org\/{rel}","templated":true}]}}