{"id":1716,"date":"2024-07-11T21:29:09","date_gmt":"2024-07-11T19:29:09","guid":{"rendered":"https:\/\/www.konvergencie.sk\/shop\/?post_type=product&#038;p=1716"},"modified":"2025-12-02T21:13:46","modified_gmt":"2025-12-02T20:13:46","slug":"building-bridges-spev-cd-4","status":"publish","type":"product","link":"https:\/\/www.konvergencie.sk\/shop\/en\/produkt\/building-bridges-spev-cd-4\/","title":{"rendered":"Building Bridges: SPEV (CD)"},"content":{"rendered":"<p><strong>Slovak and Norwegian musical leaders from the fields of jazz, classical music and world music joined together in the Building Bridges project in 2022. The inspiring clash of genres, temperaments and influences of Nordic and local folk music is personified in the album SPEV, which was recorded in March 2024 at the Empire Theatre in Hlohovec.<\/strong><\/p>\n<p>The Norwegian-Slovak project Building Bridges builds bridges through music. If you build a bridge, it allows you to get to know the other shore &#8211; unknown worlds, where distant people become acquaintances, acquaintances become friends. By building bridges, you are not only creating space for yourself, but also for others: a community, a city, a country, perhaps the whole world. We first met the phenomenal musician, composer and improviser Nils \u00d8kland in Oslo. When he picked out a Hardanger violin and played a few tunes, I began to suspect that we were in for an exciting new musical adventure together with accordionist Boris Lenko and clarinetist Bra\u0148o Dugovi\u010d, who move with ease through different genres and styles. Joining him on our journey are singers \u00c5sne Valland Nordli, Gabriela Kov\u00e1\u010dikov\u00e1 and double bassist R\u00f3bert Ragan. Rehearsals, concerts and recording turned into an exploration of new musical worlds where our experiences, poetics, temperaments met, complemented and created magical soundscapes of freedom, beauty, memories and shared discovery. We know that we cannot change the world with this project. But we can contribute to change, inspire, encourage&#8230;\u00a0If music could shape more of our everyday interactions, we would be better off. We live in uncertain times, we need understanding like salt.<\/p>\n<p>Jozef Lupt\u00e1k &#8211; cellist, bridge builder<\/p>\n<hr \/>\n<p><strong>ALBUM contains:<\/strong><\/p>\n<p>CD (12 tracks) + WAV download (12 tracks) + pdf booklet<\/p>\n<p><strong>All about the SPEV album<\/strong>: <a href=\"https:\/\/www.konvergencie.sk\/spev\/\">https:\/\/www.konvergencie.sk\/spev\/<\/a><\/p>\n<p><strong>Purchase the digital album<\/strong>: <a href=\"https:\/\/konvergencie.bandcamp.com\/album\/spev\">https:\/\/konvergencie.bandcamp.com\/album\/spev<\/a><\/p>\n<p><strong>Single Most\/Bro (stream)<\/strong>: <a href=\"https:\/\/rukahore.ffm.to\/buildingbridges_mostbro\">https:\/\/rukahore.ffm.to\/buildingbridges_mostbro<\/a><\/p>\n<p><strong>Press Release<\/strong>: <a href=\"https:\/\/www.konvergencie.sk\/wp-content\/uploads\/2024\/07\/TS-Building-Bridges-24.06.2024_upr.pdf\">https:\/\/www.konvergencie.sk\/wp-content\/uploads\/2024\/07\/TS-Building-Bridges-24.06.2024_upr.pdf<\/a><\/p>\n<hr \/>\n<p>Playlist<\/p>\n<ol>\n<li><strong>Most \/ Bro <\/strong><\/li>\n<li><strong>Hymnus <\/strong><\/li>\n<li><strong>Usni <\/strong><\/li>\n<li><strong>\u00d8kludule <\/strong><\/li>\n<li><strong>Var <\/strong><\/li>\n<li><strong>Sullarkrakk <\/strong><\/li>\n<li><strong>Bygdedans <\/strong><\/li>\n<li><strong>Neviem <\/strong><\/li>\n<li><strong>Vari\u0165 alebo objedna\u0165<\/strong><\/li>\n<li><strong>Huskesnor <\/strong><\/li>\n<li><strong>Solsnu <\/strong><\/li>\n<li><strong>Endspev <\/strong><\/li>\n<\/ol>\n<p>Total time: 51:07<\/p>\n<hr \/>\n<p><strong>Building Bridges<br \/>\n<\/strong>Nils \u00d8KLAND (NO), Hardanger fiddle<\/p>\n<p>Jozef LUPT\u00c1K, cello<\/p>\n<p>Boris LENKO, accordion, bandoneon<\/p>\n<p>Branislav DUGOVI\u010c, clarinet, bassclarinet<\/p>\n<p>Robert RAGAN, double bass<\/p>\n<p>Gabriela KOV\u00c1\u010cIKOV\u00c1, voice<\/p>\n<p>\u00c5sne VALLAND NORDLI (NO), voice<\/p>\n<p><strong>Arrangements<\/strong>: Building Bridges: Nils \u00d8kland, Jozef Lupt\u00e1k, Boris Lenko, Branislav Dugovi\u010d, Robert Ragan, \u00c5sne Valland Nordli, Gabriela Kov\u00e1\u010dikov\u00e1<\/p>\n<hr \/>\n<p>The recording was made on 17 &#8211; 20 March 2024 at the Empire Theatre in Hlohovec<\/p>\n<p>recording and mix: Audun Strype<\/p>\n<p>mastering: Audun Strype, Strype Audio, Oslo, Norway<\/p>\n<p>music producer: Daniel Salontay<\/p>\n<p>booklet editor: Andrej \u0160uba, M\u00e1ria Boh\u00e1\u010dov\u00e1<\/p>\n<p>photos: R\u00f3bert Ragan<\/p>\n<p>design &amp; layout: Zuzana \u010c\u00ed\u010delov\u00e1<\/p>\n<p>production manager: Lea Majer\u010d\u00e1kov\u00e1<\/p>\n<p>executive producer: Jozef Lupt\u00e1k<\/p>\n<p>Building Bridges Project Leader: Jozef Lupt\u00e1k, Andrej \u0160uba, Lea Majer\u010d\u00e1kov\u00e1 \/ Konvergencie<\/p>\n<p>Building Bridges Project Partner: Kjell Kalleklev \/ Kalleklev Management AS<\/p>\n<p><strong>soza\u2009\u2013\u2009biem<\/strong>:\u20041749-014-2<br \/>\n<strong>ean<\/strong>:\u00a08588006338300<\/p>\n<p>\u2117\u2002\u00a9\u2002Konvergencie 2024<br \/>\nAll rights reserved<\/p>\n<hr \/>\n<p>The album was created thanks to the project BUILDING MUSIC BRIDGES &#8211; Developing Intercultural Dialogue and Trust through Music which benefited from a grant from Iceland, Liechtenstein and Norway through the EEA Grants. The project has been co-financed from the State Budget of the Slovak Republic.<\/p>\n<p>&#8212; Working together for a green, competitive and inclusive Europe &#8212;<\/p>\n<p>#eeagrants\u00a0\u00a0 #BuildingBridges<\/p>\n","protected":false},"excerpt":{"rendered":"<p><strong>(CD, music)<\/strong><\/p>\n<p><strong>Konvergencie LIVE<\/strong><\/p>\n<p>Slovak and Norwegian musical leaders from the fields of jazz, classical music and world music joined together in the Building Bridges project in 2022. The inspiring clash of genres, temperaments and influences of Nordic and local folk music is personified in the album SPEV, which was recorded in March 2024 at the Empire Theatre in Hlohovec.<\/p>\n<p><a href=\"https:\/\/konvergencie.bandcamp.com\/album\/spev\">Buy digital album<\/a><\/p>\n","protected":false},"featured_media":1957,"template":"","meta":[],"product_brand":[],"product_cat":[54],"product_tag":[],"class_list":{"0":"post-1716","1":"product","2":"type-product","3":"status-publish","4":"has-post-thumbnail","6":"product_cat-cd-en","8":"first","9":"instock","10":"shipping-taxable","11":"purchasable","12":"product-type-simple"},"supplier_id":null,"supplier_sku":"","barcode":null,"atum_controlled":true,"out_stock_date":null,"out_stock_threshold":null,"inheritable":false,"inbound_stock":null,"stock_on_hold":0,"sold_today":0,"sales_last_days":0,"reserved_stock":null,"customer_returns":null,"warehouse_damage":null,"lost_in_post":null,"other_logs":null,"out_stock_days":0,"lost_sales":0,"has_location":false,"update_date":"2026-04-28T23:23:46","atum_locations":[],"atum_stock_status":"instock","restock_status":false,"low_stock_amount":0,"sales_update_date":"2026-04-28T23:23:46","calc_backorders":null,"_links":{"self":[{"href":"https:\/\/www.konvergencie.sk\/shop\/wp-json\/wp\/v2\/product\/1716","targetHints":{"allow":["GET"]}}],"collection":[{"href":"https:\/\/www.konvergencie.sk\/shop\/wp-json\/wp\/v2\/product"}],"about":[{"href":"https:\/\/www.konvergencie.sk\/shop\/wp-json\/wp\/v2\/types\/product"}],"wp:featuredmedia":[{"embeddable":true,"href":"https:\/\/www.konvergencie.sk\/shop\/wp-json\/wp\/v2\/media\/1957"}],"wp:attachment":[{"href":"https:\/\/www.konvergencie.sk\/shop\/wp-json\/wp\/v2\/media?parent=1716"}],"wp:term":[{"taxonomy":"product_brand","embeddable":true,"href":"https:\/\/www.konvergencie.sk\/shop\/wp-json\/wp\/v2\/product_brand?post=1716"},{"taxonomy":"product_cat","embeddable":true,"href":"https:\/\/www.konvergencie.sk\/shop\/wp-json\/wp\/v2\/product_cat?post=1716"},{"taxonomy":"product_tag","embeddable":true,"href":"https:\/\/www.konvergencie.sk\/shop\/wp-json\/wp\/v2\/product_tag?post=1716"}],"curies":[{"name":"wp","href":"https:\/\/api.w.org\/{rel}","templated":true}]}}