{"id":1762,"date":"2024-12-04T18:04:54","date_gmt":"2024-12-04T17:04:54","guid":{"rendered":"https:\/\/www.konvergencie.sk\/shop\/?post_type=product&#038;p=1762"},"modified":"2026-04-28T17:15:22","modified_gmt":"2026-04-28T15:15:22","slug":"darcekova-poukazka","status":"publish","type":"product","link":"https:\/\/www.konvergencie.sk\/shop\/produkt\/darcekova-poukazka\/","title":{"rendered":"Dar\u010dekov\u00e1 pouk\u00e1\u017eka"},"content":{"rendered":"<div>Darujte hudbu, ktor\u00e1 oslov\u00ed du\u0161u.<\/div>\n<div>\n<div><span style=\"color: #272727; font-family: Montserrat, sans-serif; font-size: medium;\"><b>Dar\u010dekov\u00e9 pouk\u00e1\u017eky 25 \/ 50 \/ 75 \/ 100 EUR<\/b><\/span><\/div>\n<div><\/div>\n<div>\n<div>Pouk\u00e1\u017eka na koncerty festivalu Konvergencie prin\u00e1\u0161a kr\u00e1sne chv\u00edle s komornou hudbou \u2013 ide\u00e1lny dar\u010dek pre t\u00fdch, ktor\u00ed si v\u00e1\u017eia kult\u00faru, slobodu a umenie.<br \/>\nPouk\u00e1\u017eku je mo\u017en\u00e9 vyu\u017ei\u0165 na n\u00e1kup vstupeniek na koncerty festivalu Konvergencie 2026 a CD \/ LP z n\u00e1\u0161ho e-shopu pod\u013ea vlastn\u00e9ho v\u00fdberu po cel\u00fd rok.<\/div>\n<div><\/div>\n<div>Tla\u010den\u00e9 dar\u010dekov\u00e9 pouk\u00e1\u017eky je mo\u017en\u00e9 zak\u00fapi\u0165 na na\u0161ich koncertoch.<\/div>\n<\/div>\n<div><\/div>\n<div>&gt;&gt; <a href=\"https:\/\/www.konvergencie.sk\/shop\/\">Prezrie\u0165 si e-shop<\/a><\/div>\n<\/div>\n<div><\/div>\n<div>\n<div>\n<div><strong>Online n\u00e1kup dar\u010dekovej pouk\u00e1\u017eky <a href=\"https:\/\/www.konvergencie.sk\/purchase-tickets\/?id=674b4e380d155fb20b751a6d&amp;lang=sk_SK\">tu<\/a>.<\/strong><\/div>\n<\/div>\n<\/div>\n","protected":false},"excerpt":{"rendered":"<p>Darujte hudbu, ktor\u00e1 oslov\u00ed du\u0161u. Dar\u010dekov\u00e9 pouk\u00e1\u017eky 25 \/ 50 \/ 75 \/ 100 EUR Pouk\u00e1\u017eka na koncerty festivalu Konvergencie prin\u00e1\u0161a kr\u00e1sne chv\u00edle s komornou hudbou \u2013 ide\u00e1lny dar\u010dek pre t\u00fdch, ktor\u00ed si v\u00e1\u017eia kult\u00faru, slobodu a umenie. Pouk\u00e1\u017eku je mo\u017en\u00e9 vyu\u017ei\u0165 na n\u00e1kup vstupeniek na koncerty festivalu Konvergencie 2026 a CD \/ LP z [&hellip;]<\/p>\n","protected":false},"featured_media":1999,"template":"","meta":[],"product_brand":[],"product_cat":[76],"product_tag":[],"class_list":{"0":"post-1762","1":"product","2":"type-product","3":"status-publish","4":"has-post-thumbnail","6":"product_cat-ine","8":"first","9":"instock","10":"shipping-taxable","11":"product-type-simple"},"supplier_id":null,"supplier_sku":"","barcode":null,"atum_controlled":true,"out_stock_date":null,"out_stock_threshold":null,"inheritable":false,"inbound_stock":null,"stock_on_hold":0,"sold_today":0,"sales_last_days":0,"reserved_stock":null,"customer_returns":null,"warehouse_damage":null,"lost_in_post":null,"other_logs":null,"out_stock_days":0,"lost_sales":0,"has_location":false,"update_date":"2026-04-30T23:57:37","atum_locations":[],"atum_stock_status":"instock","restock_status":false,"low_stock_amount":"","sales_update_date":"2026-04-30T23:57:37","calc_backorders":null,"_links":{"self":[{"href":"https:\/\/www.konvergencie.sk\/shop\/wp-json\/wp\/v2\/product\/1762","targetHints":{"allow":["GET"]}}],"collection":[{"href":"https:\/\/www.konvergencie.sk\/shop\/wp-json\/wp\/v2\/product"}],"about":[{"href":"https:\/\/www.konvergencie.sk\/shop\/wp-json\/wp\/v2\/types\/product"}],"wp:featuredmedia":[{"embeddable":true,"href":"https:\/\/www.konvergencie.sk\/shop\/wp-json\/wp\/v2\/media\/1999"}],"wp:attachment":[{"href":"https:\/\/www.konvergencie.sk\/shop\/wp-json\/wp\/v2\/media?parent=1762"}],"wp:term":[{"taxonomy":"product_brand","embeddable":true,"href":"https:\/\/www.konvergencie.sk\/shop\/wp-json\/wp\/v2\/product_brand?post=1762"},{"taxonomy":"product_cat","embeddable":true,"href":"https:\/\/www.konvergencie.sk\/shop\/wp-json\/wp\/v2\/product_cat?post=1762"},{"taxonomy":"product_tag","embeddable":true,"href":"https:\/\/www.konvergencie.sk\/shop\/wp-json\/wp\/v2\/product_tag?post=1762"}],"curies":[{"name":"wp","href":"https:\/\/api.w.org\/{rel}","templated":true}]}}