{"id":1766,"date":"2024-12-04T18:04:54","date_gmt":"2024-12-04T17:04:54","guid":{"rendered":"https:\/\/www.konvergencie.sk\/shop\/?post_type=product&#038;p=1766"},"modified":"2026-04-28T17:22:18","modified_gmt":"2026-04-28T15:22:18","slug":"geschenkgutschein","status":"publish","type":"product","link":"https:\/\/www.konvergencie.sk\/shop\/de\/produkt\/geschenkgutschein\/","title":{"rendered":"Geschenkgutschein"},"content":{"rendered":"<p>Verschenken Sie Musik, die die Seele ber\u00fchrt.<br \/>\n<strong>Geschenkgutscheine 25 \/ 50 \/ 75 \/ 100 EUR<\/strong><\/p>\n<p>Ein Gutschein f\u00fcr die Konzerte des Konvergencie-Festivals verspricht wundersch\u00f6ne Momente mit Kammermusik \u2013 das ideale Geschenk f\u00fcr alle, die Kultur, Freiheit und Kunst sch\u00e4tzen.<br \/>\nDer Gutschein kann das ganze Jahr \u00fcber f\u00fcr den Kauf von Eintrittskarten f\u00fcr die Konzerte des Konvergencie-Festivals 2026 sowie f\u00fcr CDs und LPs aus unserem Online-Shop nach eigener Wahl eingel\u00f6st werden.<\/p>\n<p>Gedruckte Geschenkgutscheine k\u00f6nnen bei unseren Konzerten erworben werden.<\/p>\n<p>&gt;&gt; <a href=\"https:\/\/www.konvergencie.sk\/shop\/de\/obchod-deutsch\/\">Zum Online-Shop<\/a><\/p>\n<p><strong>Kaufen Sie Geschenkgutscheine online <a href=\"https:\/\/www.konvergencie.sk\/purchase-tickets\/?id=674b4e380d155fb20b751a6d&amp;lang=sk_SK\">hier<\/a>.<\/strong><\/p>\n","protected":false},"excerpt":{"rendered":"<p>Verschenken Sie Musik, die die Seele ber\u00fchrt. Geschenkgutscheine 25 \/ 50 \/ 75 \/ 100 EUR Ein Gutschein f\u00fcr die Konzerte des Konvergencie-Festivals verspricht wundersch\u00f6ne Momente mit Kammermusik \u2013 das ideale Geschenk f\u00fcr alle, die Kultur, Freiheit und Kunst sch\u00e4tzen. Der Gutschein kann das ganze Jahr \u00fcber f\u00fcr den Kauf von Eintrittskarten f\u00fcr die Konzerte [&hellip;]<\/p>\n","protected":false},"featured_media":2000,"template":"","meta":[],"product_brand":[],"product_cat":[80],"product_tag":[],"class_list":{"0":"post-1766","1":"product","2":"type-product","3":"status-publish","4":"has-post-thumbnail","6":"product_cat-andere","8":"first","9":"instock","10":"shipping-taxable","11":"product-type-simple"},"supplier_id":null,"supplier_sku":"","barcode":null,"atum_controlled":true,"out_stock_date":null,"out_stock_threshold":null,"inheritable":false,"inbound_stock":null,"stock_on_hold":0,"sold_today":0,"sales_last_days":0,"reserved_stock":null,"customer_returns":null,"warehouse_damage":null,"lost_in_post":null,"other_logs":null,"out_stock_days":0,"lost_sales":0,"has_location":false,"update_date":"2026-04-30T23:57:37","atum_locations":[],"atum_stock_status":"instock","restock_status":false,"low_stock_amount":"","sales_update_date":"2026-04-30T23:57:37","calc_backorders":null,"_links":{"self":[{"href":"https:\/\/www.konvergencie.sk\/shop\/wp-json\/wp\/v2\/product\/1766","targetHints":{"allow":["GET"]}}],"collection":[{"href":"https:\/\/www.konvergencie.sk\/shop\/wp-json\/wp\/v2\/product"}],"about":[{"href":"https:\/\/www.konvergencie.sk\/shop\/wp-json\/wp\/v2\/types\/product"}],"wp:featuredmedia":[{"embeddable":true,"href":"https:\/\/www.konvergencie.sk\/shop\/wp-json\/wp\/v2\/media\/2000"}],"wp:attachment":[{"href":"https:\/\/www.konvergencie.sk\/shop\/wp-json\/wp\/v2\/media?parent=1766"}],"wp:term":[{"taxonomy":"product_brand","embeddable":true,"href":"https:\/\/www.konvergencie.sk\/shop\/wp-json\/wp\/v2\/product_brand?post=1766"},{"taxonomy":"product_cat","embeddable":true,"href":"https:\/\/www.konvergencie.sk\/shop\/wp-json\/wp\/v2\/product_cat?post=1766"},{"taxonomy":"product_tag","embeddable":true,"href":"https:\/\/www.konvergencie.sk\/shop\/wp-json\/wp\/v2\/product_tag?post=1766"}],"curies":[{"name":"wp","href":"https:\/\/api.w.org\/{rel}","templated":true}]}}