{"id":18,"date":"2020-04-18T12:58:45","date_gmt":"2020-04-18T10:58:45","guid":{"rendered":"http:\/\/nechsapaci.info\/konvergencie\/?post_type=product&#038;p=18"},"modified":"2025-12-07T14:04:40","modified_gmt":"2025-12-07T13:04:40","slug":"free-in-one","status":"publish","type":"product","link":"https:\/\/www.konvergencie.sk\/shop\/produkt\/free-in-one\/","title":{"rendered":"Free in One &#8211; Jozef Lupt\u00e1k \/ cello, voice, beatbox"},"content":{"rendered":"<p><span style=\"font-weight: 400;\">Ke\u010f som bol mal\u00fd chlapec, okrem violon\u010dela som ve\u013emi chcel hra\u0165 aj na bic\u00edch. A tak som sa hru na bic\u00edch ist\u00fd \u010das u\u010dil s\u00fakromne. \u010casto som si s\u00e1m pre seba spieval mel\u00f3die, ku ktor\u00fdm som s\u00fa\u010dasne vytv\u00e1ral \u00fastne rytmy. Mie\u0161al som ich s mel\u00f3diami a vytv\u00e1ral si tak vlastn\u00fd hudobn\u00fd svet. S violon\u010delom som sa ho odv\u00e1\u017eil spoji\u0165, a\u017e ke\u010f som mal tridsa\u0165 rokov a pripravoval som projekt CELLO venovan\u00fd Johannovi Sebastianovi Bachovi. Odvtedy som toto spojenie postupne zara\u010foval do s\u00f3lov\u00fdch koncertn\u00fdch programov a stalo sa s\u00fa\u010das\u0165ou m\u00f4jho vlastn\u00e9ho hudobn\u00e9ho jazyka. Na CD som sa ich pok\u00fasil nahra\u0165 pred 15 rokmi, no nebol som s v\u00fdsledkom spokojn\u00fd. Teraz v\u0161ak dozrel ten spr\u00e1vny \u010das a ja V\u00e1m s rados\u0165ou predstavujem Free in One &#8211; violon\u010delo, m\u00f4j hlas a \u00fastne rytmy &#8211; moje vlastn\u00e9 kompoz\u00edcie doplnen\u00e9 skladbami Tavenera, Blocha a God\u00e1ra.\u00a0\u00a0<\/span><\/p>\n<p><span style=\"font-weight: 400;\">Bude mi c\u0165ou, ak sa nech\u00e1te vtiahnu\u0165 do zvukovosti a priestoru hudby mojich skladieb a podpor\u00edte tak vznik tohto CD. Za va\u0161u priaze\u0148 V\u00e1m vopred \u010fakujem.\u00a0<\/span><\/p>\n<p><span style=\"font-weight: 400;\">Jozef Lupt\u00e1k<\/span><\/p>\n<p><strong>FREE in ONE \u2013 Jozef Lupt\u00e1k<\/strong><\/p>\n<p><span style=\"font-weight: 400;\">violon\u010delo, hlas, beatbox ~ <\/span><i><span style=\"font-weight: 400;\">cello, voice and beatbox\u00a0<\/span><\/i><\/p>\n<ol>\n<li style=\"font-weight: 400;\"><i><span style=\"font-weight: 400;\">Song Without Words <\/span><\/i><span style=\"font-weight: 400;\">\u2013 Piese\u0148 bez slov \u2013 3:56 (Jozef Lupt\u00e1k)<\/span><\/li>\n<li style=\"font-weight: 400;\"><i><span style=\"font-weight: 400;\">Six Months<\/span><\/i><span style=\"font-weight: 400;\"> \u2013 \u0160es\u0165 mesiacov \u2013 2:32 (Jozef Lupt\u00e1k)<\/span><\/li>\n<li style=\"font-weight: 400;\"><i><span style=\"font-weight: 400;\">Deep Breath<\/span><\/i><span style=\"font-weight: 400;\"> \u2013 Hlbok\u00fd n\u00e1dych \u2013 5:42 (Jozef Lupt\u00e1k)<\/span><\/li>\n<li style=\"font-weight: 400;\"><i><span style=\"font-weight: 400;\">Jewish Prayer<\/span><\/i><span style=\"font-weight: 400;\"> \u2013 \u017didovsk\u00e1 modlitba \u2013 3:35 (Ernest Bloch)<\/span><\/li>\n<li style=\"font-weight: 400;\"><i><span style=\"font-weight: 400;\">Gitanjali<\/span><\/i><span style=\"font-weight: 400;\"> \u2013 Git\u00e1nd\u017eali \u2013 5:28 (Jozef Lupt\u00e1k)\u00a0<\/span><\/li>\n<li style=\"font-weight: 400;\"><i><span style=\"font-weight: 400;\">Threnos<\/span><\/i><span style=\"font-weight: 400;\"> \u2013 Threnos \u2013 5:18 (John Tavener)<\/span><\/li>\n<li style=\"font-weight: 400;\"><i><span style=\"font-weight: 400;\">Waiting<\/span><\/i><span style=\"font-weight: 400;\"> \u2013 \u010cakanie \u2013 5:46 (Jozef Lupt\u00e1k)\u00a0<\/span><\/li>\n<li style=\"font-weight: 400;\"><i><span style=\"font-weight: 400;\">O, Crux, meditation for solo cello<\/span><\/i><span style=\"font-weight: 400;\"> \u2013 \u00d3, Crux, medit\u00e1cia pre s\u00f3lov\u00e9 violon\u010delo \u2013 9:04 (Vladim\u00edr God\u00e1r)<\/span><\/li>\n<li style=\"font-weight: 400;\"><i><span style=\"font-weight: 400;\">Three In One<\/span><\/i><span style=\"font-weight: 400;\"> \u2013 Tri v jednom 4:25 (Jozef Lupt\u00e1k)<\/span><\/li>\n<\/ol>\n","protected":false},"excerpt":{"rendered":"<p><a class=\"gombik\" href=\"https:\/\/konvergencie.bandcamp.com\/album\/free-in-one\">K\u00fapi\u0165 digit\u00e1lny album<\/a><\/p>\n","protected":false},"featured_media":1992,"template":"","meta":[],"product_brand":[],"product_cat":[16],"product_tag":[],"class_list":{"0":"post-18","1":"product","2":"type-product","3":"status-publish","4":"has-post-thumbnail","6":"product_cat-cd","8":"first","9":"instock","10":"shipping-taxable","11":"purchasable","12":"product-type-simple"},"supplier_id":null,"supplier_sku":"","barcode":null,"atum_controlled":true,"out_stock_date":null,"out_stock_threshold":null,"inheritable":false,"inbound_stock":0,"stock_on_hold":0,"sold_today":0,"sales_last_days":0,"reserved_stock":0,"customer_returns":0,"warehouse_damage":0,"lost_in_post":0,"other_logs":0,"out_stock_days":0,"lost_sales":0,"has_location":false,"update_date":"2026-04-28T23:23:50","atum_locations":[],"atum_stock_status":"instock","restock_status":false,"low_stock_amount":5,"sales_update_date":"2026-04-28T23:23:50","calc_backorders":null,"_links":{"self":[{"href":"https:\/\/www.konvergencie.sk\/shop\/wp-json\/wp\/v2\/product\/18","targetHints":{"allow":["GET"]}}],"collection":[{"href":"https:\/\/www.konvergencie.sk\/shop\/wp-json\/wp\/v2\/product"}],"about":[{"href":"https:\/\/www.konvergencie.sk\/shop\/wp-json\/wp\/v2\/types\/product"}],"wp:featuredmedia":[{"embeddable":true,"href":"https:\/\/www.konvergencie.sk\/shop\/wp-json\/wp\/v2\/media\/1992"}],"wp:attachment":[{"href":"https:\/\/www.konvergencie.sk\/shop\/wp-json\/wp\/v2\/media?parent=18"}],"wp:term":[{"taxonomy":"product_brand","embeddable":true,"href":"https:\/\/www.konvergencie.sk\/shop\/wp-json\/wp\/v2\/product_brand?post=18"},{"taxonomy":"product_cat","embeddable":true,"href":"https:\/\/www.konvergencie.sk\/shop\/wp-json\/wp\/v2\/product_cat?post=18"},{"taxonomy":"product_tag","embeddable":true,"href":"https:\/\/www.konvergencie.sk\/shop\/wp-json\/wp\/v2\/product_tag?post=18"}],"curies":[{"name":"wp","href":"https:\/\/api.w.org\/{rel}","templated":true}]}}