{"id":1922,"date":"2025-09-17T13:11:05","date_gmt":"2025-09-17T11:11:05","guid":{"rendered":"https:\/\/www.konvergencie.sk\/shop\/?post_type=product&#038;p=1922"},"modified":"2025-12-15T20:52:48","modified_gmt":"2025-12-15T19:52:48","slug":"marian-varga-piesne-sisa-feher-jozef-luptak-vladislav-sarissky-oskar-torok-lp-music","status":"publish","type":"product","link":"https:\/\/www.konvergencie.sk\/shop\/en\/produkt\/marian-varga-piesne-sisa-feher-jozef-luptak-vladislav-sarissky-oskar-torok-lp-music\/","title":{"rendered":"Mari\u00e1n Varga \u2013 Piesne | Sisa Feh\u00e9r \u2013 Jozef Lupt\u00e1k \u2013 Vladislav \u0160ari\u0161sk\u00fd \u2013 Oskar T\u00f6r\u00f6k (LP, music)"},"content":{"rendered":"<p>After more than four years of playing together, the quartet of top Slovak musicians <strong>Lupt\u00e1k \u2013 \u0160ari\u0161sk\u00fd \u2013 Feh\u00e9r \u2013 T\u00f6r\u00f6k<\/strong> presents an album of songs by Slovak rock legend Mari\u00e1n Varga. The album pays tribute to the original and becomes an original itself, balancing between classical and jazz genres.<\/p>\n<p><em>&#8222;I&#8217;ve always liked breaking boundaries, I&#8217;ve always admired artistic smuggling \u2013 when, say, humor is smuggled into a serious topic or something lowbrow is smuggled into a &#8218;highbrow&#8216; genre. In my case, it was always about bringing so-called serious music closer to rock music, I always felt incredible tension in that&#8230;&#8220;<\/em> said Mari\u00e1n Varga in an interview for Kult\u00farny \u017eivot (1992). Varga&#8217;s openness to a new, bold, and free creative approach is well known and is also an inspiration and driving force for many musicians. Pianist <strong>Vladislav &#8222;Slnko&#8220; \u0160ari\u0161sk\u00fd<\/strong>, cellist <strong>Jozef Lupt\u00e1k<\/strong>, trumpeter <strong>Oskar T\u00f6r\u00f6k<\/strong>\u00a0and singer <strong>Sisa Feh\u00e9r<\/strong> have been performing his songs for almost five years, and today, at the request of fans, they are reaching another milestone \u2013 the album Mari\u00e1n Varga: Songs. With their arrangements and interpretations, they offer a completely new perspective on the songs of Mari\u00e1n Varga, known primarily in the canonical interpretations of Pavol Hammel and the bands Pr\u00fady and Collegium musicum. In line with Varga&#8217;s statement, <em>&#8222;I like new perspectives on things,&#8220;<\/em> they are shifting it towards a new aesthetic and new content. As members of different generations and musical genres, they understand Mari\u00e1n&#8217;s work from the late 1960s and early 1970s in their own way. What remains unchanged, however, is the unmistakable style of Varga&#8217;s expression, the essence of beauty and space for joy, freedom, creativity, and virtuosity, which the musicians exploit to the fullest.<\/p>\n<p><strong><em>&#8222;The result is a tribute to the original that itself becomes an original.&#8220;<br \/>\n<\/em><\/strong>Jana Vargov\u00e1<\/p>\n<p><em><strong>&#8222;Not everyone can understand the original model and at the same time have the courage and ability to process it in their own way. The quartet of \u0160ari\u0161sk\u00fd, Feh\u00e9r, Lupt\u00e1k, and T\u00f6r\u00f6k can.&#8220;<br \/>\n<\/strong><\/em>Oliver Reh\u00e1k, Denn\u00edk N<\/p>\n<p>The recording was made at the end of February 2025 at the Birdland studio in collaboration with sound engineer Milo\u0161 Mi\u0148o Rojko. Filip Hittrich worked on the mix together with musicians Jozef Lupt\u00e1k and Vladislav \u0160ari\u0161sk\u00fd. The album is a joint project of the Konvergencie festival and the Mari\u00e1n Varga Society. It contains 13 tracks and is released on a visually attractive CD and LP. The album is also being released with the support of fans in a <a href=\"https:\/\/www.startlab.sk\/projekty\/4367-novy-album-piesni-mariana-vargu-je-hotovy-uz-ho-treba-len-v\/\">campaign on the Startlab platform<\/a>.<\/p>\n<hr \/>\n<p><strong>Tracklist \u2013 LP<br \/>\nSide A<\/strong><\/p>\n<ol>\n<li>\u00a0Post (M. Varga \u2013 P. Hammel \/ K. Peteraj, LP Zelen\u00e1 po\u0161ta 1972) 06:12<\/li>\n<li>Bells, ring (M. Varga \/ R. Skuk\u00e1lek, LP Zvo\u0148te, zvonky 1969) 04:19<\/li>\n<li>Song from the spinning wheel (M. Varga \u2013 F. Fre\u0161o \u2013 F. Grigl\u00e1k \u2013 D. H\u00e1jek \/ K. Peteraj, LP Konvergencie 1971) 04:33<\/li>\n<li>Help Me (M. Varga \/ K. Peteraj, LP Divergences 1981) 05:16<\/li>\n<\/ol>\n<p><strong>Side B<\/strong><\/p>\n<ol>\n<li>Maybe (M. Varga \/ J. Masaryk, LP Ring, Bells 1969) 04:32<\/li>\n<li>Sad Morning Tram (M. Varga \/ M. V\u00e1lek, LP Zelen\u00e1 po\u0161ta 1972) 05:49<\/li>\n<li>By the Way (M. Varga \u2013 P. Hammel \/ K. Peteraj, LP V\u0161etko je inak 1989) 03:57<\/li>\n<li>Water (M. Varga \/ K. Peteraj, LP On the Second Program of Dreams 1977) 01:59<\/li>\n<li>With Hands in Pockets ( M. Varga \u2013 P. Hammel \/ R. Skuk\u00e1lek, LP Zvo\u0148te, zvonky 1969) 05:1<\/li>\n<\/ol>\n<p><strong>Total time<\/strong>: 41:50<\/p>\n<hr \/>\n<p><strong>The album includes<\/strong>: LP in gatefold cover, insert in the form of a poster, code for downloading audio files<\/p>\n<p><strong>Publisher<\/strong>: Konvergencie \u2013 Society for Chamber Art, in cooperation with the Mari\u00e1n Varga Society, 2025<\/p>\n<p><strong>SOZA &#8211; BIEM<\/strong>: 1749-016-1<\/p>\n<p><strong>EAN\/ISBN<\/strong>: 8588006338157<\/p>\n<p><strong>Performers<\/strong>:<\/p>\n<p>Sisa Feh\u00e9r, vocals<br \/>\nJozef Lupt\u00e1k, cello<br \/>\nVladislav \u0160ari\u0161sk\u00fd, piano<br \/>\nOskar T\u00f6r\u00f6k, trumpet<\/p>\n<p><strong>Arrangements<\/strong>: Vladislav \u0160ari\u0161sk\u00fd, Jozef Lupt\u00e1k, Oskar T\u00f6r\u00f6k, Sisa Feh\u00e9r<\/p>\n<p><strong>Sound engineer and director<\/strong>: Milo\u0161 Mi\u0148o Rojko, Birdland Studios<\/p>\n<p><strong>Mixing and mastering<\/strong>: Filip Hittrich, Vladislav \u201cSlnko\u201d \u0160ari\u0161sk\u00fd, Jozef Lupt\u00e1k<\/p>\n<p><strong>Production<\/strong>: Konvergencie \u2013 spolo\u010dnos\u0165 pre komorn\u00e9 umenie, o.z. and Spolo\u010dnos\u0165 Mari\u00e1na Vargu (Lea Majer\u010d\u00e1kov\u00e1, Jana Vargov\u00e1, Jozef Lupt\u00e1k, Naike \u0160korecov\u00e1)<\/p>\n<p><strong>Booklet and texts compiled by<\/strong>: Jana Vargov\u00e1<\/p>\n<p><strong>Graphic design<\/strong>: Karol Trnovsk\u00fd<\/p>\n<p><strong>Video<\/strong>: Juraj Ondr\u00e1\u0161<\/p>\n<p><strong>Photos<\/strong>: Richard K\u00f6hler, Martina Luki\u0107, Martin Dubovsk\u00fd<\/p>\n<p><strong>Portrait photo of Mari\u00e1n Varga<\/strong>: Tibor Borsk\u00fd<\/p>\n<p><strong>LP production<\/strong>: Vinyl LAB, Tren\u010d\u00edn<\/p>\n<hr \/>\n<p><strong>Godfather<\/strong>: Ladislav Snopko (Agnes)<\/p>\n<p>\u2117 \u00a9 o. z. Konvergencie 2025<\/p>\n<p>Link to purchase the digital album<\/p>\n","protected":false},"excerpt":{"rendered":"<p>Attention: the product is currently sold out, delivery possible after 1 December 2025 at the earliest !<\/p>\n","protected":false},"featured_media":1947,"template":"","meta":[],"product_brand":[],"product_cat":[611],"product_tag":[],"class_list":{"0":"post-1922","1":"product","2":"type-product","3":"status-publish","4":"has-post-thumbnail","6":"product_cat-lp-en","8":"first","9":"instock","10":"shipping-taxable","11":"purchasable","12":"product-type-simple"},"supplier_id":null,"supplier_sku":"","barcode":null,"atum_controlled":true,"out_stock_date":null,"out_stock_threshold":null,"inheritable":false,"inbound_stock":null,"stock_on_hold":0,"sold_today":0,"sales_last_days":0,"reserved_stock":null,"customer_returns":null,"warehouse_damage":null,"lost_in_post":null,"other_logs":null,"out_stock_days":0,"lost_sales":0,"has_location":false,"update_date":"2026-04-28T23:23:45","atum_locations":[],"atum_stock_status":"instock","restock_status":false,"low_stock_amount":0,"sales_update_date":"2026-04-28T23:23:45","calc_backorders":0,"_links":{"self":[{"href":"https:\/\/www.konvergencie.sk\/shop\/wp-json\/wp\/v2\/product\/1922","targetHints":{"allow":["GET"]}}],"collection":[{"href":"https:\/\/www.konvergencie.sk\/shop\/wp-json\/wp\/v2\/product"}],"about":[{"href":"https:\/\/www.konvergencie.sk\/shop\/wp-json\/wp\/v2\/types\/product"}],"wp:featuredmedia":[{"embeddable":true,"href":"https:\/\/www.konvergencie.sk\/shop\/wp-json\/wp\/v2\/media\/1947"}],"wp:attachment":[{"href":"https:\/\/www.konvergencie.sk\/shop\/wp-json\/wp\/v2\/media?parent=1922"}],"wp:term":[{"taxonomy":"product_brand","embeddable":true,"href":"https:\/\/www.konvergencie.sk\/shop\/wp-json\/wp\/v2\/product_brand?post=1922"},{"taxonomy":"product_cat","embeddable":true,"href":"https:\/\/www.konvergencie.sk\/shop\/wp-json\/wp\/v2\/product_cat?post=1922"},{"taxonomy":"product_tag","embeddable":true,"href":"https:\/\/www.konvergencie.sk\/shop\/wp-json\/wp\/v2\/product_tag?post=1922"}],"curies":[{"name":"wp","href":"https:\/\/api.w.org\/{rel}","templated":true}]}}