{"id":2006,"date":"2025-12-04T11:04:41","date_gmt":"2025-12-04T10:04:41","guid":{"rendered":"https:\/\/www.konvergencie.sk\/shop\/?post_type=product&#038;p=2006"},"modified":"2026-04-26T21:09:36","modified_gmt":"2026-04-26T19:09:36","slug":"suznenie-euphony","status":"publish","type":"product","link":"https:\/\/www.konvergencie.sk\/shop\/produkt\/suznenie-euphony\/","title":{"rendered":"S\u00faznenie &#8211; Euphony | Iva Bittov\u00e1 \u2013 Jozef Lupt\u00e1k \u2013 Boris Lenko \u2013 Branislav Dugovi\u010d (CD, hudba)"},"content":{"rendered":"<p><strong><u>Konvergencie LIVE<\/u><\/strong><\/p>\n<p>Nahr\u00e1vka z\u00a0koncertu 15. 9. 2024 vo Ve\u013ekom koncertnom \u0161t\u00fadiu Slovensk\u00e9ho rozhlasu po\u010das 25. ro\u010dn\u00edka medzin\u00e1rodn\u00e9ho festivalu komornej hudby Konvergencie<\/p>\n<p>S\u00daZNENIE je stretnut\u00edm charizmatickej Ivy Bittovej s trojicou slovensk\u00fdch in\u0161trumentalistov \u2013 violon\u010delistom Jozefom Lupt\u00e1kom, klarinetistom Branislavom Dugovi\u010dom a akordeonistom Borisom Lenkom v programe zalo\u017eenom na improviz\u00e1ci\u00e1ch. V\u00fdnimo\u010dn\u00e9 hudobn\u00e9 dial\u00f3gy, in\u0161pirovan\u00e9 \u013eudskou aj umeleckou bl\u00edzkos\u0165ou, kreativitou i skladate\u013eskou a improviza\u010dnou sk\u00fasenos\u0165ou ka\u017ed\u00e9ho z hudobn\u00edkov, s\u013eubuje neoby\u010dajn\u00fd z\u00e1\u017eitok. S\u00faznenie hrav\u00e9, temperamentn\u00e9, krehk\u00e9, neopakovate\u013en\u00e9 a povzn\u00e1\u0161aj\u00face. Na premi\u00e9re programu v r\u00e1mci 25. ro\u010dn\u00edka Konvergenci\u00ed v Bratislave spont\u00e1nne okrem autorsk\u00fdch t\u00e9m zazneli aj \u00faryvky z diel J. S. Bacha, Arva P\u00e4rta, Mari\u00e1na Vargu \u010di Astora Piazzollu. Dial\u00f3gy, ktor\u00e9 nepotrebuj\u00fa slov\u00e1, sta\u010d\u00ed s\u00faznie\u0165 \u2013 neopakovate\u013en\u00fd moment, ktor\u00e9ho chcete by\u0165 s\u00fa\u010das\u0165ou.<\/p>\n<p><strong>Iva Bittov\u00e1 <\/strong>spev, husle \/ voice, violin<\/p>\n<p><strong>Jozef Lupt\u00e1k<\/strong>\u00a0 violon\u010delo, spev, beatbox \/ cello, voice, beatbox<\/p>\n<p><strong>Boris Lenko<\/strong> akorde\u00f3n \/ accordion<\/p>\n<p><strong>Branislav Dugovi\u010d<\/strong> klarinet, basklarinet \/ clarinet, bass clarinet<\/p>\n<hr \/>\n<p><em>Hra na dnes, v\u010dera, alebo kedyko\u013evek zajtra,<\/em><\/p>\n<p>alebo<\/p>\n<p><em>Hra na dnes, zajtra, alebo kedyko\u013evek v\u010dera,<\/em><\/p>\n<p>ale aj<\/p>\n<p><em>Hra na zajtra, ke\u010f v\u010dera bolo dnes,<\/em><\/p>\n<p>ale najm\u00e4<\/p>\n<p><em>Hra s fant\u00e1ziou v re\u00e1lnom prostred\u00ed hudby<\/em>, ktor\u00fa m\u00f4\u017eeme nazva\u0165 Bittovej te\u00f3ria relativity. Po\u010das nej v\u0161etci \u00fa\u010dinkuj\u00faci na p\u00f3diu existuj\u00fa, teda <em>s\u00fa<\/em>, ale aj z\u00e1rove\u0148 <em>znej\u00fa<\/em>. V takomto jednoduchom kon\u0161tatovan\u00ed a priam detskej interpret\u00e1cii slova s\u00faznenie sa v\u0161ak v pr\u00edpade Ivy Bittovej, Jozefa Lupt\u00e1ka, Borisa Lenka \u010di Branislava Dugovi\u010da skr\u00fdva \u010darovn\u00e1 sila premeny zhmotnenej energie, ukrytej v ka\u017edom z nich, na oslobodzuj\u00facu tvorbu.<\/p>\n<p><strong>Z\u00a0textu Ladislava Snopka v\u00a0CD booklete<\/strong><\/p>\n<hr \/>\n<p><strong>Tracklist<\/strong><\/p>\n<p>S\u00faznenie \u2013 Euphony 1-10<\/p>\n<p><strong>Total time: 37<\/strong><strong>\u2019 27\u2019\u2019<\/strong><\/p>\n<p><strong>Album obsahuje:<\/strong>\u00a0hudobn\u00e9 <u>CD<\/u>, booklet, k\u00f3d na stiahnutie audios\u00faborov<\/p>\n<p><strong>Vydavate\u013e:<\/strong> Konvergencie, 2025<\/p>\n<p><strong>Ed\u00edcia:<\/strong> Konvergencie LIVE<\/p>\n<p><strong>SOZA &#8211; BIEM:<\/strong> 1749-015-2<\/p>\n<p><strong>EAN:<\/strong> 8588006338133<\/p>\n<p>nahr\u00e1vka: Stanislav Parizek, SAP Sound<br \/>\nmix &amp; mastering: Igor \u0160tefanat\u00fd \/ Jozef Lupt\u00e1k \/ Boris Lenko v\u00a0\u0161t\u00fadiu Melody \u017dilina<\/p>\n<p>\u2117 \u00a9 o. z. Konvergencie 2025<\/p>\n<p><a href=\"https:\/\/konvergencie.bandcamp.com\/album\/suznenie-euphony-2\">Link na k\u00fapu digit\u00e1lneho albumu<\/a><\/p>\n","protected":false},"excerpt":{"rendered":"<p>Nahr\u00e1vka z\u00a0koncertu 15. 9. 2024 vo Ve\u013ekom koncertnom \u0161t\u00fadiu Slovensk\u00e9ho rozhlasu po\u010das 25. ro\u010dn\u00edka medzin\u00e1rodn\u00e9ho festivalu komornej hudby Konvergencie<\/p>\n","protected":false},"featured_media":2007,"template":"","meta":[],"product_brand":[],"product_cat":[16],"product_tag":[],"class_list":{"0":"post-2006","1":"product","2":"type-product","3":"status-publish","4":"has-post-thumbnail","6":"product_cat-cd","8":"first","9":"instock","10":"shipping-taxable","11":"purchasable","12":"product-type-simple"},"supplier_id":null,"supplier_sku":"","barcode":null,"atum_controlled":true,"out_stock_date":null,"out_stock_threshold":null,"inheritable":false,"inbound_stock":null,"stock_on_hold":0,"sold_today":0,"sales_last_days":1,"reserved_stock":null,"customer_returns":null,"warehouse_damage":null,"lost_in_post":null,"other_logs":null,"out_stock_days":0,"lost_sales":0,"has_location":false,"update_date":"2026-04-30T23:57:37","atum_locations":[],"atum_stock_status":"instock","restock_status":false,"low_stock_amount":"","sales_update_date":"2026-04-30T23:57:37","calc_backorders":null,"_links":{"self":[{"href":"https:\/\/www.konvergencie.sk\/shop\/wp-json\/wp\/v2\/product\/2006","targetHints":{"allow":["GET"]}}],"collection":[{"href":"https:\/\/www.konvergencie.sk\/shop\/wp-json\/wp\/v2\/product"}],"about":[{"href":"https:\/\/www.konvergencie.sk\/shop\/wp-json\/wp\/v2\/types\/product"}],"wp:featuredmedia":[{"embeddable":true,"href":"https:\/\/www.konvergencie.sk\/shop\/wp-json\/wp\/v2\/media\/2007"}],"wp:attachment":[{"href":"https:\/\/www.konvergencie.sk\/shop\/wp-json\/wp\/v2\/media?parent=2006"}],"wp:term":[{"taxonomy":"product_brand","embeddable":true,"href":"https:\/\/www.konvergencie.sk\/shop\/wp-json\/wp\/v2\/product_brand?post=2006"},{"taxonomy":"product_cat","embeddable":true,"href":"https:\/\/www.konvergencie.sk\/shop\/wp-json\/wp\/v2\/product_cat?post=2006"},{"taxonomy":"product_tag","embeddable":true,"href":"https:\/\/www.konvergencie.sk\/shop\/wp-json\/wp\/v2\/product_tag?post=2006"}],"curies":[{"name":"wp","href":"https:\/\/api.w.org\/{rel}","templated":true}]}}