{"id":2125,"date":"2025-12-07T12:49:45","date_gmt":"2025-12-07T11:49:45","guid":{"rendered":"https:\/\/www.konvergencie.sk\/shop\/?post_type=product&#038;p=2125"},"modified":"2025-12-11T11:53:29","modified_gmt":"2025-12-11T10:53:29","slug":"grafika-rozpory-v-nas","status":"publish","type":"product","link":"https:\/\/www.konvergencie.sk\/shop\/produkt\/grafika-rozpory-v-nas\/","title":{"rendered":"Grafika \u201eRozpory v n\u00e1s\u201c (Alexander Salontay, 1970)"},"content":{"rendered":"<p><span style=\"font-weight: 400;\">Grafick\u00e1 reprodukcia obrazu maliara Alexandra Salontaya vydan\u00e1 pri pr\u00edle\u017eitosti multimedi\u00e1lneho koncertu \u201cZaobraz\u201d gitaristu Daniela Salontaya na festivale Konvergencie 2025.\u00a0<\/span><\/p>\n<p><span style=\"font-weight: 400;\">Projekt Zaobraz je synova hudba in\u0161pirovan\u00e1 otcov\u00fdmi obrazmi. Obraz \u201cRozpory v n\u00e1s\u201d z roku 1970 reflektuje rozdvojenos\u0165 a protichodn\u00e9 vn\u00fatorn\u00e9, osobn\u00e9 i vonkaj\u0161ie spolo\u010densk\u00e9 pochody v prelomovej dobe, ktor\u00e1 sa tak ve\u013emi podob\u00e1 tej s\u00fa\u010dasnej.<\/span><\/p>\n<p><span style=\"font-weight: 400;\">Grafika vy\u0161la v limitovanom n\u00e1klade a zost\u00e1va posledn\u00fdch p\u00e1r kusov, vytla\u010den\u00e1 na grafickom papieri svetlost\u00e1lou tla\u010dou.\u00a0<\/span><\/p>\n<p><span style=\"font-weight: 400;\">Dielo reflektuje rozdvojenos\u0165 a protichodn\u00e9 vn\u00fatorn\u00e9 osobn\u00e9 i vonkaj\u0161ie spolo\u010densk\u00e9 pochody v prelomovej dobe, ktor\u00e1 sa tak ve\u013emi podob\u00e1 tej s\u00fa\u010dasnej.<\/span><\/p>\n","protected":false},"excerpt":{"rendered":"<p><span style=\"font-weight: 400;\">Vy\u0161lo ako limitovan\u00e1 ed\u00edcia 30 ks.<\/span><\/p>\n<p><span style=\"font-weight: 400;\">Rozmer: 31 x 44 cm, 400 g grafick\u00fd papier<\/span><\/p>\n","protected":false},"featured_media":2172,"template":"","meta":[],"product_brand":[],"product_cat":[143],"product_tag":[],"class_list":{"0":"post-2125","1":"product","2":"type-product","3":"status-publish","4":"has-post-thumbnail","6":"product_cat-grafika","8":"first","9":"instock","10":"shipping-taxable","11":"purchasable","12":"product-type-simple"},"supplier_id":null,"supplier_sku":"","barcode":null,"atum_controlled":true,"out_stock_date":null,"out_stock_threshold":null,"inheritable":false,"inbound_stock":null,"stock_on_hold":0,"sold_today":0,"sales_last_days":0,"reserved_stock":null,"customer_returns":null,"warehouse_damage":null,"lost_in_post":null,"other_logs":null,"out_stock_days":0,"lost_sales":0,"has_location":false,"update_date":"2026-04-28T23:23:47","atum_locations":[],"atum_stock_status":"instock","restock_status":false,"low_stock_amount":0,"sales_update_date":"2026-04-28T23:23:47","calc_backorders":null,"_links":{"self":[{"href":"https:\/\/www.konvergencie.sk\/shop\/wp-json\/wp\/v2\/product\/2125","targetHints":{"allow":["GET"]}}],"collection":[{"href":"https:\/\/www.konvergencie.sk\/shop\/wp-json\/wp\/v2\/product"}],"about":[{"href":"https:\/\/www.konvergencie.sk\/shop\/wp-json\/wp\/v2\/types\/product"}],"wp:featuredmedia":[{"embeddable":true,"href":"https:\/\/www.konvergencie.sk\/shop\/wp-json\/wp\/v2\/media\/2172"}],"wp:attachment":[{"href":"https:\/\/www.konvergencie.sk\/shop\/wp-json\/wp\/v2\/media?parent=2125"}],"wp:term":[{"taxonomy":"product_brand","embeddable":true,"href":"https:\/\/www.konvergencie.sk\/shop\/wp-json\/wp\/v2\/product_brand?post=2125"},{"taxonomy":"product_cat","embeddable":true,"href":"https:\/\/www.konvergencie.sk\/shop\/wp-json\/wp\/v2\/product_cat?post=2125"},{"taxonomy":"product_tag","embeddable":true,"href":"https:\/\/www.konvergencie.sk\/shop\/wp-json\/wp\/v2\/product_tag?post=2125"}],"curies":[{"name":"wp","href":"https:\/\/api.w.org\/{rel}","templated":true}]}}