{"id":2128,"date":"2025-12-07T12:55:48","date_gmt":"2025-12-07T11:55:48","guid":{"rendered":"https:\/\/www.konvergencie.sk\/shop\/?post_type=product&#038;p=2128"},"modified":"2026-01-20T14:21:00","modified_gmt":"2026-01-20T13:21:00","slug":"grafika-marian-varga-piesne","status":"publish","type":"product","link":"https:\/\/www.konvergencie.sk\/shop\/produkt\/grafika-marian-varga-piesne\/","title":{"rendered":"Grafika \u201eMari\u00e1n Varga Piesne\u201c (Karol Trnovsk\u00fd, 2025)"},"content":{"rendered":"<p><span style=\"font-weight: 400;\">Grafika vznikla ako s\u00fa\u010das\u0165 vydania albumu Mari\u00e1n Varga Piesne (<\/span><a href=\"https:\/\/www.konvergencie.sk\/shop\/produkt\/marian-varga-piesne-sisa-feher-jozef-luptak-vladislav-sarissky-oskar-torok-cd-hudba\/\"><span style=\"font-weight: 400;\">CD<\/span><\/a><span style=\"font-weight: 400;\"> a\u00a0<\/span><span style=\"font-weight: 400;\"><a href=\"https:\/\/www.konvergencie.sk\/shop\/produkt\/marian-varga-piesne-sisa-feher-jozef-luptak-vladislav-sarissky-oskar-torok-lp-hudba\/\">LP<\/a><\/span><span style=\"font-weight: 400;\">).<\/span><span style=\"font-weight: 400;\"> Hlbok\u00e9 korene Mari\u00e1novej hudby (alebo jeho ruky na klav\u00edri?) vytv\u00e1raj\u00fa hudobn\u00edkom pevn\u00fa oporu, no z\u00e1rove\u0148 poskytuj\u00fa priestor pre \u00fa\u017easn\u00fa slobodn\u00fa invenciu, ktor\u00e1 rozkvit\u00e1 v\u00a0korune stromu. Ako hovorieval Mari\u00e1n: <\/span><i><span style=\"font-weight: 400;\">\u201eM\u00e1m r\u00e1d nov\u00e9 poh\u013eady na veci.\u201c<\/span><\/i><span style=\"font-weight: 400;\"> Alebo <\/span><i><span style=\"font-weight: 400;\">\u201eV hudbe nem\u00e1 zmysel hra\u0165 sa na nemennos\u0165 hran\u00edc.\u201c<\/span><\/i><span style=\"font-weight: 400;\"> Oba tieto cit\u00e1ty s\u00fa n\u00e1m na Konvergenci\u00e1ch bl\u00edzke.\u00a0<\/span><\/p>\n<p><span style=\"font-weight: 400;\">Vezmite si k\u00fasok vargovskej kreat\u00edvnej slobody k\u00a0v\u00e1m.<\/span><\/p>\n","protected":false},"excerpt":{"rendered":"<p><span style=\"font-weight: 400;\">Vy\u0161lo ako limitovan\u00e1 ed\u00edcia 25 ks.<\/span><\/p>\n<p><span style=\"font-weight: 400;\">Grafika je signovan\u00e1 autorom.<\/span><\/p>\n<p><span style=\"font-weight: 400;\">Rozmer: 297 x 420 mm (A3), grafick\u00fd papier<\/span><\/p>\n","protected":false},"featured_media":2260,"template":"","meta":[],"product_brand":[],"product_cat":[143],"product_tag":[],"class_list":{"0":"post-2128","1":"product","2":"type-product","3":"status-publish","4":"has-post-thumbnail","6":"product_cat-grafika","8":"first","9":"instock","10":"shipping-taxable","11":"purchasable","12":"product-type-simple"},"supplier_id":null,"supplier_sku":"","barcode":null,"atum_controlled":true,"out_stock_date":null,"out_stock_threshold":null,"inheritable":false,"inbound_stock":null,"stock_on_hold":0,"sold_today":0,"sales_last_days":0,"reserved_stock":null,"customer_returns":null,"warehouse_damage":null,"lost_in_post":null,"other_logs":null,"out_stock_days":0,"lost_sales":0,"has_location":false,"update_date":"2026-04-28T23:23:47","atum_locations":[],"atum_stock_status":"instock","restock_status":false,"low_stock_amount":0,"sales_update_date":"2026-04-28T23:23:47","calc_backorders":null,"_links":{"self":[{"href":"https:\/\/www.konvergencie.sk\/shop\/wp-json\/wp\/v2\/product\/2128","targetHints":{"allow":["GET"]}}],"collection":[{"href":"https:\/\/www.konvergencie.sk\/shop\/wp-json\/wp\/v2\/product"}],"about":[{"href":"https:\/\/www.konvergencie.sk\/shop\/wp-json\/wp\/v2\/types\/product"}],"wp:featuredmedia":[{"embeddable":true,"href":"https:\/\/www.konvergencie.sk\/shop\/wp-json\/wp\/v2\/media\/2260"}],"wp:attachment":[{"href":"https:\/\/www.konvergencie.sk\/shop\/wp-json\/wp\/v2\/media?parent=2128"}],"wp:term":[{"taxonomy":"product_brand","embeddable":true,"href":"https:\/\/www.konvergencie.sk\/shop\/wp-json\/wp\/v2\/product_brand?post=2128"},{"taxonomy":"product_cat","embeddable":true,"href":"https:\/\/www.konvergencie.sk\/shop\/wp-json\/wp\/v2\/product_cat?post=2128"},{"taxonomy":"product_tag","embeddable":true,"href":"https:\/\/www.konvergencie.sk\/shop\/wp-json\/wp\/v2\/product_tag?post=2128"}],"curies":[{"name":"wp","href":"https:\/\/api.w.org\/{rel}","templated":true}]}}