{"id":2129,"date":"2025-12-07T12:55:48","date_gmt":"2025-12-07T11:55:48","guid":{"rendered":"https:\/\/www.konvergencie.sk\/shop\/?post_type=product&#038;p=2129"},"modified":"2026-01-14T21:40:18","modified_gmt":"2026-01-14T20:40:18","slug":"grafik-marian-varga-piesne","status":"publish","type":"product","link":"https:\/\/www.konvergencie.sk\/shop\/de\/produkt\/grafik-marian-varga-piesne\/","title":{"rendered":"Grafik \u201eMari\u00e1n Varga Piesne\u201c (Karol Trnovsk\u00fd, 2025)"},"content":{"rendered":"<p>Die Grafik entstand als Teil der Ver\u00f6ffentlichung des Albums Mari\u00e1n Varga Piesne (<a href=\"https:\/\/www.konvergencie.sk\/shop\/produkt\/marian-varga-piesne-sisa-feher-jozef-luptak-vladislav-sarissky-oskar-torok-cd-hudba\/\">CD<\/a> und <a href=\"https:\/\/www.konvergencie.sk\/shop\/produkt\/marian-varga-piesne-sisa-feher-jozef-luptak-vladislav-sarissky-oskar-torok-lp-hudba\/\">LP<\/a> ). Die tiefen Wurzeln von Mari\u00e1ns Musik (oder seine H\u00e4nde auf dem Klavier?) bieten den Musikern einen festen Halt, lassen aber gleichzeitig Raum f\u00fcr erstaunliche freie Kreativit\u00e4t, die in der Baumkrone aufbl\u00fcht. Wie Mari\u00e1n zu sagen pflegte: \u201e<em>Ich mag neue Sichtweisen auf die Dinge.\u201c Oder \u201eIn der Musik macht es keinen Sinn, an unver\u00e4nderlichen Grenzen festzuhalten.<\/em>\u201c Beide Zitate liegen uns bei Konvergencie sehr am Herzen.<br \/>\nNehmen Sie ein St\u00fcck von Vargas kreativer Freiheit mit nach Hause.<\/p>\n","protected":false},"excerpt":{"rendered":"<p>Erschienen als limitierte Auflage von 25 St\u00fcck.<br \/>\nDie Grafik ist vom Autor signiert.<br \/>\nMa\u00dfe: 297 x 420 mm (A3), Grafikpapier<\/p>\n","protected":false},"featured_media":2261,"template":"","meta":[],"product_brand":[],"product_cat":[609],"product_tag":[],"class_list":{"0":"post-2129","1":"product","2":"type-product","3":"status-publish","4":"has-post-thumbnail","6":"product_cat-grafik","8":"first","9":"instock","10":"shipping-taxable","11":"purchasable","12":"product-type-simple"},"supplier_id":null,"supplier_sku":"","barcode":null,"atum_controlled":true,"out_stock_date":null,"out_stock_threshold":null,"inheritable":false,"inbound_stock":null,"stock_on_hold":0,"sold_today":0,"sales_last_days":0,"reserved_stock":null,"customer_returns":null,"warehouse_damage":null,"lost_in_post":null,"other_logs":null,"out_stock_days":0,"lost_sales":0,"has_location":false,"update_date":"2026-04-28T23:23:48","atum_locations":[],"atum_stock_status":"instock","restock_status":false,"low_stock_amount":0,"sales_update_date":"2026-04-28T23:23:48","calc_backorders":null,"_links":{"self":[{"href":"https:\/\/www.konvergencie.sk\/shop\/wp-json\/wp\/v2\/product\/2129","targetHints":{"allow":["GET"]}}],"collection":[{"href":"https:\/\/www.konvergencie.sk\/shop\/wp-json\/wp\/v2\/product"}],"about":[{"href":"https:\/\/www.konvergencie.sk\/shop\/wp-json\/wp\/v2\/types\/product"}],"wp:featuredmedia":[{"embeddable":true,"href":"https:\/\/www.konvergencie.sk\/shop\/wp-json\/wp\/v2\/media\/2261"}],"wp:attachment":[{"href":"https:\/\/www.konvergencie.sk\/shop\/wp-json\/wp\/v2\/media?parent=2129"}],"wp:term":[{"taxonomy":"product_brand","embeddable":true,"href":"https:\/\/www.konvergencie.sk\/shop\/wp-json\/wp\/v2\/product_brand?post=2129"},{"taxonomy":"product_cat","embeddable":true,"href":"https:\/\/www.konvergencie.sk\/shop\/wp-json\/wp\/v2\/product_cat?post=2129"},{"taxonomy":"product_tag","embeddable":true,"href":"https:\/\/www.konvergencie.sk\/shop\/wp-json\/wp\/v2\/product_tag?post=2129"}],"curies":[{"name":"wp","href":"https:\/\/api.w.org\/{rel}","templated":true}]}}