{"id":22,"date":"2022-06-01T13:00:58","date_gmt":"2022-06-01T11:00:58","guid":{"rendered":"http:\/\/nechsapaci.info\/konvergencie\/?post_type=product&#038;p=22"},"modified":"2026-04-27T14:22:30","modified_gmt":"2026-04-27T12:22:30","slug":"uspavanky","status":"publish","type":"product","link":"https:\/\/www.konvergencie.sk\/shop\/produkt\/uspavanky\/","title":{"rendered":"Usp\u00e1vanky (SK booklet)"},"content":{"rendered":"<p><strong>Viac o titule<\/strong><\/p>\n<p>N\u00e1pad nahra\u0165 usp\u00e1vanky vznikol v roku 2015, vtedy mal presne to\u013eko, ako n\u00e1\u0161 najstar\u0161\u00ed syn Jonat\u00e1n Amos \u2013 \u0161trn\u00e1s\u0165. Tak dlho mi trvalo, k\u00fdm som sa dostal k tomu, aby som ich pre na\u0161e (a \u010fal\u0161ie) deti naozaj nahral. Pomohli mi k tomu hlavne moji kamar\u00e1ti, skvel\u00ed hudobn\u00edci\u00a0 \u2013 Boris, Bra\u0148o, Marcel, \u0160tefan. Sp\u00e1jaj\u00fa n\u00e1s nielen profesion\u00e1lne a priate\u013esk\u00e9 vz\u0165ahy, ale aj skuto\u010dnos\u0165, \u017ee sme v\u0161etci otcovia men\u0161\u00edch \u010di v\u00e4\u010d\u0161\u00edch det\u00ed.<\/p>\n<p>Usp\u00e1vanky zo Slovenska \u2013 z\u00e1padn\u00e9ho, stredn\u00e9ho \u010di v\u00fdchodn\u00e9ho ale aj rus\u00ednske, moldavsk\u00e9 \u010di dokonca jedna chorv\u00e1tska. Ka\u017ed\u00fd z hudobn\u00edkov mal za \u00falohu vybra\u0165 usp\u00e1vanky, ktor\u00e9 ho oslovuj\u00fa, ku ktor\u00fdm m\u00e1 svoj osobn\u00fd vz\u0165ah. A tie aj ka\u017ed\u00fd s\u00e1m zaran\u017eoval.<\/p>\n<p>Vznikli tak skladby, ktor\u00e9 die\u0165a ako posluch\u00e1\u010da nepodce\u0148uj\u00fa. Naopak, cenia si ho ako drahocenn\u00fd poklad, ktor\u00fd sa dok\u00e1\u017ee rozv\u00edja\u0165 ka\u017edou po\u010dutou a nami zahratou notou. Skuto\u010dnos\u0165, \u017ee deti m\u00f4\u017eu po\u010d\u00fava\u0165 tieto piesne v tej najint\u00edmnej\u0161ej chv\u00edli, pri zasp\u00e1van\u00ed, je pre n\u00e1s v\u00fdsada a zodpovednos\u0165 prinies\u0165 nie\u010do \u0161peci\u00e1lne.<\/p>\n<p><strong>Jozef Lupt\u00e1k, j\u00fal 2015<\/strong><\/p>\n<p><strong>Album obsahuje:<\/strong>\u00a0hudobn\u00e9 <u>CD<\/u>, booklet, leporelo- ilustr\u00e1cia, download k\u00f3d<\/p>\n<p><strong>Interpreti:<br \/>\n<\/strong>Jozef Lupt\u00e1k \u2013 violon\u010delo<br \/>\nBoris Lenko \u2013 akorde\u00f3n, bandone\u00f3n<br \/>\n\u0160tefan Bugala \u2013 vibraf\u00f3n<br \/>\nMarcel Comendant \u2013 cimbal<br \/>\nBranislav Dugovi\u010d \u2013 klarinet, basklarinet<\/p>\n<p>Nahrat\u00e9 15. \u2013 18. j\u00fana 2015 vo Ve\u013ekom hudobnom \u0161t\u00fadiu RTVS<\/p>\n<p><strong>Mix a mastering:<\/strong> Robert Pospi\u0161 &amp; Martin Sillay \/ Real Music House<\/p>\n<p><strong>Vydavate\u013e:<\/strong> Konvergencie, 2015<\/p>\n<p><strong>VERZIE: slovensk\u00e1 + anglick\u00e1<\/strong><\/p>\n<p><strong>Zoznam skladieb<\/strong><\/p>\n<ol>\n<li>USP\u00c1VANKA, M. Schneider\u2013Trnavsk\u00fd, arr. \u0160tefan Bugala<\/li>\n<li>MARUTA, moldavsk\u00e1, arr. Marcel Comendant<\/li>\n<li>\u010cIERNE O\u010cI, slovensk\u00e1, arr. \u0160tefan Bugala<\/li>\n<li>OVE\u010cKA, Ivan Valenta, arr. Jozef Lupt\u00e1k<\/li>\n<li>DOINA, moldavsk\u00e1, arr. Marcel Comendant<\/li>\n<li>A \u013dU\u013dAJ MI, \u013dU\u013dAJ, rus\u00ednska, arr. Boris Lenko<\/li>\n<li>ZAHRAJTE MI TICH\u00da\u010cKO, slovensk\u00e1, arr. \u0160tefan Bugala<\/li>\n<li>BELI\u017dE MI, BELI, slovensk\u00e1 (Hrocho\u0165), arr. Jozef Lupt\u00e1k<\/li>\n<li>EJA, \u013dU\u013dU MI, \u013dU\u013dU 1, rus\u00ednska, arr. Boris Lenko<\/li>\n<li>EJA, \u013dU\u013dU MI, \u013dU\u013dU 2, rus\u00ednska, arr. Boris Lenko<\/li>\n<li>PASTIER, \u010cO ST\u00c1DO MILUJE, slovensk\u00e1, arr. Jozef Lupt\u00e1k<\/li>\n<li>SPI, DIE\u0164ATKO, SPI, slovensk\u00e1, arr. Branislav Dugovi\u010d<\/li>\n<li>U\u0160NI\u017dE MI, U\u0160NI, slovensk\u00e1 (\u0160ari\u0161), arr. Boris Lenko<\/li>\n<li>LIMBORA, slovensk\u00e1, arr. Branislav Dugovi\u010d<\/li>\n<li>ZASPAL PAVE, chorv\u00e1tska (istrijsk\u00e1), arr. Boris Lenko<\/li>\n<li>\u013dU\u013dAJ MI, \u013dULAJ, SOKOLE, rus\u00ednska, arr. Boris Lenko<\/li>\n<li>DOBR\u00da NOC, M\u00c1 MIL\u00c1, slovensk\u00e1, arr. Branislav Dugovi\u010d<\/li>\n<li>NANI NANI, moldavsk\u00e1, arr. Marcel Comendant<\/li>\n<\/ol>\n<p>Facebook: <a href=\"https:\/\/www.facebook.com\/cduspavanky\">https:\/\/www.facebook.com\/cduspavanky<\/a><\/p>\n","protected":false},"excerpt":{"rendered":"<p>In\u0161trument\u00e1lne usp\u00e1vanky nielen pre deti zo Slovenska, Mold\u00e1vska, Rus\u00ednska i Chorv\u00e1tska.<br \/>\n<strong><em>Obsahuje CD + k\u00f3d na stiahnutie hudby<\/em><\/strong><\/p>\n<p><iframe title=\"YouTube video player\" src=\"https:\/\/www.youtube.com\/embed\/P-GNWVSDkTE\" width=\"560\" height=\"315\" frameborder=\"0\" allowfullscreen=\"allowfullscreen\"><\/iframe><\/p>\n<style>\n      .gombik {<br \/>        background-color: #000000;<br \/>        border: none;<br \/>        color: white;<br \/>        padding: 10px 20px;<br \/>        text-align: center;<br \/>        text-decoration: none;<br \/>        display: inline-block;<br \/>        font-size: 16px;<br \/>        font-weight: normal;<br \/>        margin: 4px 2px;<br \/>        cursor: pointer;<br \/>      }<br \/>    <\/style>\n<p><a class=\"gombik\" href=\"https:\/\/konvergencie.bandcamp.com\/album\/lullabies-usp-vanky\">K\u00fapi\u0165 digit\u00e1lny album (8,30 \u20ac)<\/a><\/p>\n","protected":false},"featured_media":1978,"template":"","meta":[],"product_brand":[],"product_cat":[16],"product_tag":[],"class_list":{"0":"post-22","1":"product","2":"type-product","3":"status-publish","4":"has-post-thumbnail","6":"product_cat-cd","8":"first","9":"instock","10":"shipping-taxable","11":"purchasable","12":"product-type-simple"},"supplier_id":null,"supplier_sku":"","barcode":null,"atum_controlled":true,"out_stock_date":null,"out_stock_threshold":null,"inheritable":false,"inbound_stock":0,"stock_on_hold":0,"sold_today":0,"sales_last_days":1,"reserved_stock":0,"customer_returns":0,"warehouse_damage":0,"lost_in_post":0,"other_logs":0,"out_stock_days":0,"lost_sales":0,"has_location":false,"update_date":"2026-04-28T23:23:54","atum_locations":[],"atum_stock_status":"instock","restock_status":false,"low_stock_amount":3,"sales_update_date":"2026-04-28T23:23:54","calc_backorders":null,"_links":{"self":[{"href":"https:\/\/www.konvergencie.sk\/shop\/wp-json\/wp\/v2\/product\/22","targetHints":{"allow":["GET"]}}],"collection":[{"href":"https:\/\/www.konvergencie.sk\/shop\/wp-json\/wp\/v2\/product"}],"about":[{"href":"https:\/\/www.konvergencie.sk\/shop\/wp-json\/wp\/v2\/types\/product"}],"wp:featuredmedia":[{"embeddable":true,"href":"https:\/\/www.konvergencie.sk\/shop\/wp-json\/wp\/v2\/media\/1978"}],"wp:attachment":[{"href":"https:\/\/www.konvergencie.sk\/shop\/wp-json\/wp\/v2\/media?parent=22"}],"wp:term":[{"taxonomy":"product_brand","embeddable":true,"href":"https:\/\/www.konvergencie.sk\/shop\/wp-json\/wp\/v2\/product_brand?post=22"},{"taxonomy":"product_cat","embeddable":true,"href":"https:\/\/www.konvergencie.sk\/shop\/wp-json\/wp\/v2\/product_cat?post=22"},{"taxonomy":"product_tag","embeddable":true,"href":"https:\/\/www.konvergencie.sk\/shop\/wp-json\/wp\/v2\/product_tag?post=22"}],"curies":[{"name":"wp","href":"https:\/\/api.w.org\/{rel}","templated":true}]}}