{"id":2354,"date":"2026-04-25T11:33:43","date_gmt":"2026-04-25T09:33:43","guid":{"rendered":"https:\/\/www.konvergencie.sk\/shop\/?post_type=product&#038;p=2354"},"modified":"2026-04-25T11:50:52","modified_gmt":"2026-04-25T09:50:52","slug":"marek-brezovsky-to-young-pianists","status":"publish","type":"product","link":"https:\/\/www.konvergencie.sk\/shop\/en\/produkt\/marek-brezovsky-to-young-pianists\/","title":{"rendered":"Marek Brezovsk\u00fd: To Young Pianists"},"content":{"rendered":"<p><strong>About the Publication<\/strong><\/p>\n<p>This sheet music collection contains 11 compositions transcribed from Marek Brezovsk\u00fd\u2019s authentic audio recordings by pianist, composer and arranger Vladislav \u0160ari\u0161sk\u00fd and musician, singer and arranger Mat\u00fa\u0161 Uhliarik. Both authors also participated in the recent concert premiere of the project <em>Medzi zemou a\u2026<\/em> (March 8, 2026, Konvergencie Festival in Bratislava) and in the adaptation of other works by Brezovsk\u00fd.<br \/>\nThe publication was created on the initiative and with the support of Marek\u2019s closest family\u2014his father Ali, mother Vlasta, and sister Mirka\u2014and close friends contributed to its realization. Its goal is to revive and further explore the music of Marek Brezovsk\u00fd and bring it to listeners. The collection is visually complemented by illustrations by Marek Ormand\u00edk.<\/p>\n<p><strong>Contents of the collection<\/strong><br \/>\n1. The Sea and You<br \/>\n2. Keyboard Rock<br \/>\n3. White Feather<br \/>\n4. Musical<br \/>\n5. Chill Out<br \/>\n6. Rising Rock<br \/>\n7. Romance for You<br \/>\n8. \u2013 11. Piano Moods I\u2013IV (D major, B minor, E major, C-sharp minor)<\/p>\n<p><strong>About Marek Brezovsk\u00fd<\/strong><\/p>\n<p>Marek Brezovsk\u00fd (April 15, 1974, Bratislava \u2013 June 22, 1994, Bratislava) was a Slovak composer, pianist, singer and lyricist. He was one of the most remarkable talents on the domestic music scene of the 1980s and 1990s. He began studying piano at the age of five and later graduated from the Bratislava Conservatory with degrees in composition and piano. From 1993 he continued his studies in composition at the Academy of Performing Arts in Bratislava under Vladim\u00edr Bokes. While studying at the conservatory, he founded the Contemporary Music Ensemble, for which he composed and served as a pianist, and the prog-rock group Art M Trio. He died at the age of twenty\u2014yet he left behind an extensive musical legacy encompassing classical music, art rock, and songwriting.<\/p>\n<p>During his lifetime Brezovsk\u00fd did not release any solo albums. His music began to spread among listeners only after his death, largely thanks to his father, Ali Brezovsk\u00fd, and his close friend Oskar R\u00f3zsa. The album <em>Hrana<\/em> was released in 1999 and the album <em>Komorn\u00e1 hudba<\/em> in 2004. In 2014, director Patrik Lan\u010dari\u010d filmed the documentary <em>Hrana: 4 Films About Marek Brezovsk\u00fd<\/em>. His father is composer Ali Brezovsk\u00fd, his mother is lyricist Vlasta Brezovsk\u00e1 and his sister is singer, lyricist and translator Mirka Brezovsk\u00e1.<\/p>\n<p><strong>Vladislav \u0160ari\u0161sk\u00fd<\/strong> &#8211; is a versatile pianist, composer and arranger active across multiple genres. He studied piano and composition at the Ko\u0161ice Conservatory (under J. \u0160ingerov\u00e1, P. Ka\u0161\u010d\u00e1k and N. Bodn\u00e1r) and at the Academy of Performing Arts in Bratislava (under J. Ir\u0161ai). He is a laureate of the International Composition Competition in St. Petersburg (2012) and the Tatra Bank Foundation Award. He composes classical, chamber, symphonic, rock and jazz-rock music, as well as music for film and theater. He has performed in theater productions, such as <em>Novecento\u2014a legend about a pianist<\/em> based on A. Baricco\u2019s theatrical novel <em>1900<\/em>. During his studies, he played in the bands Kakauko and Beg Bajazid, participated in the Hrana Tour project, and together with M. Sl\u00e1vka and F. Hittrich, is active in the group Talent Transport. In 2019, a recording of his string quartets with the Moyzes Quartet was released. In 2025 he recorded the CD <em>Mari\u00e1n Varga \u2013 Songs<\/em> with the ensemble of S. Feh\u00e9r, J. Lupt\u00e1k, and O. T\u00f6r\u00f6k. As an arranger and performer, he participated in the concert premiere of Marek Brezovsk\u00fd\u2019s work: <em>Medzi zemou a\u2026<\/em><\/p>\n<p><strong>Mat\u00fa\u0161 Uhliarik<\/strong> \u2013 singer, pianist, arranger, he studied music theory. He serves as assistant conductor of the STU Technik Choir and is the artistic director, arranger and singer of the a cappella group WAF Band. He was a member of the Fats Jazz Band for thirteen years. As part of the Franti\u0161ek B\u00e1le\u0161 Ensemble, he focuses on interpreting Slovak poetry through jazz. Their album <em>Sonety<\/em> won the Radio_Head Awards 2023. He collaborates with the Rado\u0161insk\u00e9 naivn\u00e9 divadlo, where he adapted and staged the music of J\u00e1n Melkovi\u010d for the productions <em>Ako sme sa h\u013eadali<\/em> and <em>Pavil\u00f3n B<\/em>, to which he also contributed original songs. He also participated in the release of Marek Brezovsk\u00fd\u2019s piano compositions (<em>Mlad\u00fdm klaviristom<\/em>). He also works as a vocal teacher.<\/p>\n<p><strong>Marek Ormand\u00edk<\/strong> is a Slovak painter, graphic artist, illustrator and sculptor. He studied commercial art at the Secondary School of Applied Arts in Bratislava and fine art and book design at the Academy of Fine Arts and Design in Bratislava. His expressive, figurative works have been presented in solo and group exhibitions in Slovakia and in many European countries. He is the author of illustrations for works by Milan Lasica, Omar Khayyam, Dante Alighieri and others. He has won several awards in the competition for the most beautiful book in Slovakia, the Grand Prize for Illustration at the Book Biennial in Martin and the Crystal Wing Award for Art. He has also collaborated with musicians on the visual design of CD covers.<\/p>\n<hr \/>\n<p><strong>Transcription of the pieces<\/strong>: Vladislav \u0160ari\u0161sk\u00fd, Mat\u00fa\u0161 Uhliarik<br \/>\n<strong>Illustrations<\/strong>: Marek Ormand\u00edk<br \/>\n<strong>Published by<\/strong>: Ali Brezovsk\u00fd and Vlasta Brezovsk\u00e1, 2025<br \/>\n<strong>Number of pages<\/strong>: 44<br \/>\n<strong>ISMN<\/strong>: 979-0-9010043-0-6<\/p>\n<p>\u00a9 Marek Brezovsk\u00fd, heirs, 2025<br \/>\n\u00a9 Illustrations, Marek Orman\u00edk, 2025<\/p>\n","protected":false},"excerpt":{"rendered":"<p>Collection of Piano Pieces<\/p>\n","protected":false},"featured_media":2355,"template":"","meta":[],"product_brand":[],"product_cat":[78],"product_tag":[],"class_list":{"0":"post-2354","1":"product","2":"type-product","3":"status-publish","4":"has-post-thumbnail","6":"product_cat-others","8":"first","9":"instock","10":"shipping-taxable","11":"purchasable","12":"product-type-simple"},"supplier_id":null,"supplier_sku":"","barcode":null,"atum_controlled":true,"out_stock_date":null,"out_stock_threshold":null,"inheritable":false,"inbound_stock":null,"stock_on_hold":0,"sold_today":0,"sales_last_days":0,"reserved_stock":null,"customer_returns":null,"warehouse_damage":null,"lost_in_post":null,"other_logs":null,"out_stock_days":0,"lost_sales":0,"has_location":false,"update_date":"2026-04-28T23:23:53","atum_locations":[],"atum_stock_status":"instock","restock_status":false,"low_stock_amount":0,"sales_update_date":"2026-04-28T23:23:53","calc_backorders":null,"_links":{"self":[{"href":"https:\/\/www.konvergencie.sk\/shop\/wp-json\/wp\/v2\/product\/2354","targetHints":{"allow":["GET"]}}],"collection":[{"href":"https:\/\/www.konvergencie.sk\/shop\/wp-json\/wp\/v2\/product"}],"about":[{"href":"https:\/\/www.konvergencie.sk\/shop\/wp-json\/wp\/v2\/types\/product"}],"wp:featuredmedia":[{"embeddable":true,"href":"https:\/\/www.konvergencie.sk\/shop\/wp-json\/wp\/v2\/media\/2355"}],"wp:attachment":[{"href":"https:\/\/www.konvergencie.sk\/shop\/wp-json\/wp\/v2\/media?parent=2354"}],"wp:term":[{"taxonomy":"product_brand","embeddable":true,"href":"https:\/\/www.konvergencie.sk\/shop\/wp-json\/wp\/v2\/product_brand?post=2354"},{"taxonomy":"product_cat","embeddable":true,"href":"https:\/\/www.konvergencie.sk\/shop\/wp-json\/wp\/v2\/product_cat?post=2354"},{"taxonomy":"product_tag","embeddable":true,"href":"https:\/\/www.konvergencie.sk\/shop\/wp-json\/wp\/v2\/product_tag?post=2354"}],"curies":[{"name":"wp","href":"https:\/\/api.w.org\/{rel}","templated":true}]}}