{"id":2360,"date":"2026-04-25T11:33:43","date_gmt":"2026-04-25T09:33:43","guid":{"rendered":"https:\/\/www.konvergencie.sk\/shop\/?post_type=product&#038;p=2360"},"modified":"2026-04-25T12:01:43","modified_gmt":"2026-04-25T10:01:43","slug":"marek-brezovsky-mladym-klaviristom-2","status":"publish","type":"product","link":"https:\/\/www.konvergencie.sk\/shop\/de\/produkt\/marek-brezovsky-mladym-klaviristom-2\/","title":{"rendered":"Marek Brezovsk\u00fd: Mlad\u00fdm klaviristom"},"content":{"rendered":"<p><strong>\u00dcber die Publikation<\/strong><\/p>\n<p>Die Notensammlung enth\u00e4lt 11 Kompositionen, die der Pianist, Komponist und Arrangeur Vladislav \u0160ari\u0161sk\u00fd sowie der Musiker, S\u00e4nger und Arrangeur Mat\u00fa\u0161 Uhliarik anhand authentischer Tonaufnahmen von Marek Brezovsk\u00fd transkribiert haben. Beide Autoren waren auch an der j\u00fcngsten Konzertauff\u00fchrung des Projekts &#8222;<em>Medzi zemou a\u2026&#8220;<\/em> (8. M\u00e4rz 2026, Festival \u201eKonvergencie\u201c in Bratislava) sowie an der Bearbeitung weiterer Werke von Brezovsk\u00fd beteiligt.<\/p>\n<p>Die Publikation entstand auf Initiative und dank der Unterst\u00fctzung von Mareks engster Familie \u2013 seinem Vater Ali, seiner Mutter Vlasta und seiner Schwester Mirka \u2013 und enge Freunde waren an ihrer Umsetzung beteiligt. Ihr Ziel ist es, die Musik von Marek Brezovsk\u00fd wiederzubeleben, weiter zu entdecken und sie den Zuh\u00f6rern n\u00e4herzubringen. Die Sammlung wird durch Illustrationen von Marek Ormand\u00edk k\u00fcnstlerisch erg\u00e4nzt.<\/p>\n<p><strong>Inhalt der Sammlung<\/strong><br \/>\n1. Das Meer und du<br \/>\n2. Keyboard-Rock<br \/>\n3. Wei\u00dfe Feder<br \/>\n4. Musical<br \/>\n5. Ganz entspannt<br \/>\n6. Aufsteigender Rock<br \/>\n7. Romanze f\u00fcr dich<br \/>\n8. \u2013 11. Klavierstimmungen I.\u2013IV. (D-Dur, H-Moll, E-Dur, Cis-Moll)<\/p>\n<p><strong>\u00dcber Marek Brezovsk\u00fd<\/strong><\/p>\n<p>Marek Brezovsk\u00fd (15. April 1974, Bratislava \u2013 22. Juni 1994, Bratislava) war ein slowakischer Komponist, Pianist, S\u00e4nger und Texter. Er geh\u00f6rte zu den herausragendsten Talenten der heimischen Musikszene der 80er und 90er Jahre. Ab seinem f\u00fcnften Lebensjahr lernte er Klavier, sp\u00e4ter absolvierte er das Konservatorium in Bratislava in den F\u00e4chern Komposition und Klavier. Ab 1993 setzte er sein Kompositionsstudium an der Hochschule f\u00fcr darstellende K\u00fcnste in Bratislava bei Vladim\u00edr Bokes fort. W\u00e4hrend seines Studiums am Konservatorium gr\u00fcndete er das Ensemble f\u00fcr zeitgen\u00f6ssische Musik, f\u00fcr das er komponierte und als Pianist t\u00e4tig war, sowie die Prog-Rock-Band Art M Trio. Er starb im Alter von zwanzig Jahren \u2013 dennoch hinterlie\u00df er ein umfangreiches musikalisches Erbe, das klassische Musik, Artrock und Liederschaffen umfasst.<br \/>\nZu Lebzeiten ver\u00f6ffentlichte Brezovsk\u00fd kein eigenes Album. Seine Musik fand erst nach seinem Tod Verbreitung unter den H\u00f6rern, vor allem dank seines Vaters Ali Brezovsk\u00fd und seines engen Freundes Oskar R\u00f3zsa. 1999 erschien das Album \u201e<em>Hrana<\/em>\u201c und 2004 das Album <em>\u201eKomorn\u00e1 hudba\u201c<\/em>. Im Jahr 2014 drehte der Regisseur Patrik Lan\u010dari\u010d den Dokumentarfilm <em>\u201eHrana: 4 Filme \u00fcber Marek Brezovsk\u00fd\u201c<\/em>. Sein Vater ist der Komponist Ali Brezovsk\u00fd, seine Mutter die Texterin Vlasta Brezovsk\u00e1 und seine Schwester die S\u00e4ngerin, Texterin und \u00dcbersetzerin Mirka Brezovsk\u00e1.<\/p>\n<p><strong>Vladislav \u0160ari\u0161sk\u00fd<\/strong> \u2013 ist ein vielseitiger Pianist, Komponist und Arrangeur, der in verschiedenen Genres t\u00e4tig ist. Er studierte Klavier und Komposition am Konservatorium in Ko\u0161ice (bei J. \u0160ingerov\u00e1, P. Ka\u0161\u010d\u00e1k und N. Bodn\u00e1r) sowie an der V\u0160MU in Bratislava (bei J. Ir\u0161ai). Er ist Preistr\u00e4ger des Internationalen Kompositionswettbewerbs in St. Petersburg (2012) und des Preises der Tatra-Bank-Stiftung. Er widmet sich der klassischen, Kammer-, symphonischen, Rock- und Jazz-Rock-Musik sowie der Komposition von Musik f\u00fcr Film und Theater. Er trat in Theaterauff\u00fchrungen auf, z. B. in <em>\u201eNovecento \u2013 Die Legende vom Pianisten\u201c<\/em> nach dem Theaterroman <em>\u201e1900\u201c<\/em> von A. Baricco. W\u00e4hrend seines Studiums war er in den Bands Kakauko und Beg Bajazid t\u00e4tig, nahm am Projekt Hrana Tour teil und ist zusammen mit M. Sl\u00e1vka und F. Hittrich in der Gruppe Talent Transport aktiv. Im Jahr 2019 erschien eine Aufnahme seiner Streichquartette mit dem Moyzes-Quartett. Im Jahr 2025 nahm er mit der Besetzung S. Feh\u00e9r, J. Lupt\u00e1k und O. T\u00f6r\u00f6k die CD <em>\u201eMari\u00e1n Varga \u2013 Lieder\u201c<\/em> auf. Als Arrangeur und Interpret wirkte er an der konzertanten Urauff\u00fchrung der Werke von Marek Brezovsk\u00fd mit: &#8222;<em>Medzi zemou a\u2026&#8220;<\/em><\/p>\n<p><strong>Mat\u00fa\u0161 Uhliarik<\/strong> \u2013 S\u00e4nger, Pianist, Arrangeur, studierte Musiktheorie. Er ist als Assistent der Dirigentin im Chor \u201eTechnik STU\u201c t\u00e4tig und fungiert als k\u00fcnstlerischer Leiter, Arrangeur und S\u00e4nger der A-cappella-Gruppe WAF Band. Dreizehn Jahre lang war er Mitglied der Fats Jazz Band. Im Rahmen des Franti\u0161ek-B\u00e1le\u0161-Ensembles widmet er sich der Interpretation slowakischer Poesie im Jazz. Ihr Album <em>\u201eSonety\u201c<\/em> wurde mit dem Radio_Head-Award 2023 ausgezeichnet. Er arbeitet mit dem Rado\u0161insk\u00e9 naivn\u00e9 divadlo zusammen, wo er die Musik von J\u00e1n Melkovi\u010d f\u00fcr die St\u00fccke <em>\u201eAko sme sa h\u013eadali\u201c<\/em> und <em>\u201ePavil\u00f3n B\u201c<\/em> bearbeitete und einstudierte und zu denen er auch eigene Lieder beisteuerte. Er wirkte auch an der Ver\u00f6ffentlichung der Klavierkompositionen von Marek Brezovsk\u00fd (<em>\u201eMlad\u00fdm klaviristom\u201c<\/em>) mit. Er ist zudem als Gesangslehrer t\u00e4tig.<\/p>\n<p><strong>Marek Ormand\u00edk<\/strong> ist ein slowakischer Maler, Grafiker, Illustrator und Bildhauer. Er studierte Werbegrafik an der SUP\u0160 in Bratislava sowie Freie Grafik und Buchgestaltung an der Hochschule f\u00fcr Bildende K\u00fcnste in Bratislava. Seine ausdrucksstarken, figurativen Werke wurden in Einzel- und Gruppenausstellungen in der Slowakei und in vielen europ\u00e4ischen L\u00e4ndern pr\u00e4sentiert. Er ist Autor von Illustrationen zu Werken von Milan Lasica, Omar Khayyam, Dante Alighieri und anderen. Er erhielt mehrere Auszeichnungen im Wettbewerb um das sch\u00f6nste Buch der Slowakei, den Hauptpreis f\u00fcr Illustration auf der Buchbiennale in Martin und den Preis \u201eKri\u0161t\u00e1\u013eov\u00e9 kr\u00eddlo\u201c f\u00fcr Kunst. Er arbeitete auch mit Musikern an der gestalterischen Gestaltung von CD-H\u00fcllen zusammen.<\/p>\n<hr \/>\n<p><strong>Notenausgabe<\/strong>: Vladislav \u0160ari\u0161sk\u00fd, Mat\u00fa\u0161 Uhliarik<br \/>\n<strong>Illustrationen<\/strong>: Marek Ormand\u00edk<br \/>\n<strong>Herausgegeben von<\/strong>: Ali Brezovsk\u00fd und Vlasta Brezovsk\u00e1, 2025<br \/>\n<strong>Seitenzahl<\/strong>: 44<br \/>\n<strong>ISMN<\/strong>: 979-0-9010043-0-6<\/p>\n<p>\u00a9 Marek Brezovsk\u00fd, Erben, 2025<br \/>\n\u00a9 Illustrationen, Marek Orman\u00edk, 2025<\/p>\n","protected":false},"excerpt":{"rendered":"<p>Sammlung von Klavierst\u00fccken<\/p>\n","protected":false},"featured_media":2361,"template":"","meta":[],"product_brand":[],"product_cat":[80],"product_tag":[],"class_list":{"0":"post-2360","1":"product","2":"type-product","3":"status-publish","4":"has-post-thumbnail","6":"product_cat-andere","8":"first","9":"instock","10":"shipping-taxable","11":"purchasable","12":"product-type-simple"},"supplier_id":null,"supplier_sku":"","barcode":null,"atum_controlled":true,"out_stock_date":null,"out_stock_threshold":null,"inheritable":false,"inbound_stock":null,"stock_on_hold":0,"sold_today":0,"sales_last_days":0,"reserved_stock":null,"customer_returns":null,"warehouse_damage":null,"lost_in_post":null,"other_logs":null,"out_stock_days":0,"lost_sales":0,"has_location":false,"update_date":"2026-04-28T23:23:53","atum_locations":[],"atum_stock_status":"instock","restock_status":false,"low_stock_amount":0,"sales_update_date":"2026-04-28T23:23:53","calc_backorders":null,"_links":{"self":[{"href":"https:\/\/www.konvergencie.sk\/shop\/wp-json\/wp\/v2\/product\/2360","targetHints":{"allow":["GET"]}}],"collection":[{"href":"https:\/\/www.konvergencie.sk\/shop\/wp-json\/wp\/v2\/product"}],"about":[{"href":"https:\/\/www.konvergencie.sk\/shop\/wp-json\/wp\/v2\/types\/product"}],"wp:featuredmedia":[{"embeddable":true,"href":"https:\/\/www.konvergencie.sk\/shop\/wp-json\/wp\/v2\/media\/2361"}],"wp:attachment":[{"href":"https:\/\/www.konvergencie.sk\/shop\/wp-json\/wp\/v2\/media?parent=2360"}],"wp:term":[{"taxonomy":"product_brand","embeddable":true,"href":"https:\/\/www.konvergencie.sk\/shop\/wp-json\/wp\/v2\/product_brand?post=2360"},{"taxonomy":"product_cat","embeddable":true,"href":"https:\/\/www.konvergencie.sk\/shop\/wp-json\/wp\/v2\/product_cat?post=2360"},{"taxonomy":"product_tag","embeddable":true,"href":"https:\/\/www.konvergencie.sk\/shop\/wp-json\/wp\/v2\/product_tag?post=2360"}],"curies":[{"name":"wp","href":"https:\/\/api.w.org\/{rel}","templated":true}]}}