{"id":2366,"date":"2026-04-25T11:33:43","date_gmt":"2026-04-25T09:33:43","guid":{"rendered":"https:\/\/www.konvergencie.sk\/shop\/?post_type=product&#038;p=2366"},"modified":"2026-04-25T12:05:58","modified_gmt":"2026-04-25T10:05:58","slug":"marek-brezovsky-mladym-klaviristom","status":"publish","type":"product","link":"https:\/\/www.konvergencie.sk\/shop\/produkt\/marek-brezovsky-mladym-klaviristom\/","title":{"rendered":"Marek Brezovsk\u00fd: Mlad\u00fdm klaviristom"},"content":{"rendered":"<h2>O publik\u00e1cii<\/h2>\n<p>Notov\u00e1 zbierka obsahuje 11 skladieb, ktor\u00e9 z autentick\u00fdch zvukov\u00fdch z\u00e1znamov Mareka Brezovsk\u00e9ho prep\u00edsali klavirista, skladate\u013e a aran\u017e\u00e9r Vladislav \u0160ari\u0161sk\u00fd a hudobn\u00edk, spev\u00e1k a aran\u017e\u00e9r Mat\u00fa\u0161 Uhliarik. Obaja autori sa podie\u013eali aj na ned\u00e1vnom koncertnom uveden\u00ed projektu <em>Medzi zemou a\u2026<\/em> (8. 3. 2026, festival Konvergencie v Bratislave) a na spracovan\u00ed \u010fal\u0161\u00edch Brezovsk\u00e9ho diel.<\/p>\n<p>Publik\u00e1cia vznikla z iniciat\u00edvy a v\u010faka podpore najbli\u017e\u0161ej Marekovej rodiny \u2013 otca Aliho, mamy Vlasty a sestry Mirky \u2013 a na jej realiz\u00e1cii sa podie\u013eali bl\u00edzki priatelia. Jej cie\u013eom je o\u017eivova\u0165 a \u010falej objavova\u0165 hudbu Mareka Brezovsk\u00e9ho a prin\u00e1\u0161a\u0165 ju posluch\u00e1\u010dom. Zbierku v\u00fdtvarne dop\u013a\u0148aj\u00fa ilustr\u00e1cie Mareka Ormand\u00edka.<\/p>\n<h2>Obsah zbierky<\/h2>\n<ol>\n<li>More a ty<\/li>\n<li>Kl\u00e1vesov\u00fd rock<\/li>\n<li>Biele pierko<\/li>\n<li>Muzik\u00e1l<\/li>\n<li>V pohode<\/li>\n<li>St\u00fapaj\u00faci rock<\/li>\n<li>Romance pre teba<\/li>\n<li>\u2013 11. Klav\u00edrne n\u00e1lady I.\u2013IV. (D dur, H mol, E dur, Cis mol)<\/li>\n<\/ol>\n<h2>O Marekovi Brezovskom<\/h2>\n<p>Marek Brezovsk\u00fd (15. 4. 1974, Bratislava \u2013 22. 6. 1994, Bratislava) bol slovensk\u00fd hudobn\u00fd skladate\u013e, klavirista, spev\u00e1k a text\u00e1r. Patril medzi najpozoruhodnej\u0161ie talenty dom\u00e1cej hudobnej sc\u00e9ny 80. a 90. rokov. Od piatich rokov \u0161tudoval hru na klav\u00edr, nesk\u00f4r absolvoval Konzervat\u00f3rium v Bratislave v odbore kompoz\u00edcia a klav\u00edr. Od roku 1993 pokra\u010doval v \u0161t\u00fadiu kompoz\u00edcie na Vysokej \u0161kole m\u00fazick\u00fdch umen\u00ed v Bratislave u Vladim\u00edra Bokesa. Po\u010das \u0161t\u00fadia na konzervat\u00f3riu zalo\u017eil S\u00fabor s\u00fa\u010dasnej hudby, pre ktor\u00fd skladal a p\u00f4sobil ako klavirista, a progrockov\u00fa skupinu Art M Trio. Zomrel ako dvadsa\u0165ro\u010dn\u00fd \u2013 napriek tomu zanechal rozsiahle hudobn\u00e9 dedi\u010dstvo zah\u0155\u0148aj\u00face klasick\u00fa hudbu, artrock aj pies\u0148ov\u00fa tvorbu.<\/p>\n<p>Za svojho \u017eivota Brezovsk\u00fd nevydal \u017eiadny samostatn\u00fd album. Jeho hudba sa za\u010dala \u0161\u00edri\u0165 medzi posluch\u00e1\u010dmi a\u017e po jeho smrti, najm\u00e4 z\u00e1sluhou otca Aliho Brezovsk\u00e9ho a bl\u00edzkeho priate\u013ea Oskara R\u00f3zsu. V roku 1999 vy\u0161iel album <em>Hrana<\/em> a v roku 2004 album <em>Komorn\u00e1 hudba<\/em>. V roku 2014 nakr\u00fatil re\u017eis\u00e9r Patrik Lan\u010dari\u010d dokument\u00e1rny film <em>Hrana: 4 filmy o Marekovi Brezovskom<\/em>. Jeho otcom je hudobn\u00fd skladate\u013e Ali Brezovsk\u00fd, matkou text\u00e1rka Vlasta Brezovsk\u00e1 a sestrou spev\u00e1\u010dka, text\u00e1rka a prekladate\u013eka Mirka Brezovsk\u00e1.<\/p>\n<p><strong>Vladislav \u0160ari\u0161sk\u00fd<\/strong> \u2013 je v\u0161estrann\u00fd klavirista, skladate\u013e a aran\u017e\u00e9r, akt\u00edvny vo viacer\u00fdch \u017e\u00e1nroch. \u0160tudoval hru na klav\u00edri a kompoz\u00edciu na ko\u0161ickom konzervat\u00f3riu (J. \u0160ingerov\u00e1, P. Ka\u0161\u010d\u00e1k, N. Bodn\u00e1r) a na V\u0160MU v Bratislave (J. Ir\u0161ai). Je laure\u00e1tom Medzin\u00e1rodnej skladate\u013eskej s\u00fa\u0165a\u017ee v Petrohrade (2012) a Ceny Nad\u00e1cie Tatra banky. Venuje sa klasickej, komornej, symfonickej, rockovej, jazz-rockovej hudbe, ako aj tvorbe hudby pre film \u010di divadlo. \u00da\u010dinkoval v divadeln\u00fdch predstaveniach, napr. <em>Novecento \u2013 legenda o pianistovi<\/em> pod\u013ea divadeln\u00e9ho rom\u00e1nu A. Baricca <em>Tis\u00edcdev\u00e4\u0165sto<\/em>. Po\u010das \u0161t\u00fadi\u00ed p\u00f4sobil v kapel\u00e1ch Kakauko a Beg Bajazid, z\u00fa\u010dastnil sa projektu Hrana Tour a spolu s M. Sl\u00e1vkom a F. Hittrichom je akt\u00edvny v zoskupen\u00ed Talent Transport. V roku 2019 vy\u0161la nahr\u00e1vka jeho sl\u00e1\u010dikov\u00fdch kvartet s Moyzesov\u00fdm kvartetom. V roku 2025 nahral so zostavou S. Feh\u00e9r, J. Lupt\u00e1k a O. T\u00f6r\u00f6k CD <em>Mari\u00e1n Varga \u2013 Piesne. <\/em><em>Ako aran<\/em><em>\u017e\u00e9r a\u00a0interpret sa podie\u013eal na koncertnom uveden\u00ed diel <\/em><em>Marek Brezovsk\u00fd: Medzi zemou a&#8230;<\/em><\/p>\n<p><strong>Mat\u00fa\u0161 Uhliarik <\/strong>\u2013 spev\u00e1k, klavirista, aran\u017e\u00e9r, \u0161tudoval hudobn\u00fa te\u00f3riu. P\u00f4sob\u00ed ako asistent dirigentky v Spev\u00e1ckom zbore Technik STU a je umeleck\u00fdm ved\u00facim, aran\u017e\u00e9rom a spev\u00e1kom a cappella zoskupenia WAF Band. Trin\u00e1s\u0165 rokov bol s\u00fa\u010das\u0165ou Fats Jazz Band. V r\u00e1mci Franti\u0161ek B\u00e1le\u0161 ans\u00e1mblu sa venuje interpret\u00e1cii slovenskej po\u00e9zie v jazze. Ich album <em>Sonety<\/em> z\u00edskal cenu Radio_Head Awards 2023. Spolupracuje s Rado\u0161insk\u00fdm naivn\u00fdm divadlom, kde upravil a na\u0161tudoval hudbu J\u00e1na Melkovi\u010da v predstaveniach <em>Ako sme sa h\u013eadali<\/em> a <em>Pavil\u00f3n B<\/em>, do ktor\u00fdch prispel aj autorsk\u00fdmi pies\u0148ami. Participoval aj na vydan\u00ed klav\u00edrnych skladieb Mareka Brezovsk\u00e9ho (<em>Mlad\u00fdm klaviristom<\/em>). P\u00f4sob\u00ed tie\u017e ako pedag\u00f3g spevu.<\/p>\n<p><strong>Marek Ormand\u00edk<\/strong> je slovensk\u00fd maliar, grafik, ilustr\u00e1tor a soch\u00e1r. Vy\u0161tudoval propaga\u010dn\u00fa grafiku na SUP\u0160 v Bratislave a vo\u013en\u00fa grafiku a kni\u017en\u00fa tvorbu na Vysokej \u0161kole v\u00fdtvarn\u00fdch umen\u00ed v Bratislave. Jeho expres\u00edvne, figurat\u00edvne diela boli prezentovan\u00e9 na samostatn\u00fdch i skupinov\u00fdch v\u00fdstav\u00e1ch na Slovensku a v mnoh\u00fdch eur\u00f3pskych krajin\u00e1ch. Je autorom ilustr\u00e1ci\u00ed k dielam Milana Lasicu, Omara Chajj\u00e1ma, Danteho Alighieriho a \u010fal\u0161\u00edch. Z\u00edskal viacer\u00e9 ocenenia v s\u00fa\u0165a\u017ei o najkraj\u0161iu knihu Slovenska, Hlavn\u00fa cenu za ilustr\u00e1ciu na Bien\u00e1le knihy v Martine a cenu Kri\u0161t\u00e1\u013eov\u00e9 kr\u00eddlo za umenie. Spolupracoval aj s hudobn\u00edkmi na v\u00fdtvarnom spracovan\u00ed obalov CD nosi\u010dov.<\/p>\n<p><strong>Prepis skladieb: <\/strong>Vladislav \u0160ari\u0161sk\u00fd, Mat\u00fa\u0161 Uhliarik<\/p>\n<p><strong>Ilustr\u00e1cie: <\/strong>Marek Ormand\u00edk<\/p>\n<p><strong>Vydali: <\/strong>Ali Brezovsk\u00fd a Vlasta Brezovsk\u00e1, 2025<\/p>\n<p><strong>Po\u010det str\u00e1n: <\/strong>44<\/p>\n<p><strong>ISMN: <\/strong>979-0-9010043-0-6<\/p>\n<p>\u00a9 Marek Brezovsk\u00fd, dedi\u010dia, 2025<\/p>\n<p>\u00a9 Ilustr\u00e1cie, Marek Orman\u00edk, 2025<\/p>\n","protected":false},"excerpt":{"rendered":"<p>Zborn\u00edk skladieb pre klav\u00edr<\/p>\n","protected":false},"featured_media":2350,"template":"","meta":[],"product_brand":[],"product_cat":[76],"product_tag":[],"class_list":{"0":"post-2366","1":"product","2":"type-product","3":"status-publish","4":"has-post-thumbnail","6":"product_cat-ine","8":"first","9":"instock","10":"shipping-taxable","11":"purchasable","12":"product-type-simple"},"supplier_id":null,"supplier_sku":"","barcode":null,"atum_controlled":true,"out_stock_date":null,"out_stock_threshold":null,"inheritable":false,"inbound_stock":null,"stock_on_hold":0,"sold_today":0,"sales_last_days":0,"reserved_stock":null,"customer_returns":null,"warehouse_damage":null,"lost_in_post":null,"other_logs":null,"out_stock_days":0,"lost_sales":0,"has_location":false,"update_date":"2026-04-28T23:23:53","atum_locations":[],"atum_stock_status":"instock","restock_status":false,"low_stock_amount":0,"sales_update_date":"2026-04-28T23:23:53","calc_backorders":null,"_links":{"self":[{"href":"https:\/\/www.konvergencie.sk\/shop\/wp-json\/wp\/v2\/product\/2366","targetHints":{"allow":["GET"]}}],"collection":[{"href":"https:\/\/www.konvergencie.sk\/shop\/wp-json\/wp\/v2\/product"}],"about":[{"href":"https:\/\/www.konvergencie.sk\/shop\/wp-json\/wp\/v2\/types\/product"}],"wp:featuredmedia":[{"embeddable":true,"href":"https:\/\/www.konvergencie.sk\/shop\/wp-json\/wp\/v2\/media\/2350"}],"wp:attachment":[{"href":"https:\/\/www.konvergencie.sk\/shop\/wp-json\/wp\/v2\/media?parent=2366"}],"wp:term":[{"taxonomy":"product_brand","embeddable":true,"href":"https:\/\/www.konvergencie.sk\/shop\/wp-json\/wp\/v2\/product_brand?post=2366"},{"taxonomy":"product_cat","embeddable":true,"href":"https:\/\/www.konvergencie.sk\/shop\/wp-json\/wp\/v2\/product_cat?post=2366"},{"taxonomy":"product_tag","embeddable":true,"href":"https:\/\/www.konvergencie.sk\/shop\/wp-json\/wp\/v2\/product_tag?post=2366"}],"curies":[{"name":"wp","href":"https:\/\/api.w.org\/{rel}","templated":true}]}}