{"id":71,"date":"2020-04-25T13:35:17","date_gmt":"2020-04-25T11:35:17","guid":{"rendered":"https:\/\/nechsapaci.info\/konvergencie\/?post_type=product&#038;p=71"},"modified":"2025-12-07T14:01:59","modified_gmt":"2025-12-07T13:01:59","slug":"igor-stravinskij-a-soldier-story","status":"publish","type":"product","link":"https:\/\/www.konvergencie.sk\/shop\/en\/produkt\/igor-stravinskij-a-soldier-story\/","title":{"rendered":"Igor Stravinskij: A soldier Story (Robert Roth)"},"content":{"rendered":"<p><strong>(audiobook, music)<\/strong><\/p>\n<p><span style=\"color: #ff0000;\"><strong>Konvergencie LIVE<\/strong><\/span><\/p>\n<hr \/>\n<p>Robert Roth in the triple role of the Devil, the Soldier and the Storyteller in Stravinsky&#8217;s timeless musical fairy tale for adults about the eternal struggle of good against evil, about love, about war and about how (not) to sell one&#8217;s soul. (live recording of performances from the Konvergencie\/Stravinsky Festival 2019)<\/p>\n<p><strong>More about the title<\/strong><\/p>\n<p>The Soldier&#8217;s Tale was written in Swiss exile, where Stravinsky, a celebrated composing star, was stranded with his family during World War I. It was premiered in Lausanne in 1918. Based on the Russian fairy tale of the Soldier who serves the Devil in exchange for worldly goods, losing his loved ones in the process, the work can also be understood in the context of events in war-torn Europe that left indelible marks on human souls. The message of A Soldier&#8217;s Tale, however, is timeless and relevant even today. In his music, Stravinsky was inspired by a diverse mix of musical styles and genres.<\/p>\n<p>The first complete Slovak recording of the work was made under the direction of violinist Igor Kar\u0161ek and featured leading Slovak performers Juraj Grigl\u00e1k (double bass), Ronald \u0160ebesta (clarinet), Peter Kajan (bassoon), Branislav Belorid (trombone), Peter Kosor\u00edn (percussion) and Hungarian trumpeter Zolt\u00e1n Moln\u00e1r.<\/p>\n<p><strong>The album contains<\/strong>: music <span style=\"text-decoration: underline;\">CD<\/span>, download <span style=\"text-decoration: underline;\">code<\/span> for downloading the music, 80-page full-colour booklet in the form of a <span style=\"text-decoration: underline;\">bound booklet<\/span> (libretto, accompanying texts and photos from the performances)<\/p>\n<p><strong>Performers<\/strong>:<br \/>\n<strong>Robert Roth<\/strong>, The Storyteller, The Soldier, The Devil<br \/>\n<strong>Igor Kar\u0161ko<\/strong>, violin, musical direction<br \/>\n<strong>Juraj Grigl\u00e1k<\/strong>, double bass \/ <strong>Ronald \u0160ebesta<\/strong>, clarinet \/ <strong>Peter Kajan<\/strong>, bassoon \/ <strong>Zolt\u00e1n Moln\u00e1r<\/strong>, cornet \/ <strong>Branislav Belorid<\/strong>, trombone \/ <strong>Peter Kosor\u00edn<\/strong>, drums<\/p>\n<p>Recorded during the performances in the Large Concert Studio of the Slovak Radio on 16 and 17.2.2019<\/p>\n<p><strong>Recording, mixing and mastering<\/strong>: Robert Pospi\u0161 &amp; Martin Sillay \/ Real Music House<\/p>\n<p><strong>Publisher<\/strong>: Konvergencie, 2020<\/p>\n<p><strong>Edition<\/strong>: Konvergencie LIVE<\/p>\n<p><strong>CD launch &#8211; discussion and concert<\/strong> (Rober Roth, J\u00e1n \u0160trasser, Silvester Lavr\u00edk, Andrej \u0160uba, Jozef Lupt\u00e1k), 27.5.2020, design factory: <a href=\"https:\/\/youtu.be\/0vPm2YoMxT8\">https:\/\/youtu.be\/0vPm2YoMxT8<\/a><\/p>\n<p><strong>Arforum Live discussion<\/strong> (Rober Roth, Andrej \u0160uba, Jozef Lupt\u00e1k, 18.6.2020, <a href=\"https:\/\/www.facebook.com\/konvergencie\/videos\/294073675054644\">https:\/\/www.facebook.com\/konvergencie\/videos\/294073675054644<\/a>)<\/p>\n","protected":false},"excerpt":{"rendered":"<p>A fascinating score from 1918, seven outstanding musicians and the charismatic Robert Roth in the trio of Diablo, Soldier and Narrator in Stravinsky&#8217;s timeless musical tale for adults about the age-old struggle between good and evil, love, war and how to (not) sell your soul.<\/p>\n","protected":false},"featured_media":1960,"template":"","meta":[],"product_brand":[],"product_cat":[54],"product_tag":[],"class_list":{"0":"post-71","1":"product","2":"type-product","3":"status-publish","4":"has-post-thumbnail","6":"product_cat-cd-en","8":"first","9":"instock","10":"shipping-taxable","11":"purchasable","12":"product-type-simple"},"supplier_id":null,"supplier_sku":"","barcode":null,"atum_controlled":true,"out_stock_date":null,"out_stock_threshold":null,"inheritable":false,"inbound_stock":0,"stock_on_hold":0,"sold_today":0,"sales_last_days":0,"reserved_stock":0,"customer_returns":0,"warehouse_damage":0,"lost_in_post":0,"other_logs":0,"out_stock_days":0,"lost_sales":0,"has_location":false,"update_date":"2026-04-28T23:23:47","atum_locations":[],"atum_stock_status":"instock","restock_status":false,"low_stock_amount":5,"sales_update_date":"2026-04-28T23:23:47","calc_backorders":null,"_links":{"self":[{"href":"https:\/\/www.konvergencie.sk\/shop\/wp-json\/wp\/v2\/product\/71","targetHints":{"allow":["GET"]}}],"collection":[{"href":"https:\/\/www.konvergencie.sk\/shop\/wp-json\/wp\/v2\/product"}],"about":[{"href":"https:\/\/www.konvergencie.sk\/shop\/wp-json\/wp\/v2\/types\/product"}],"wp:featuredmedia":[{"embeddable":true,"href":"https:\/\/www.konvergencie.sk\/shop\/wp-json\/wp\/v2\/media\/1960"}],"wp:attachment":[{"href":"https:\/\/www.konvergencie.sk\/shop\/wp-json\/wp\/v2\/media?parent=71"}],"wp:term":[{"taxonomy":"product_brand","embeddable":true,"href":"https:\/\/www.konvergencie.sk\/shop\/wp-json\/wp\/v2\/product_brand?post=71"},{"taxonomy":"product_cat","embeddable":true,"href":"https:\/\/www.konvergencie.sk\/shop\/wp-json\/wp\/v2\/product_cat?post=71"},{"taxonomy":"product_tag","embeddable":true,"href":"https:\/\/www.konvergencie.sk\/shop\/wp-json\/wp\/v2\/product_tag?post=71"}],"curies":[{"name":"wp","href":"https:\/\/api.w.org\/{rel}","templated":true}]}}