{"id":76,"date":"2020-04-25T13:35:17","date_gmt":"2020-04-25T11:35:17","guid":{"rendered":"https:\/\/nechsapaci.info\/konvergencie\/?post_type=product&#038;p=76"},"modified":"2025-03-10T13:59:34","modified_gmt":"2025-03-10T12:59:34","slug":"igor-stravinskij-die-geschichte-eines-soldaten","status":"publish","type":"product","link":"https:\/\/www.konvergencie.sk\/shop\/de\/produkt\/igor-stravinskij-die-geschichte-eines-soldaten\/","title":{"rendered":"Igor Stravinskij: Die Geschichte eines Soldaten (Robert Roth)"},"content":{"rendered":"<p><strong>(Audiobuch, Musik)<\/strong><\/p>\n<p><span style=\"color: #ff0000;\"><strong>Konvergencie LIVE<\/strong><\/span><\/p>\n<hr \/>\n<p>Robert Roth in der dreifachen Rolle des Teufels, des Soldaten und des Geschichtenerz\u00e4hlers in Strawinskys zeitlosem musikalischen M\u00e4rchen f\u00fcr Erwachsene \u00fcber den ewigen Kampf des Guten gegen das B\u00f6se, \u00fcber Liebe, \u00fcber Krieg und dar\u00fcber, wie man seine Seele (nicht) verkauft. (Live-Mitschnitt von Auff\u00fchrungen des Konvergencie\/Stravinsky Festivals 2019)<\/p>\n<p><strong>Mehr \u00fcber den Titel<\/strong><\/p>\n<p>The Soldier&#8217;s Tale wurde im Schweizer Exil geschrieben, wo Strawinsky, ein gefeierter Komponistenstar, w\u00e4hrend des Ersten Weltkriegs mit seiner Familie gestrandet war. Es wurde 1918 in Lausanne uraufgef\u00fchrt. Das Werk basiert auf dem russischen M\u00e4rchen vom Soldaten, der im Tausch gegen weltliche G\u00fcter dem Teufel dient und dabei seine Liebsten verliert, und kann auch im Kontext der Ereignisse im kriegsgebeutelten Europa verstanden werden, die unausl\u00f6schliche Spuren in den Seelen der Menschen hinterlassen haben. Die Botschaft von A Soldier&#8217;s Tale ist jedoch zeitlos und auch heute noch relevant. In seiner Musik lie\u00df sich Strawinsky von einer vielf\u00e4ltigen Mischung musikalischer Stile und Genres inspirieren.<\/p>\n<p>Die erste slowakische Gesamtaufnahme des Werks entstand unter der Leitung des Geigers Igor Kar\u0161ek und wurde von den f\u00fchrenden slowakischen K\u00fcnstlern Juraj Grigl\u00e1k (Kontrabass), Ronald \u0160ebesta (Klarinette), Peter Kajan (Fagott), Branislav Belorid (Posaune), Peter Kosor\u00edn (Schlagzeug) und dem ungarischen Trompeter Zolt\u00e1n Moln\u00e1r eingespielt.<\/p>\n<p><strong>Das Album enth\u00e4lt<\/strong>: Musik-<span style=\"text-decoration: underline;\">CD<\/span>, Download-<span style=\"text-decoration: underline;\">Code<\/span> zum Herunterladen der Musik, 80-seitiges, farbiges Booklet in Form eines <span style=\"text-decoration: underline;\">gebundenen Heftes<\/span> (Libretto, Begleittexte und Fotos von den Auff\u00fchrungen)<\/p>\n<p><strong>Interpreten<\/strong>:<br \/>\n<strong>Robert Roth<\/strong>, Der Geschichtenerz\u00e4hler, Der Soldat, Der Teufel<br \/>\n<strong>Igor Kar\u0161ko<\/strong>, Violine, musikalische Leitung<br \/>\n<strong>Juraj Grigl\u00e1k<\/strong>, Kontrabass \/ <strong>Ronald \u0160ebesta<\/strong>, Klarinette \/ <strong>Peter Kajan<\/strong>, Fagott \/ <strong>Zolt\u00e1n Moln\u00e1r<\/strong>, Kornett \/ <strong>Branislav Belorid<\/strong>, Posaune \/ <strong>Peter Kosor\u00edn<\/strong>, Schlagzeug<\/p>\n<p>Aufgenommen w\u00e4hrend der Auff\u00fchrungen im Gro\u00dfen Konzertstudio des Slowakischen Rundfunks am 16. und 17.2.2019.<\/p>\n<p><strong>Aufnahme, Mischung und Mastering<\/strong>: Robert Pospi\u0161 &amp; Martin Sillay \/ Real Music House<\/p>\n<p><strong>Herausgeber<\/strong>: Konvergencie, 2020<\/p>\n<p><strong>Ausgabe<\/strong>: Konvergencie LIVE<\/p>\n<p><strong>CD-Einf\u00fchrung &#8211; Diskussion und Konzert<\/strong> (Rober Roth, J\u00e1n \u0160trasser, Silvester Lavr\u00edk, Andrej \u0160uba, Jozef Lupt\u00e1k), 27.5.2020, design factory: <a href=\"https:\/\/youtu.be\/0vPm2YoMxT8\">https:\/\/youtu.be\/0vPm2YoMxT8<\/a><\/p>\n<p><strong>Arforum Live Diskussion<\/strong> (Rober Roth, Andrej \u0160uba, Jozef Lupt\u00e1k, 18.6.2020, <a href=\"https:\/\/www.facebook.com\/konvergencie\/videos\/294073675054644\">https:\/\/www.facebook.com\/konvergencie\/videos\/294073675054644<\/a>)<\/p>\n","protected":false},"excerpt":{"rendered":"<p>Eine faszinierende Partitur aus dem Jahr 1918, sieben herausragende Musiker und der charismatische Robert Roth im Trio von Diablo, Soldat und Erz\u00e4hler in Strawinskys zeitloser Musikgeschichte f\u00fcr Erwachsene \u00fcber den jahrhundertealten Kampf zwischen Gut und B\u00f6se, Liebe, Krieg und wie man seine Seele (nicht) verkauft.<\/p>\n","protected":false},"featured_media":1989,"template":"","meta":[],"product_brand":[],"product_cat":[56],"product_tag":[],"class_list":{"0":"post-76","1":"product","2":"type-product","3":"status-publish","4":"has-post-thumbnail","6":"product_cat-cd-de","8":"first","9":"instock","10":"shipping-taxable","11":"purchasable","12":"product-type-simple"},"supplier_id":null,"supplier_sku":"","barcode":null,"atum_controlled":true,"out_stock_date":null,"out_stock_threshold":null,"inheritable":false,"inbound_stock":0,"stock_on_hold":0,"sold_today":0,"sales_last_days":0,"reserved_stock":0,"customer_returns":0,"warehouse_damage":0,"lost_in_post":0,"other_logs":0,"out_stock_days":0,"lost_sales":0,"has_location":false,"update_date":"2026-04-28T23:23:50","atum_locations":[],"atum_stock_status":"instock","restock_status":false,"low_stock_amount":5,"sales_update_date":"2026-04-28T23:23:50","calc_backorders":null,"_links":{"self":[{"href":"https:\/\/www.konvergencie.sk\/shop\/wp-json\/wp\/v2\/product\/76","targetHints":{"allow":["GET"]}}],"collection":[{"href":"https:\/\/www.konvergencie.sk\/shop\/wp-json\/wp\/v2\/product"}],"about":[{"href":"https:\/\/www.konvergencie.sk\/shop\/wp-json\/wp\/v2\/types\/product"}],"wp:featuredmedia":[{"embeddable":true,"href":"https:\/\/www.konvergencie.sk\/shop\/wp-json\/wp\/v2\/media\/1989"}],"wp:attachment":[{"href":"https:\/\/www.konvergencie.sk\/shop\/wp-json\/wp\/v2\/media?parent=76"}],"wp:term":[{"taxonomy":"product_brand","embeddable":true,"href":"https:\/\/www.konvergencie.sk\/shop\/wp-json\/wp\/v2\/product_brand?post=76"},{"taxonomy":"product_cat","embeddable":true,"href":"https:\/\/www.konvergencie.sk\/shop\/wp-json\/wp\/v2\/product_cat?post=76"},{"taxonomy":"product_tag","embeddable":true,"href":"https:\/\/www.konvergencie.sk\/shop\/wp-json\/wp\/v2\/product_tag?post=76"}],"curies":[{"name":"wp","href":"https:\/\/api.w.org\/{rel}","templated":true}]}}