{"id":840,"date":"2021-03-15T16:05:24","date_gmt":"2021-03-15T15:05:24","guid":{"rendered":"https:\/\/www.konvergencie.sk\/shop\/?post_type=product&#038;p=840"},"modified":"2026-03-25T09:38:28","modified_gmt":"2026-03-25T08:38:28","slug":"konvergencie-2020","status":"publish","type":"product","link":"https:\/\/www.konvergencie.sk\/shop\/produkt\/konvergencie-2020\/","title":{"rendered":"CD KONVERGENCIE 2020"},"content":{"rendered":"<p><strong>Viac o titule<\/strong><br \/>\nKonvergencie 2020 boli in\u00e9. V \u010dase obmedzen\u00ed a z\u00e1kazov vznikol v\u00fdnimo\u010dn\u00fd hudobn\u00fd azyl. Svet bez hran\u00edc. Svet, postaven\u00fd na komunik\u00e1cii a vz\u00e1jomnej podpore, kde vl\u00e1dla hudba. V trin\u00e1stich skladb\u00e1ch albumu Konvergencie 2020 live je v koncentrovanej podobe zachyten\u00e1 atmosf\u00e9ra aktu\u00e1lneho ro\u010dn\u00edka i esencia podujatia, ktor\u00e9 u\u017e viac ne\u017e dve dek\u00e1dy sp\u00e1ja. Hudbu, publikum, n\u00e1s v\u0161etk\u00fdch.<\/p>\n<p><strong>Album obsahuje:<\/strong> hudobn\u00e9 CD, booklet,<strong> k\u00f3d na stiahnutie audios\u00faborov<\/strong><\/p>\n<p><strong>Autori:<\/strong> Bach \/ Pa\u0308rt \/ Hummel \/ Beethoven \/ Mendelssohn Albrecht \/ Brahms \/ Berger \/ Varga \/ Dugovic\u030c Sollima \/ Pospis\u030c &amp; Sillay \/ Mojs\u030ce Band<\/p>\n<p>Nahran\u00e9 po\u010das koncertov medzin\u00e1rodn\u00e9ho festivalu komornej hudby Konvergencie 2020.<\/p>\n<p><strong>Vydavate\u013e:<\/strong> Konvergencie, 2021<br \/>\n<strong>Ed\u00edcia:<\/strong> Konvergencie LIVE<br \/>\n<strong>SOZA &#8211; BIEM:<\/strong> 1749-007-2<br \/>\n<strong>EAN:<\/strong> 8 588006 338058<\/p>\n<p><strong>Nahr\u00e1vky, mix a mastering:<\/strong> Martin \u010cema, Cobra Sound<\/p>\n<p><strong>Zoznam skladieb:<\/strong><br \/>\nJohann Sebastian Bach (1685 \u2013 1750): Aria variata alla maniera italiana BWV 989 (v\u00fdber), arr. Igor Kar\u0161ko (4:50)<br \/>\nIgor Kar\u0161ko, husle, Jozef Lupt\u00e1k, violon\u010delo<\/p>\n<p>Arvo P\u00e4rt (1935): Fratres (10:11)<br \/>\nStroon, electronic sound design, vibraf\u00f3n, elektronika<\/p>\n<p>Johann Nepomuk Hummel (1778 \u2013 1837): Klav\u00edrne kvinteto es mol, op. 87 \/ II. Largo (2:25)<br \/>\nSusanne Sch\u00e4ffer, 1. husle, Martin Ruman, viola, Andrej G\u00e1l, violon\u010delo, J\u00e1n Prievozn\u00edk, kontrabas, Jordana Palovi\u010dov\u00e1, klav\u00edr<\/p>\n<p>Ludwig van Beethoven (1770 \u2013 1827): Klav\u00edrne trio B dur, op. 11 \/ III. Tema con variazioni (&#8222;Pria ch&#8217;io l&#8217;impegno&#8220;: Allegretto) (6:46)<br \/>\nIgor Kar\u0161ko, husle, Jozef Lupt\u00e1k, violon\u010delo, Nora Skuta, klav\u00edr<\/p>\n<p>Vladimir Mendelssohn (1949): Ragtime (Aforismi) (3:06)<br \/>\nText: Alessandro Barrico, \u00faryvky z rom\u00e1nov Hodv\u00e1b a Tis\u00edcdev\u00e4\u0165sto<br \/>\nIvana Koval\u010d\u00edkov\u00e1, 1. husle, Martin Ruman, viola Jozef Lupt\u00e1k, violon\u010delo, Alena Hu\u010dkov\u00e1, klav\u00edr, Kamil Mikul\u010d\u00edk, rozpr\u00e1va\u010d<\/p>\n<p>Alexander Albrecht (1885 \u2013 1958): Klav\u00edrne kvinteto, op. 6 \/ III. Scherzo (8:02)<br \/>\nMilan Pa\u013ea, 1. husle, Daniel Rumler, 2. husle, Martin Ruman, viola, Jozef Lupt\u00e1k, violon\u010delo, Alena Hu\u010dkov\u00e1, klav\u00edr<\/p>\n<p>Johannes Brahms (1833 \u2013 1897): Klav\u00edrne kvinteto f mol, op. 34 \/ III. Scherzo: Allegro (7:20)<br \/>\nIgor Kar\u0161ko, 1. husle, Ivana Koval\u010d\u00edkov\u00e1, 2. husle, Martin Ruman, viola, Jozef Lupt\u00e1k, violon\u010delo, Nora Skuta, klav\u00edr<\/p>\n<p>Roman Berger (1930 \u2013 2020): Pathetique (13:25)<br \/>\nJozef Lupt\u00e1k, violon\u010delo, Nora Skuta, klav\u00edr<\/p>\n<p>Mari\u00e1n Varga (1947 \u2013 2017): Smutn\u00e1 rann\u00e1 elektri\u010dka (5:53)<br \/>\narr. Vladislav \u0160ari\u0161sk\u00fd \/ text: Miroslav V\u00e1lek<br \/>\nSisa Feh\u00e9r, spev, Oskar T\u00f6r\u00f6k, tr\u00fabka, Jozef Lupt\u00e1k, violon\u010delo, Vladislav \u0160ari\u0161sk\u00fd, klav\u00edr<\/p>\n<p>Branislav Dugovi\u010d (1978), Boris Lenko (1965): Ida (10 Simple Melodies) (2:54)<br \/>\nBranislav Dugovi\u010d, klarinet, Boris Lenko, bandone\u00f3n<\/p>\n<p>Giovanni Sollima (1962): Casanova&#8217;s Sonata II. \u2013 III. (5:29)<br \/>\nIvana Koval\u010d\u00edkov\u00e1, 1. husle, Daniel Rumler, 2. husle, Martin Ruman, viola, Jozef Lupt\u00e1k, violon\u010delo, Andrej G\u00e1l, violon\u010delo<\/p>\n<p>Medzi horami (Balady) (5:56)<br \/>\nhudba: \u013eudov\u00e1, arr. Robert Pospi\u0161 a Martin Sillay, text: \u013eudov\u00fd\/Robert Pospi\u0161<br \/>\nRobert Pospi\u0161, spev, \u00fastna harmonika, kl\u00e1vesy, Martin Sillay, gitara, Eugen Proch\u00e1c, violon\u010delo, Juraj \u0160u\u0161an\u00edk, bicie<\/p>\n<p>Chv\u00e1lospevy 133 \u2013 134 (Tehillim) (1:58)<br \/>\nhudba: Michal Pa\u013eko, trad., text: Shlomo ben Rivke<br \/>\nMichal Pa\u013eko, Moj\u0161e Band, Milo\u0161 Valent, Solamente Ribelli<\/p>\n<p>Johann Sebastian Bach (1685 \u2013 1750): Aria variata alla maniera italiana BWV 989 (t\u00e9ma) (1:23)<br \/>\nIgor Kar\u0161ko, husle, Jozef Lupt\u00e1k, violon\u010delo<\/p>\n","protected":false},"excerpt":{"rendered":"<p>V\u00fdber koncertov festivalu Konvergencie 2020, ktor\u00e9 ste za\u017eili preva\u017ene online \u2013 \u00a0Bach \/ P\u00e4rt \/ Hummel \/ Beethoven \/ Mendelssohn Albrecht \/ Brahms \/ Berger \/ Varga \/ Dugovi\u010d Sollima \/ Pospi\u0161 &amp; Sillay \/ Moj\u0161e Band<\/p>\n<p><iframe src=\"https:\/\/www.youtube-nocookie.com\/embed\/z-J4K5-VMjE\" width=\"560\" height=\"315\" frameborder=\"0\" allowfullscreen=\"allowfullscreen\"><\/iframe><\/p>\n<p><span style=\"color: #999999;\"><em>Vznik CD z verejn\u00fdch zdrojov podporil Fond na podporu umenia.<\/em><\/span><\/p>\n","protected":false},"featured_media":1986,"template":"","meta":[],"product_brand":[],"product_cat":[16],"product_tag":[],"class_list":{"0":"post-840","1":"product","2":"type-product","3":"status-publish","4":"has-post-thumbnail","6":"product_cat-cd","8":"first","9":"instock","10":"shipping-taxable","11":"purchasable","12":"product-type-simple"},"supplier_id":null,"supplier_sku":"","barcode":null,"atum_controlled":true,"out_stock_date":null,"out_stock_threshold":null,"inheritable":false,"inbound_stock":0,"stock_on_hold":0,"sold_today":0,"sales_last_days":0,"reserved_stock":0,"customer_returns":0,"warehouse_damage":0,"lost_in_post":0,"other_logs":0,"out_stock_days":0,"lost_sales":0,"has_location":false,"update_date":"2026-04-28T23:23:53","atum_locations":[],"atum_stock_status":"instock","restock_status":false,"low_stock_amount":"","sales_update_date":"2026-04-28T23:23:53","calc_backorders":null,"_links":{"self":[{"href":"https:\/\/www.konvergencie.sk\/shop\/wp-json\/wp\/v2\/product\/840","targetHints":{"allow":["GET"]}}],"collection":[{"href":"https:\/\/www.konvergencie.sk\/shop\/wp-json\/wp\/v2\/product"}],"about":[{"href":"https:\/\/www.konvergencie.sk\/shop\/wp-json\/wp\/v2\/types\/product"}],"wp:featuredmedia":[{"embeddable":true,"href":"https:\/\/www.konvergencie.sk\/shop\/wp-json\/wp\/v2\/media\/1986"}],"wp:attachment":[{"href":"https:\/\/www.konvergencie.sk\/shop\/wp-json\/wp\/v2\/media?parent=840"}],"wp:term":[{"taxonomy":"product_brand","embeddable":true,"href":"https:\/\/www.konvergencie.sk\/shop\/wp-json\/wp\/v2\/product_brand?post=840"},{"taxonomy":"product_cat","embeddable":true,"href":"https:\/\/www.konvergencie.sk\/shop\/wp-json\/wp\/v2\/product_cat?post=840"},{"taxonomy":"product_tag","embeddable":true,"href":"https:\/\/www.konvergencie.sk\/shop\/wp-json\/wp\/v2\/product_tag?post=840"}],"curies":[{"name":"wp","href":"https:\/\/api.w.org\/{rel}","templated":true}]}}