{"id":87,"date":"2022-06-01T13:00:58","date_gmt":"2022-06-01T11:00:58","guid":{"rendered":"https:\/\/nechsapaci.info\/konvergencie\/?post_type=product&#038;p=87"},"modified":"2025-12-02T21:16:48","modified_gmt":"2025-12-02T20:16:48","slug":"lullabies","status":"publish","type":"product","link":"https:\/\/www.konvergencie.sk\/shop\/en\/produkt\/lullabies\/","title":{"rendered":"Lullabies (EN booklet)"},"content":{"rendered":"<p><strong>More about the title<\/strong><\/p>\n<p>The idea to record lullabies originated in 2015, when he was exactly as old as our eldest son Jonathan Amos \u2013 fourteen. It took me this long to get them to be recorded for our (and other) children. I thank my friends and great musicians \u2013 Boris, Bra\u0148o, Marcel and \u0160tefan, who have helped me. We are united not only by professional and friendly relationships, but also by the fact that we are all fathers of smaller or bigger children.<\/p>\n<p>Lullabies from Slovakia \u2013 western, central or eastern, but also Ruthenian, Moldovan or even a Croatian one. Each of the musicians were tasked to choose lullabies that spoke to them directly, to which they have a personal relationship. And they each arranged them to their liking.<\/p>\n<p>This created songs that do not underestimate the child as a listener. On the contrary, they value him or her as a precious treasure that can develop with every note heard and played by us. The fact that children can listen to these songs at the most intimate moment, while falling asleep, is our privilege and responsibility to bring something special.<\/p>\n<p><strong>Jozef Lupt\u00e1k, July 2015<\/strong><\/p>\n<p><strong>Album contains<\/strong>: music CD, booklet, folder, illustration, download code<\/p>\n<p><strong>Artists<\/strong>:<br \/>\nJozef Lupt\u00e1k &#8211; cello<br \/>\nBoris Lenko &#8211; accordion, bandoneon<br \/>\n\u0160tefan Bugala &#8211; vibraphone<br \/>\nMarcel Comendant &#8211; dulcimer<br \/>\nBranislav Dugovi\u010d &#8211; clarinet, bass clarinet<\/p>\n<p>Recorded on June 15-18, 2015 in the Great Music Studio RTVS<\/p>\n<p><strong>Mix and mastering<\/strong>: Robert Pospi\u0161 &amp; Martin Sillay \/ Real Music House<\/p>\n<p><strong>Publisher<\/strong>: Konvergencie, 2015<\/p>\n<p><strong>VERSION: Slovak + English<\/strong><\/p>\n<p><strong>Playlist<\/strong><\/p>\n<ol>\n<li>USP\u00c1VANKA, M. Schneider\u2013Trnavsk\u00fd, arr. \u0160tefan Bugala<\/li>\n<li>MARUTA, moldavsk\u00e1, arr. Marcel Comendant<\/li>\n<li>\u010cIERNE O\u010cI, slovensk\u00e1, arr. \u0160tefan Bugala<\/li>\n<li>OVE\u010cKA, Ivan Valenta, arr. Jozef Lupt\u00e1k<\/li>\n<li>DOINA, moldavsk\u00e1, arr. Marcel Comendant<\/li>\n<li>A \u013dU\u013dAJ MI, \u013dU\u013dAJ, rus\u00ednska, arr. Boris Lenko<\/li>\n<li>ZAHRAJTE MI TICH\u00da\u010cKO, slovensk\u00e1, arr. \u0160tefan Bugala<\/li>\n<li>BELI\u017dE MI, BELI, slovensk\u00e1 (Hrocho\u0165), arr. Jozef Lupt\u00e1k<\/li>\n<li>EJA, \u013dU\u013dU MI, \u013dU\u013dU 1, rus\u00ednska, arr. Boris Lenko<\/li>\n<li>EJA, \u013dU\u013dU MI, \u013dU\u013dU 2, rus\u00ednska, arr. Boris Lenko<\/li>\n<li>PASTIER, \u010cO ST\u00c1DO MILUJE, slovensk\u00e1, arr. Jozef Lupt\u00e1k<\/li>\n<li>SPI, DIE\u0164ATKO, SPI, slovensk\u00e1, arr. Branislav Dugovi\u010d<\/li>\n<li>U\u0160NI\u017dE MI, U\u0160NI, slovensk\u00e1 (\u0160ari\u0161), arr. Boris Lenko<\/li>\n<li>LIMBORA, slovensk\u00e1, arr. Branislav Dugovi\u010d<\/li>\n<li>ZASPAL PAVE, chorv\u00e1tska (istrijsk\u00e1), arr. Boris Lenko<\/li>\n<li>\u013dU\u013dAJ MI, \u013dULAJ, SOKOLE, rus\u00ednska, arr. Boris Lenko<\/li>\n<li>DOBR\u00da NOC, M\u00c1 MIL\u00c1, slovensk\u00e1, arr. Branislav Dugovi\u010d<\/li>\n<li>NANI NANI, moldavsk\u00e1, arr. Marcel Comendant<\/li>\n<\/ol>\n<p>Facebook: <a href=\"https:\/\/www.facebook.com\/cduspavanky\">https:\/\/www.facebook.com\/cduspavanky<\/a><\/p>\n","protected":false},"excerpt":{"rendered":"<p>Instrumental lullabies not only for children from Slovakia, Moldova, Ruthenia and Croatia.<br \/>\n<strong><em>Contains CD + code to download music<\/em><\/strong><\/p>\n<p><iframe title=\"YouTube video player\" src=\"https:\/\/www.youtube.com\/embed\/P-GNWVSDkTE\" width=\"560\" height=\"315\" frameborder=\"0\" allowfullscreen=\"allowfullscreen\"><\/iframe><\/p>\n<style>\n      .gombik {<br \/>        background-color: #000000;<br \/>        border: none;<br \/>        color: white;<br \/>        padding: 10px 20px;<br \/>        text-align: center;<br \/>        text-decoration: none;<br \/>        display: inline-block;<br \/>        font-size: 16px;<br \/>        font-weight: normal;<br \/>        margin: 4px 2px;<br \/>        cursor: pointer;<br \/>      }<br \/>    <\/style>\n<p><a class=\"gombik\" href=\"https:\/\/konvergencie.bandcamp.com\/album\/lullabies-usp-vanky\">Buy digital album (8,30 \u20ac)<\/a><\/p>\n","protected":false},"featured_media":1941,"template":"","meta":[],"product_brand":[],"product_cat":[54],"product_tag":[],"class_list":{"0":"post-87","1":"product","2":"type-product","3":"status-publish","4":"has-post-thumbnail","6":"product_cat-cd-en","8":"first","9":"instock","10":"shipping-taxable","11":"purchasable","12":"product-type-simple"},"supplier_id":null,"supplier_sku":"","barcode":null,"atum_controlled":true,"out_stock_date":null,"out_stock_threshold":null,"inheritable":false,"inbound_stock":0,"stock_on_hold":0,"sold_today":0,"sales_last_days":0,"reserved_stock":0,"customer_returns":0,"warehouse_damage":0,"lost_in_post":0,"other_logs":0,"out_stock_days":0,"lost_sales":0,"has_location":false,"update_date":"2026-04-30T23:57:36","atum_locations":[],"atum_stock_status":"instock","restock_status":false,"low_stock_amount":3,"sales_update_date":"2026-04-30T23:57:36","calc_backorders":null,"_links":{"self":[{"href":"https:\/\/www.konvergencie.sk\/shop\/wp-json\/wp\/v2\/product\/87","targetHints":{"allow":["GET"]}}],"collection":[{"href":"https:\/\/www.konvergencie.sk\/shop\/wp-json\/wp\/v2\/product"}],"about":[{"href":"https:\/\/www.konvergencie.sk\/shop\/wp-json\/wp\/v2\/types\/product"}],"wp:featuredmedia":[{"embeddable":true,"href":"https:\/\/www.konvergencie.sk\/shop\/wp-json\/wp\/v2\/media\/1941"}],"wp:attachment":[{"href":"https:\/\/www.konvergencie.sk\/shop\/wp-json\/wp\/v2\/media?parent=87"}],"wp:term":[{"taxonomy":"product_brand","embeddable":true,"href":"https:\/\/www.konvergencie.sk\/shop\/wp-json\/wp\/v2\/product_brand?post=87"},{"taxonomy":"product_cat","embeddable":true,"href":"https:\/\/www.konvergencie.sk\/shop\/wp-json\/wp\/v2\/product_cat?post=87"},{"taxonomy":"product_tag","embeddable":true,"href":"https:\/\/www.konvergencie.sk\/shop\/wp-json\/wp\/v2\/product_tag?post=87"}],"curies":[{"name":"wp","href":"https:\/\/api.w.org\/{rel}","templated":true}]}}