{"id":93,"date":"2020-04-18T12:58:45","date_gmt":"2020-04-18T10:58:45","guid":{"rendered":"http:\/\/nechsapaci.info\/konvergencie\/?post_type=product&#038;p=18"},"modified":"2025-12-02T21:18:25","modified_gmt":"2025-12-02T20:18:25","slug":"free-in-one-2","status":"publish","type":"product","link":"https:\/\/www.konvergencie.sk\/shop\/en\/produkt\/free-in-one-2\/","title":{"rendered":"Free in One &#8211; Jozef Lupt\u00e1k \/ cello, voice, beatbox"},"content":{"rendered":"<p>When I was a little boy, in addition to cello, I really wanted to play the drums. So I learned to play the drums privately for a while. I often sang melodies for myself, to which I simultaneously created oral rhythms. I mixed them with melodies and created my own music world. I only dared to connect with the cello when I was thirty and preparing a CELLO project dedicated to Johann Sebastian Bach. Since then, I have gradually incorporated this connection into solo concert programs and it has become part of my own musical language. I tried to record them on CD 15 years ago, but I was not satisfied with the result. But now the right time has come and I am happy to present you Free in One &#8211; cello, my voice and oral rhythms &#8211; my own compositions complemented by compositions by Tavener, Bloch and God\u00e1r.<\/p>\n<p>It will be an honor for you to be drawn into the sound and space of the music of my songs and thus support the creation of this CD. Thank you in advance for your support.<\/p>\n<p>Jozef Lupt\u00e1k<\/p>\n<p><strong>FREE in ONE \u2013 Jozef Lupt\u00e1k<\/strong><\/p>\n<p><span style=\"font-weight: 400;\">violon\u010delo, hlas, beatbox ~ <\/span><i><span style=\"font-weight: 400;\">cello, voice and beatbox\u00a0<\/span><\/i><\/p>\n<ol>\n<li style=\"font-weight: 400;\"><i><span style=\"font-weight: 400;\">Song Without Words <\/span><\/i><span style=\"font-weight: 400;\">\u2013 Piese\u0148 bez slov \u2013 3:56 (Jozef Lupt\u00e1k)<\/span><\/li>\n<li style=\"font-weight: 400;\"><i><span style=\"font-weight: 400;\">Six Months<\/span><\/i><span style=\"font-weight: 400;\"> \u2013 \u0160es\u0165 mesiacov \u2013 2:32 (Jozef Lupt\u00e1k)<\/span><\/li>\n<li style=\"font-weight: 400;\"><i><span style=\"font-weight: 400;\">Deep Breath<\/span><\/i><span style=\"font-weight: 400;\"> \u2013 Hlbok\u00fd n\u00e1dych \u2013 5:42 (Jozef Lupt\u00e1k)<\/span><\/li>\n<li style=\"font-weight: 400;\"><i><span style=\"font-weight: 400;\">Jewish Prayer<\/span><\/i><span style=\"font-weight: 400;\"> \u2013 \u017didovsk\u00e1 modlitba \u2013 3:35 (Ernest Bloch)<\/span><\/li>\n<li style=\"font-weight: 400;\"><i><span style=\"font-weight: 400;\">Gitanjali<\/span><\/i><span style=\"font-weight: 400;\"> \u2013 Git\u00e1nd\u017eali \u2013 5:28 (Jozef Lupt\u00e1k)\u00a0<\/span><\/li>\n<li style=\"font-weight: 400;\"><i><span style=\"font-weight: 400;\">Threnos<\/span><\/i><span style=\"font-weight: 400;\"> \u2013 Threnos \u2013 5:18 (John Tavener)<\/span><\/li>\n<li style=\"font-weight: 400;\"><i><span style=\"font-weight: 400;\">Waiting<\/span><\/i><span style=\"font-weight: 400;\"> \u2013 \u010cakanie \u2013 5:46 (Jozef Lupt\u00e1k)\u00a0<\/span><\/li>\n<li style=\"font-weight: 400;\"><i><span style=\"font-weight: 400;\">O, Crux, meditation for solo cello<\/span><\/i><span style=\"font-weight: 400;\"> \u2013 \u00d3, Crux, medit\u00e1cia pre s\u00f3lov\u00e9 violon\u010delo \u2013 9:04 (Vladim\u00edr God\u00e1r)<\/span><\/li>\n<li style=\"font-weight: 400;\"><i><span style=\"font-weight: 400;\">Three In One<\/span><\/i><span style=\"font-weight: 400;\"> \u2013 Tri v jednom 4:25 (Jozef Lupt\u00e1k)<\/span><\/li>\n<\/ol>\n","protected":false},"excerpt":{"rendered":"<p><a href=\"https:\/\/konvergencie.bandcamp.com\/album\/free-in-one\">Buy digital album<\/a><\/p>\n","protected":false},"featured_media":1949,"template":"","meta":[],"product_brand":[],"product_cat":[54],"product_tag":[],"class_list":{"0":"post-93","1":"product","2":"type-product","3":"status-publish","4":"has-post-thumbnail","6":"product_cat-cd-en","8":"first","9":"instock","10":"shipping-taxable","11":"purchasable","12":"product-type-simple"},"supplier_id":null,"supplier_sku":"","barcode":null,"atum_controlled":true,"out_stock_date":null,"out_stock_threshold":null,"inheritable":false,"inbound_stock":0,"stock_on_hold":0,"sold_today":0,"sales_last_days":0,"reserved_stock":0,"customer_returns":0,"warehouse_damage":0,"lost_in_post":0,"other_logs":0,"out_stock_days":0,"lost_sales":0,"has_location":false,"update_date":"2026-04-30T23:57:35","atum_locations":[],"atum_stock_status":"instock","restock_status":false,"low_stock_amount":5,"sales_update_date":"2026-04-30T23:57:35","calc_backorders":null,"_links":{"self":[{"href":"https:\/\/www.konvergencie.sk\/shop\/wp-json\/wp\/v2\/product\/93","targetHints":{"allow":["GET"]}}],"collection":[{"href":"https:\/\/www.konvergencie.sk\/shop\/wp-json\/wp\/v2\/product"}],"about":[{"href":"https:\/\/www.konvergencie.sk\/shop\/wp-json\/wp\/v2\/types\/product"}],"wp:featuredmedia":[{"embeddable":true,"href":"https:\/\/www.konvergencie.sk\/shop\/wp-json\/wp\/v2\/media\/1949"}],"wp:attachment":[{"href":"https:\/\/www.konvergencie.sk\/shop\/wp-json\/wp\/v2\/media?parent=93"}],"wp:term":[{"taxonomy":"product_brand","embeddable":true,"href":"https:\/\/www.konvergencie.sk\/shop\/wp-json\/wp\/v2\/product_brand?post=93"},{"taxonomy":"product_cat","embeddable":true,"href":"https:\/\/www.konvergencie.sk\/shop\/wp-json\/wp\/v2\/product_cat?post=93"},{"taxonomy":"product_tag","embeddable":true,"href":"https:\/\/www.konvergencie.sk\/shop\/wp-json\/wp\/v2\/product_tag?post=93"}],"curies":[{"name":"wp","href":"https:\/\/api.w.org\/{rel}","templated":true}]}}