{"id":94,"date":"2020-04-18T12:58:45","date_gmt":"2020-04-18T10:58:45","guid":{"rendered":"http:\/\/nechsapaci.info\/konvergencie\/?post_type=product&#038;p=18"},"modified":"2025-05-22T15:45:42","modified_gmt":"2025-05-22T13:45:42","slug":"free-in-one-3","status":"publish","type":"product","link":"https:\/\/www.konvergencie.sk\/shop\/de\/produkt\/free-in-one-3\/","title":{"rendered":"Free in One &#8211; Jozef Lupt\u00e1k \/ cello, voice, beatbox"},"content":{"rendered":"<p>Als ich ein kleiner Junge war, wollte ich neben Cello unbedingt Schlagzeug spielen. Also habe ich eine Weile gelernt, privat Schlagzeug zu spielen. Ich habe oft Melodien f\u00fcr mich selbst gesungen, zu denen ich gleichzeitig m\u00fcndliche Rhythmen kreierte. Ich habe sie mit Melodien gemischt und meine eigene Musikwelt geschaffen. Ich habe es erst gewagt, mich mit drei\u00dfig Jahren mit dem Cello zu verbinden und ein CELLO-Projekt vorzubereiten, das Johann Sebastian Bach gewidmet ist. Seitdem habe ich diese Verbindung nach und nach in Solokonzertprogramme integriert und sie ist Teil meiner eigenen Musiksprache geworden. Ich habe vor 15 Jahren versucht, sie auf CD aufzunehmen, war aber mit dem Ergebnis nicht zufrieden. Aber jetzt ist der richtige Zeitpunkt gekommen und ich freue mich, Ihnen Free in One &#8211; Cello, meine Stimme und meine m\u00fcndlichen Rhythmen &#8211; meine eigenen Kompositionen zu pr\u00e4sentieren, erg\u00e4nzt durch Kompositionen von Tavener, Bloch und God\u00e1r.<\/p>\n<p>Es ist Ihnen eine Ehre, in den Klang und den Raum der Musik meiner Songs hineingezogen zu werden und so die Erstellung dieser CD zu unterst\u00fctzen. Vielen Dank im Voraus f\u00fcr Ihre Unterst\u00fctzung.<\/p>\n<p>Jozef Lupt\u00e1k<\/p>\n<p><strong>FREE in ONE \u2013 Jozef Lupt\u00e1k<\/strong><\/p>\n<p><span style=\"font-weight: 400;\">violon\u010delo, hlas, beatbox ~ <\/span><i><span style=\"font-weight: 400;\">cello, voice and beatbox\u00a0<\/span><\/i><\/p>\n<ol>\n<li style=\"font-weight: 400;\"><i><span style=\"font-weight: 400;\">Song Without Words <\/span><\/i><span style=\"font-weight: 400;\">\u2013 Piese\u0148 bez slov \u2013 3:56 (Jozef Lupt\u00e1k)<\/span><\/li>\n<li style=\"font-weight: 400;\"><i><span style=\"font-weight: 400;\">Six Months<\/span><\/i><span style=\"font-weight: 400;\"> \u2013 \u0160es\u0165 mesiacov \u2013 2:32 (Jozef Lupt\u00e1k)<\/span><\/li>\n<li style=\"font-weight: 400;\"><i><span style=\"font-weight: 400;\">Deep Breath<\/span><\/i><span style=\"font-weight: 400;\"> \u2013 Hlbok\u00fd n\u00e1dych \u2013 5:42 (Jozef Lupt\u00e1k)<\/span><\/li>\n<li style=\"font-weight: 400;\"><i><span style=\"font-weight: 400;\">Jewish Prayer<\/span><\/i><span style=\"font-weight: 400;\"> \u2013 \u017didovsk\u00e1 modlitba \u2013 3:35 (Ernest Bloch)<\/span><\/li>\n<li style=\"font-weight: 400;\"><i><span style=\"font-weight: 400;\">Gitanjali<\/span><\/i><span style=\"font-weight: 400;\"> \u2013 Git\u00e1nd\u017eali \u2013 5:28 (Jozef Lupt\u00e1k)\u00a0<\/span><\/li>\n<li style=\"font-weight: 400;\"><i><span style=\"font-weight: 400;\">Threnos<\/span><\/i><span style=\"font-weight: 400;\"> \u2013 Threnos \u2013 5:18 (John Tavener)<\/span><\/li>\n<li style=\"font-weight: 400;\"><i><span style=\"font-weight: 400;\">Waiting<\/span><\/i><span style=\"font-weight: 400;\"> \u2013 \u010cakanie \u2013 5:46 (Jozef Lupt\u00e1k)\u00a0<\/span><\/li>\n<li style=\"font-weight: 400;\"><i><span style=\"font-weight: 400;\">O, Crux, meditation for solo cello<\/span><\/i><span style=\"font-weight: 400;\"> \u2013 \u00d3, Crux, medit\u00e1cia pre s\u00f3lov\u00e9 violon\u010delo \u2013 9:04 (Vladim\u00edr God\u00e1r)<\/span><\/li>\n<li style=\"font-weight: 400;\"><i><span style=\"font-weight: 400;\">Three In One<\/span><\/i><span style=\"font-weight: 400;\"> \u2013 Tri v jednom 4:25 (Jozef Lupt\u00e1k)<\/span><\/li>\n<\/ol>\n","protected":false},"excerpt":{"rendered":"<p><a class=\"gombik\" href=\"https:\/\/konvergencie.bandcamp.com\/album\/spev\">Digitales Album kaufen<\/a><\/p>\n","protected":false},"featured_media":1993,"template":"","meta":[],"product_brand":[],"product_cat":[56],"product_tag":[],"class_list":{"0":"post-94","1":"product","2":"type-product","3":"status-publish","4":"has-post-thumbnail","6":"product_cat-cd-de","8":"first","9":"instock","10":"shipping-taxable","11":"purchasable","12":"product-type-simple"},"supplier_id":null,"supplier_sku":"","barcode":null,"atum_controlled":true,"out_stock_date":null,"out_stock_threshold":null,"inheritable":false,"inbound_stock":0,"stock_on_hold":0,"sold_today":0,"sales_last_days":0,"reserved_stock":0,"customer_returns":0,"warehouse_damage":0,"lost_in_post":0,"other_logs":0,"out_stock_days":0,"lost_sales":0,"has_location":false,"update_date":"2026-04-28T23:23:50","atum_locations":[],"atum_stock_status":"instock","restock_status":false,"low_stock_amount":5,"sales_update_date":"2026-04-28T23:23:49","calc_backorders":null,"_links":{"self":[{"href":"https:\/\/www.konvergencie.sk\/shop\/wp-json\/wp\/v2\/product\/94","targetHints":{"allow":["GET"]}}],"collection":[{"href":"https:\/\/www.konvergencie.sk\/shop\/wp-json\/wp\/v2\/product"}],"about":[{"href":"https:\/\/www.konvergencie.sk\/shop\/wp-json\/wp\/v2\/types\/product"}],"wp:featuredmedia":[{"embeddable":true,"href":"https:\/\/www.konvergencie.sk\/shop\/wp-json\/wp\/v2\/media\/1993"}],"wp:attachment":[{"href":"https:\/\/www.konvergencie.sk\/shop\/wp-json\/wp\/v2\/media?parent=94"}],"wp:term":[{"taxonomy":"product_brand","embeddable":true,"href":"https:\/\/www.konvergencie.sk\/shop\/wp-json\/wp\/v2\/product_brand?post=94"},{"taxonomy":"product_cat","embeddable":true,"href":"https:\/\/www.konvergencie.sk\/shop\/wp-json\/wp\/v2\/product_cat?post=94"},{"taxonomy":"product_tag","embeddable":true,"href":"https:\/\/www.konvergencie.sk\/shop\/wp-json\/wp\/v2\/product_tag?post=94"}],"curies":[{"name":"wp","href":"https:\/\/api.w.org\/{rel}","templated":true}]}}