{"id":98,"date":"2020-04-18T12:59:19","date_gmt":"2020-04-18T10:59:19","guid":{"rendered":"https:\/\/nechsapaci.info\/konvergencie\/?post_type=product&#038;p=98"},"modified":"2025-05-22T15:21:02","modified_gmt":"2025-05-22T13:21:02","slug":"more-chassidic-songs-3","status":"publish","type":"product","link":"https:\/\/www.konvergencie.sk\/shop\/de\/produkt\/more-chassidic-songs-3\/","title":{"rendered":"More Chassidic Songs (Myers-Valent-Lupt\u00e1k-Lenko)"},"content":{"rendered":"<p><strong>Mehr zum Titel<\/strong><\/p>\n<p>Chassidische Lieder werden dein Herz erobern. Sie sind alt und neu, gl\u00fccklich und traurig, mit und ohne Worte, voller starker Emotionen. Melodien spielen unter ihnen eine wichtige Rolle, denn nach chassidischen Lehren schr\u00e4nken W\u00f6rter den spirituellen Ausdruck ein. Es gibt jedoch auch Lieder mit Texten, die aus Geschichten oder Psalmen stammen. In einer perfekten Interpretation der professionellen Musiker Jozef Lupt\u00e1k, Boris Lenko und Milo\u0161 Valent unter der Leitung von Rabbi Baruch Myers bieten sie ein au\u00dfergew\u00f6hnliches Erlebnis. Das Projekt wurde erstmals 2008 beim Convergence Festival aufgef\u00fchrt und hat seitdem eine Reihe von Konzertauftritten und zwei CD-Titel.<\/p>\n<p>&#8222;Chassidische Lieder sind eine Reise vom Alten zum Neuen, von der Folklore zum Jazz, von der tiefen Heiligkeit zum profanen Alltag, eine Reise vom Heiligtum der Synagoge zum Hof \u200b\u200bder Heiden. Von dieser Reise aus k\u00f6nnen Sie eine friedliche, fast romantische Landschaft sehen, aber auch einen \u00e4ngstlichen Abgrund. Wir ruhen uns auf den Gipfeln der Berge aus und entkommen dem Tal des Tons des Todes. Es ist eine sch\u00f6ne und abenteuerliche Reise. \u201cJuraj Ku\u0161nierik, 2010<\/p>\n<p><strong>Album enth\u00e4lt<\/strong>: Musik-CD, Booklet<\/p>\n<p>Aufgenommen von Oktober 2016 bis Januar 2017 im Big Concert Studio RTVS<\/p>\n<p><strong>Aufnahme, Mix und Mastering<\/strong>: Robert Pospi\u0161 &amp; Martin Sillay \/ Real Music House<\/p>\n<p><strong>Herausgeber<\/strong>: Konvergencie, 2017<\/p>\n<p><strong>Wiedergabeliste<\/strong><\/p>\n<ol>\n<li>Im Esak Shamayim<\/li>\n<li>Alter Rebbes Nigun<\/li>\n<li>Nigun Shabbes Ve-Yom Tov<\/li>\n<li>Harninu Goyim Amo<\/li>\n<li>Zhebiner Hartz<\/li>\n<li>Nye Zhuritzi Chlaptzi &#8211; Chot Mi Chudi<\/li>\n<li>Nigun von Sholom Charitonow<\/li>\n<li>M\u00e4rz<\/li>\n<li>Ribono Shel Olam<\/li>\n<li>Eh, du kleine Erde<\/li>\n<\/ol>\n","protected":false},"excerpt":{"rendered":"<p>Die zweite Fortsetzung des erfolgreichen Titels Chassidische Lieder von Bratislava Rabbi Baruch Myers und den Hauptdarstellern Boris Lenko, Jozef Lupt\u00e1k und Milo\u0161 Valent.<\/p>\n<style>\n      .gombik {<br \/>\n        background-color: #000000;<br \/>\n        border: none;<br \/>\n        color: white;<br \/>\n        padding: 10px 20px;<br \/>\n        text-align: center;<br \/>\n        text-decoration: none;<br \/>\n        display: inline-block;<br \/>\n        font-size: 16px;<br \/>\n        font-weight: normal;<br \/>\n        margin: 4px 2px;<br \/>\n        cursor: pointer;<br \/>\n      }<br \/>\n    <\/style>\n<p><a class=\"gombik\" href=\"https:\/\/konvergencie.bandcamp.com\/album\/more-chassidic-songs\">Digitales Album kaufen<\/a><\/p>\n","protected":false},"featured_media":1991,"template":"","meta":[],"product_brand":[],"product_cat":[56],"product_tag":[],"class_list":{"0":"post-98","1":"product","2":"type-product","3":"status-publish","4":"has-post-thumbnail","6":"product_cat-cd-de","8":"first","9":"instock","10":"shipping-taxable","11":"purchasable","12":"product-type-simple"},"supplier_id":null,"supplier_sku":"","barcode":null,"atum_controlled":true,"out_stock_date":null,"out_stock_threshold":null,"inheritable":false,"inbound_stock":0,"stock_on_hold":0,"sold_today":0,"sales_last_days":0,"reserved_stock":0,"customer_returns":0,"warehouse_damage":0,"lost_in_post":0,"other_logs":0,"out_stock_days":0,"lost_sales":0,"has_location":false,"update_date":"2026-04-28T23:23:46","atum_locations":[],"atum_stock_status":"instock","restock_status":false,"low_stock_amount":5,"sales_update_date":"2026-04-28T23:23:46","calc_backorders":null,"_links":{"self":[{"href":"https:\/\/www.konvergencie.sk\/shop\/wp-json\/wp\/v2\/product\/98","targetHints":{"allow":["GET"]}}],"collection":[{"href":"https:\/\/www.konvergencie.sk\/shop\/wp-json\/wp\/v2\/product"}],"about":[{"href":"https:\/\/www.konvergencie.sk\/shop\/wp-json\/wp\/v2\/types\/product"}],"wp:featuredmedia":[{"embeddable":true,"href":"https:\/\/www.konvergencie.sk\/shop\/wp-json\/wp\/v2\/media\/1991"}],"wp:attachment":[{"href":"https:\/\/www.konvergencie.sk\/shop\/wp-json\/wp\/v2\/media?parent=98"}],"wp:term":[{"taxonomy":"product_brand","embeddable":true,"href":"https:\/\/www.konvergencie.sk\/shop\/wp-json\/wp\/v2\/product_brand?post=98"},{"taxonomy":"product_cat","embeddable":true,"href":"https:\/\/www.konvergencie.sk\/shop\/wp-json\/wp\/v2\/product_cat?post=98"},{"taxonomy":"product_tag","embeddable":true,"href":"https:\/\/www.konvergencie.sk\/shop\/wp-json\/wp\/v2\/product_tag?post=98"}],"curies":[{"name":"wp","href":"https:\/\/api.w.org\/{rel}","templated":true}]}}